{"id":1416,"date":"2026-02-09T13:00:40","date_gmt":"2026-02-09T13:00:40","guid":{"rendered":"https:\/\/bonus-kong.org\/app-2\/"},"modified":"2026-02-09T18:01:15","modified_gmt":"2026-02-09T18:01:15","slug":"app","status":"publish","type":"page","link":"https:\/\/bonus-kong.org\/de\/app\/","title":{"rendered":"App"},"content":{"rendered":"<h1>Bonus Kong auf Mobilger\u00e4ten<\/h1>\n<p>Die Bonuskong App ist Ihr Weg zu spannenden Online-Spielen auf dem Handy. Unsere Bonuskong PWA ist praktisch und leistungsstark, sodass Benutzer bequem und jederzeit auf ihre bevorzugten Casinospiele zugreifen k\u00f6nnen: Karten, Live-Casino-Optionen, Sofortgewinne und Slots. Mit der Smartphone-App k\u00f6nnen Sie alle unsere Titel genie\u00dfen.<\/p>\n<p>Bonuskong Casino bietet mit seiner vielseitigen mobilen L\u00f6sung ein Spielerlebnis von h\u00f6chster Qualit\u00e4t f\u00fcr unterwegs oder zu Hause.<\/p>\n<div class=\"banner-wrap\" aria-label=\"Banner\"><img src=\"https:\/\/bonus-kong.org\/wp-content\/uploads\/2026\/02\/bonuskong-desktop-banner.webp\" class=\"w-100 d-none d-lg-block img-pc main-banner-img\" alt=\"bonuskong desktop banner\" fetchpriority=\"high\" decoding=\"async\"><img src=\"https:\/\/bonus-kong.org\/wp-content\/uploads\/2026\/02\/bonuskong-mobile.webp\" class=\"w-100 d-none d-md-block d-lg-none main-banner-img\" alt=\"bonuskong mobile banner\" fetchpriority=\"high\" decoding=\"async\"><img src=\"https:\/\/bonus-kong.org\/wp-content\/uploads\/2026\/02\/bonuskong-mobile.webp\" class=\"w-100 d-md-none\" alt=\"bonuskong mobile banner\" fetchpriority=\"high\" decoding=\"async\"><div class=\"banner-description\">\n<div class=\"banner-title\">Willkommensboni<\/div>\n<p class=\"banner-header-title\">1500 \u20ac<\/p>\n<div class=\"banner-header-AdditionalText\">+ 250 Freispiele<\/div>\n<button data-item=\"homepage_banner_link\" class=\"goto m-button m-gradient-border m-button--primary m-button--large banner-button btn-orange\">\n            <div class=\"m-button-content\">\n                <span>Jetzt anmelden<\/span>\n                <span><\/span>\n            <\/div>\n        <\/button>\n<\/div>\n<div class=\"WelcomePack\">\n<p><img loading=\"lazy\" decoding=\"async\" class=\"alignnone size-full wp-image-1335\" src=\"https:\/\/bonus-kong.org\/wp-content\/uploads\/2026\/02\/welcome-crown.png\" alt=\"welcome crown\" width=\"25\" height=\"26\" \/><\/p>\n<div class=\"WelcomePack-Info\">W\u00f6chentlicher Cashback von bis zu 25 %<\/div>\n<p><img loading=\"lazy\" decoding=\"async\" class=\"alignnone size-full wp-image-1335\" src=\"https:\/\/bonus-kong.org\/wp-content\/uploads\/2026\/02\/welcome-crown.png\" alt=\"welcome crown\" width=\"25\" height=\"26\" \/><\/p>\n<\/div>\n<\/div>\n<h2>Bonuskong-Optionen f\u00fcr den mobilen Zugriff<\/h2>\n<p>Bonuskong Casino ist auf Mobilger\u00e4ten und auf unserer Plattform auf verschiedene Weise verf\u00fcgbar, um den Bed\u00fcrfnissen und F\u00e4higkeiten verschiedener Nutzer gerecht zu werden. Beide Optionen funktionieren hervorragend und gew\u00e4hrleisten ein hohes Ma\u00df an Leistung, Sicherheit und Benutzerfreundlichkeit, sodass Spieler ihre Lieblingsspiele genie\u00dfen k\u00f6nnen, ohne die Leistung zu beeintr\u00e4chtigen.<\/p>\n<p>Aber warum sollten Sie die Bonuskong App dem Desktop vorziehen? Wir erkl\u00e4ren es Ihnen jetzt:<\/p>\n<ul>\n<li>Reibungsloses Spielen: Spielen Sie Ihre Lieblingsspiele unterwegs mit einer mobilen Plattform, die f\u00fcr schnelle Ladezeiten und Reaktionsf\u00e4higkeit optimiert wurde.<\/li>\n<li>Einfach zu bedienen: Wir haben eine gro\u00dfartige, benutzerfreundliche Oberfl\u00e4che f\u00fcr Spieler.<\/li>\n<li>Vollst\u00e4ndiger Zugriff rund um die Uhr: Egal, ob Sie pendeln, zu Hause sind oder sich ausruhen \u2013 mit der Bonuskong App k\u00f6nnen Sie sich einfach einloggen und spielen, wann immer Sie m\u00f6chten.<\/li>\n<li>Sicher und stark: Spielen Sie ohne Sorgen, denn alle Transaktionen und pers\u00f6nlichen Daten werden von Bonus Kong Casino gesch\u00fctzt.<\/li>\n<li>Kompatibel mit iOS und Android: Bonuskong Casino ist mit allen Arten von Smartphones und Tablets kompatibel.<\/li>\n<\/ul>\n<p><div class=\"scrollable-content-wrap my-5\"><div class=\"scrollable-content-inner\"><h2>Bonuskong iOS-App<\/h2>\n<p>Die Bonuskong App f\u00fcr iOS wurde so konzipiert, dass sie Nutzern von Apple-Ger\u00e4ten ein reibungsloses und intuitives Spielerlebnis bietet. Sie verf\u00fcgt \u00fcber sehr schnelle Ladezeiten und eine hohe Sicherheit, was das Spielen zu einem sicheren Erlebnis macht. Die iOS-Anwendung erm\u00f6glicht den einfachen und sofortigen Zugriff auf verschiedene Arten von Online Slots und Live-Dealer-Spielen. Au\u00dferdem aktualisieren wir unsere App regelm\u00e4\u00dfig. Mit jedem Update werden Sie feststellen, dass sie noch funktionaler ist und neue Bonuskong Casino-Funktionen bietet. Sie ist f\u00fcr die Verwendung mit iPhone und iPad optimiert und bietet scharfe Bilder und Steuerelemente.<\/p>\n<p><img loading=\"lazy\" decoding=\"async\" src=\"https:\/\/bonus-kong.org\/wp-content\/uploads\/2026\/02\/Bonuskong-iOS.webp\" alt=\"Bonuskong iOS\" width=\"1248\" height=\"536\" \/><\/p>\n<\/div><\/div><div style=\"clear: both\"><\/div><div class=\"d-flex justify-content-center\"><button data-item=\"decouvrez_link\" data-group=\"website_links\" class=\"goto fw-bold rounded-pill btn btn-orange\" aria-label=\"Laden Sie die Bonuskong-App herunter\" >Laden Sie die Bonuskong-App herunter<\/button><\/div><div class=\"scrollable-content-wrap my-5\"><div class=\"scrollable-content-inner\"><h2>Bonuskong Android App<\/h2>\n<p>Die Android-Version der Bonuskong Android-App ist eine leistungsstarke PWA. Sie ist ein echtes Geschenk f\u00fcr mobile Casino Spieler. Sie unterst\u00fctzt au\u00dferdem eine Vielzahl von Android-Smartphones und -Tablets und bietet ihnen eine stabile Verbindung und hochwertige Grafiken. Die App wurde so entwickelt, dass sie schnell zu installieren ist. Sie wird automatisch aktualisiert. Spieler verpassen nie die neuesten Updates und Patches. Das benutzerfreundliche Design erm\u00f6glicht eine schnelle Navigation in den Kategorien Spiele, Werbeaktionen und Kontoverwaltung. Unsere PWA bietet insgesamt ein sehr angenehmes Spielerlebnis. Die Bonuskong-APK-Dateien sind nicht mehr aktiv. Aus diesem Grund ist die Bonuskong-PWA viel besser, und davon k\u00f6nnen Sie sich selbst \u00fcberzeugen.<\/p>\n<p><img loading=\"lazy\" decoding=\"async\" src=\"https:\/\/bonus-kong.org\/wp-content\/uploads\/2026\/02\/Bonuskong-Android.webp\" alt=\"Bonuskong Android\" width=\"1248\" height=\"536\" \/><\/p>\n<\/div><\/div><div style=\"clear: both\"><\/div><div class=\"d-flex justify-content-center\"><button data-item=\"decouvrez_link\" data-group=\"website_links\" class=\"goto fw-bold rounded-pill btn btn-orange\" aria-label=\"Bonuskong herunterladen\" >Bonuskong herunterladen<\/button><\/div><div class=\"scrollable-content-wrap my-5\"><div class=\"scrollable-content-inner\"><h2>Windows- und Mac-Anwendungen<\/h2>\n<p>Neben mobilen L\u00f6sungen bietet Bonuskong Casino auch Desktop-Versionen f\u00fcr Windows- und Mac-Betriebssysteme f\u00fcr einen vollst\u00e4ndigen \u00dcberblick. Dabei handelt es sich um bildschirmbasierte Anwendungen, die f\u00fcr die Verwendung auf gr\u00f6\u00dferen Bildschirmen optimiert sind und hochaufl\u00f6sende Grafiken und ausgefeilte Funktionen bieten. Sie verf\u00fcgen au\u00dferdem \u00fcber n\u00fctzliche Optionen wie einen Live-Chat mit dem Support-Team und einen schnellen Verifizierungsprozess, sodass Spieler ein umfassendes Spielerlebnis mit der Flexibilit\u00e4t des Desktop-Zugriffs genie\u00dfen k\u00f6nnen.<\/p>\n<p>Nun haben wir Ihnen verschiedene Bonus Kong Versionen vorgestellt, aber f\u00fcr welche sollten Sie sich letztendlich entscheiden? Werfen Sie einen Blick auf die von uns erstellte Vergleichstabelle und treffen Sie Ihre Entscheidung:<\/p>\n<table>\n<tbody>\n<tr>\n<td>Software<\/td>\n<td>Zugriffsmethode<\/td>\n<td>Speicheranforderungen<\/td>\n<td>Aktualisierungsverfahren<\/td>\n<td>Hauptvorteil<\/td>\n<\/tr>\n<tr>\n<td>iOS<\/td>\n<td>Progressive Web App (PWA) in Safari<\/td>\n<td>Sehr gering \u2013 wird dynamisch geladen<\/td>\n<td>Aktualisiert automatisch<\/td>\n<td>Bietet reibungslose Integration mit biometrischer Authentifizierung<\/td>\n<\/tr>\n<tr>\n<td>Android<\/td>\n<td>PWA mit Chrome oder anderen Browsern<\/td>\n<td>Minimal \u2013 keine gro\u00dfen App-Dateien erforderlich<\/td>\n<td>Automatische Updates \u00fcber den Browser<\/td>\n<td>Erm\u00f6glicht schnellen Zugriff, ohne auf den Google Play Store angewiesen zu sein<\/td>\n<\/tr>\n<tr>\n<td>APK<\/td>\n<td>Direkter Download von der offiziellen Website<\/td>\n<td>Erfordert Speicherplatz f\u00fcr die APK-Datei<\/td>\n<td>Manuelles Update durch erneutes Herunterladen erforderlich<\/td>\n<td>Erm\u00f6glicht die Installation au\u00dferhalb von App-Marktpl\u00e4tzen<\/td>\n<\/tr>\n<tr>\n<td>Windows\/<\/p>\n<p>Mac-Software<\/td>\n<td>Spezielle Desktop-Anwendungen<\/td>\n<td>Lokaler Speicherplatz variiert je nach System<\/td>\n<td>Keine Updates erforderlich<\/td>\n<td>Optimiert f\u00fcr gr\u00f6\u00dfere Bildschirme mit erweiterten Funktionen<\/td>\n<\/tr>\n<\/tbody>\n<\/table>\n<p>Wir sind sicher, dass Sie nun einen vollst\u00e4ndigen \u00dcberblick haben und die offensichtlichen Vorteile unserer Bonuskong App in Form einer PWA erkennen k\u00f6nnen.<\/p>\n<p><img loading=\"lazy\" decoding=\"async\" src=\"https:\/\/bonus-kong.org\/wp-content\/uploads\/2026\/02\/Bonuskong-Desktop.webp\" alt=\"Bonuskong Desktop\" width=\"1248\" height=\"536\" \/><\/p>\n<\/div><\/div><div style=\"clear: both\"><\/div><div class=\"d-flex justify-content-center\"><button data-item=\"decouvrez_link\" data-group=\"website_links\" class=\"goto fw-bold rounded-pill btn btn-orange\" aria-label=\"Laden Sie die Bonuskong-App herunter\" >Laden Sie die Bonuskong-App herunter<\/button><\/div><div class=\"scrollable-content-wrap my-5\"><div class=\"scrollable-content-inner\"><h2>FAQ<\/h2>\n<h3>Ist f\u00fcr die Nutzung der Bonus Kong App die Erstellung eines Kontos erforderlich?<\/h3>\n<p>Um die Vorteile der Bonuskong App voll auszusch\u00f6pfen, m\u00fcssen Sie sich registrieren. Ohne Registrierung stehen Ihnen nur unsere Demospiele zur Verf\u00fcgung, aber wir sind sicher, dass Sie Einzahlungen t\u00e4tigen und echtes Geld gewinnen m\u00f6chten. Daher ist eine Registrierung erforderlich. Wenn Spieler ein Konto haben, k\u00f6nnen sie eigenes Geld einzahlen, an Werbeaktionen teilnehmen und Boni erhalten, ganz zu schweigen von einem Verifizierungsverfahren, das ein hohes Ma\u00df an Sicherheit und die Einhaltung gesetzlicher Vorschriften gew\u00e4hrleistet.<\/p>\n<h3>Bietet die Bonus Kong Casino App Kundensupport?<\/h3>\n<p>Die Bonuskong App bietet den Vorteil eines engagierten Support Team, das \u00fcber Live-Chat, E-Mail und andere Kommunikationsmittel erreichbar ist. Wir haben kompetente Fachleute, die Ihnen bei der L\u00f6sung technischer Probleme, der Verifizierung eines Kontos und der Beantwortung anderer Fragen helfen k\u00f6nnen. Bei Bonuskong Casino k\u00f6nnen Sie mit uns garantiert eine tolle Zeit verbringen.<\/p>\n<h3>Wie aktualisiert man die Bonuskong Casino App?<\/h3>\n<p>Sie m\u00fcssen sich \u00fcberhaupt keine Gedanken \u00fcber Updates machen \u2013 alles wird automatisch aktualisiert. Da wir PWA implementiert haben, m\u00fcssen Sie lediglich Ihren Browser aktualisieren oder Ihren Cache regelm\u00e4\u00dfig leeren, um auf dem neuesten Stand zu bleiben. Unsere Desktop-Version funktioniert \u00e4hnlich \u2013 Sie m\u00fcssen nichts auf Ihrer Seite aktualisieren. Sie haben Zugriff auf alle neuesten Funktionen und Sicherheitsverbesserungen.<\/p>\n<\/div><\/div><\/p>\n","protected":false},"excerpt":{"rendered":"<p>Bonus Kong auf Mobilger\u00e4ten Die Bonuskong App ist Ihr Weg zu spannenden Online-Spielen auf dem Handy. Unsere Bonuskong PWA ist praktisch und leistungsstark, sodass Benutzer bequem und jederzeit auf ihre bevorzugten Casinospiele zugreifen k\u00f6nnen: Karten, Live-Casino-Optionen, Sofortgewinne und Slots. Mit der Smartphone-App k\u00f6nnen Sie alle unsere Titel genie\u00dfen. Bonuskong Casino bietet mit seiner vielseitigen mobilen [&hellip;]<\/p>\n","protected":false},"author":9,"featured_media":0,"parent":0,"menu_order":0,"comment_status":"closed","ping_status":"closed","template":"template-builder.php","meta":{"_acf_changed":false,"inline_featured_image":false,"footnotes":""},"class_list":["post-1416","page","type-page","status-publish","hentry"],"acf":[],"yoast_head":"<!-- This site is optimized with the Yoast SEO plugin v24.4 - https:\/\/yoast.com\/wordpress\/plugins\/seo\/ -->\n<title>Bonuskong App herunterladen | iOS &amp; Android<\/title>\n<meta name=\"description\" content=\"Die Bonuskong-App sorgt f\u00fcr einwandfreies Gaming auf Android-, iOS-, Windows- und macOS-Plattformen, komplett mit Kontosynchronisierung, regelm\u00e4\u00dfigen Updates und integrierter Kundenbetreuung f\u00fcr eine einfache Nutzung.\" \/>\n<meta name=\"robots\" content=\"index, follow, max-snippet:-1, max-image-preview:large, max-video-preview:-1\" \/>\n<link rel=\"canonical\" href=\"https:\/\/bonus-kong.org\/de\/app\/\" \/>\n<meta property=\"og:locale\" content=\"de_DE\" \/>\n<meta property=\"og:type\" content=\"article\" \/>\n<meta property=\"og:title\" content=\"Bonuskong App herunterladen | iOS &amp; Android\" \/>\n<meta property=\"og:description\" content=\"Die Bonuskong-App sorgt f\u00fcr einwandfreies Gaming auf Android-, iOS-, Windows- und macOS-Plattformen, komplett mit Kontosynchronisierung, regelm\u00e4\u00dfigen Updates und integrierter Kundenbetreuung f\u00fcr eine einfache Nutzung.\" \/>\n<meta property=\"og:url\" content=\"https:\/\/bonus-kong.org\/de\/app\/\" \/>\n<meta property=\"og:site_name\" content=\"bonuskong\" \/>\n<meta property=\"article:modified_time\" content=\"2026-02-09T18:01:15+00:00\" \/>\n<meta name=\"twitter:card\" content=\"summary_large_image\" \/>\n<meta name=\"twitter:label1\" content=\"Gesch\u00e4tzte Lesezeit\" \/>\n\t<meta name=\"twitter:data1\" content=\"2\u00a0Minuten\" \/>\n<script type=\"application\/ld+json\" class=\"yoast-schema-graph\">{\"@context\":\"https:\/\/schema.org\",\"@graph\":[{\"@type\":\"WebPage\",\"@id\":\"https:\/\/bonus-kong.org\/de\/app\/\",\"url\":\"https:\/\/bonus-kong.org\/de\/app\/\",\"name\":\"Bonuskong App herunterladen | iOS & Android\",\"isPartOf\":{\"@id\":\"https:\/\/bonus-kong.org\/de\/#website\"},\"datePublished\":\"2026-02-09T13:00:40+00:00\",\"dateModified\":\"2026-02-09T18:01:15+00:00\",\"description\":\"Die Bonuskong-App sorgt f\u00fcr einwandfreies Gaming auf Android-, iOS-, Windows- und macOS-Plattformen, komplett mit Kontosynchronisierung, regelm\u00e4\u00dfigen Updates und integrierter Kundenbetreuung f\u00fcr eine einfache Nutzung.\",\"breadcrumb\":{\"@id\":\"https:\/\/bonus-kong.org\/de\/app\/#breadcrumb\"},\"inLanguage\":\"de\",\"potentialAction\":[{\"@type\":\"ReadAction\",\"target\":[\"https:\/\/bonus-kong.org\/de\/app\/\"]}]},{\"@type\":\"BreadcrumbList\",\"@id\":\"https:\/\/bonus-kong.org\/de\/app\/#breadcrumb\",\"itemListElement\":[{\"@type\":\"ListItem\",\"position\":1,\"name\":\"Bonuskong\",\"item\":\"https:\/\/bonus-kong.org\/de\/\"},{\"@type\":\"ListItem\",\"position\":2,\"name\":\"App\"}]},{\"@type\":\"WebSite\",\"@id\":\"https:\/\/bonus-kong.org\/de\/#website\",\"url\":\"https:\/\/bonus-kong.org\/de\/\",\"name\":\"Bonuskong\",\"description\":\"\",\"publisher\":{\"@id\":\"https:\/\/bonus-kong.org\/de\/#organization\"},\"potentialAction\":[{\"@type\":\"SearchAction\",\"target\":{\"@type\":\"EntryPoint\",\"urlTemplate\":\"https:\/\/bonus-kong.org\/de\/?s={search_term_string}\"},\"query-input\":{\"@type\":\"PropertyValueSpecification\",\"valueRequired\":true,\"valueName\":\"search_term_string\"}}],\"inLanguage\":\"de\"},{\"@type\":\"Organization\",\"@id\":\"https:\/\/bonus-kong.org\/de\/#organization\",\"name\":\"Bonuskong\",\"url\":\"https:\/\/bonus-kong.org\/de\/\",\"logo\":{\"@type\":\"ImageObject\",\"inLanguage\":\"de\",\"@id\":\"https:\/\/bonus-kong.org\/de\/#\/schema\/logo\/image\/\",\"url\":\"https:\/\/bonus-kong.org\/wp-content\/uploads\/2026\/02\/Bonuskong-logo.png\",\"contentUrl\":\"https:\/\/bonus-kong.org\/wp-content\/uploads\/2026\/02\/Bonuskong-logo.png\",\"width\":60,\"height\":24,\"caption\":\"Bonuskong\"},\"image\":{\"@id\":\"https:\/\/bonus-kong.org\/de\/#\/schema\/logo\/image\/\"}}]}<\/script>\n<!-- \/ Yoast SEO plugin. -->","yoast_head_json":{"title":"Bonuskong App herunterladen | iOS & Android","description":"Die Bonuskong-App sorgt f\u00fcr einwandfreies Gaming auf Android-, iOS-, Windows- und macOS-Plattformen, komplett mit Kontosynchronisierung, regelm\u00e4\u00dfigen Updates und integrierter Kundenbetreuung f\u00fcr eine einfache Nutzung.","robots":{"index":"index","follow":"follow","max-snippet":"max-snippet:-1","max-image-preview":"max-image-preview:large","max-video-preview":"max-video-preview:-1"},"canonical":"https:\/\/bonus-kong.org\/de\/app\/","og_locale":"de_DE","og_type":"article","og_title":"Bonuskong App herunterladen | iOS & Android","og_description":"Die Bonuskong-App sorgt f\u00fcr einwandfreies Gaming auf Android-, iOS-, Windows- und macOS-Plattformen, komplett mit Kontosynchronisierung, regelm\u00e4\u00dfigen Updates und integrierter Kundenbetreuung f\u00fcr eine einfache Nutzung.","og_url":"https:\/\/bonus-kong.org\/de\/app\/","og_site_name":"bonuskong","article_modified_time":"2026-02-09T18:01:15+00:00","twitter_card":"summary_large_image","twitter_misc":{"Gesch\u00e4tzte Lesezeit":"2\u00a0Minuten"},"schema":{"@context":"https:\/\/schema.org","@graph":[{"@type":"WebPage","@id":"https:\/\/bonus-kong.org\/de\/app\/","url":"https:\/\/bonus-kong.org\/de\/app\/","name":"Bonuskong App herunterladen | iOS & Android","isPartOf":{"@id":"https:\/\/bonus-kong.org\/de\/#website"},"datePublished":"2026-02-09T13:00:40+00:00","dateModified":"2026-02-09T18:01:15+00:00","description":"Die Bonuskong-App sorgt f\u00fcr einwandfreies Gaming auf Android-, iOS-, Windows- und macOS-Plattformen, komplett mit Kontosynchronisierung, regelm\u00e4\u00dfigen Updates und integrierter Kundenbetreuung f\u00fcr eine einfache Nutzung.","breadcrumb":{"@id":"https:\/\/bonus-kong.org\/de\/app\/#breadcrumb"},"inLanguage":"de","potentialAction":[{"@type":"ReadAction","target":["https:\/\/bonus-kong.org\/de\/app\/"]}]},{"@type":"BreadcrumbList","@id":"https:\/\/bonus-kong.org\/de\/app\/#breadcrumb","itemListElement":[{"@type":"ListItem","position":1,"name":"Bonuskong","item":"https:\/\/bonus-kong.org\/de\/"},{"@type":"ListItem","position":2,"name":"App"}]},{"@type":"WebSite","@id":"https:\/\/bonus-kong.org\/de\/#website","url":"https:\/\/bonus-kong.org\/de\/","name":"Bonuskong","description":"","publisher":{"@id":"https:\/\/bonus-kong.org\/de\/#organization"},"potentialAction":[{"@type":"SearchAction","target":{"@type":"EntryPoint","urlTemplate":"https:\/\/bonus-kong.org\/de\/?s={search_term_string}"},"query-input":{"@type":"PropertyValueSpecification","valueRequired":true,"valueName":"search_term_string"}}],"inLanguage":"de"},{"@type":"Organization","@id":"https:\/\/bonus-kong.org\/de\/#organization","name":"Bonuskong","url":"https:\/\/bonus-kong.org\/de\/","logo":{"@type":"ImageObject","inLanguage":"de","@id":"https:\/\/bonus-kong.org\/de\/#\/schema\/logo\/image\/","url":"https:\/\/bonus-kong.org\/wp-content\/uploads\/2026\/02\/Bonuskong-logo.png","contentUrl":"https:\/\/bonus-kong.org\/wp-content\/uploads\/2026\/02\/Bonuskong-logo.png","width":60,"height":24,"caption":"Bonuskong"},"image":{"@id":"https:\/\/bonus-kong.org\/de\/#\/schema\/logo\/image\/"}}]}},"_links":{"self":[{"href":"https:\/\/bonus-kong.org\/de\/wp-json\/wp\/v2\/pages\/1416"}],"collection":[{"href":"https:\/\/bonus-kong.org\/de\/wp-json\/wp\/v2\/pages"}],"about":[{"href":"https:\/\/bonus-kong.org\/de\/wp-json\/wp\/v2\/types\/page"}],"author":[{"embeddable":true,"href":"https:\/\/bonus-kong.org\/de\/wp-json\/wp\/v2\/users\/9"}],"replies":[{"embeddable":true,"href":"https:\/\/bonus-kong.org\/de\/wp-json\/wp\/v2\/comments?post=1416"}],"version-history":[{"count":2,"href":"https:\/\/bonus-kong.org\/de\/wp-json\/wp\/v2\/pages\/1416\/revisions"}],"predecessor-version":[{"id":1612,"href":"https:\/\/bonus-kong.org\/de\/wp-json\/wp\/v2\/pages\/1416\/revisions\/1612"}],"wp:attachment":[{"href":"https:\/\/bonus-kong.org\/de\/wp-json\/wp\/v2\/media?parent=1416"}],"curies":[{"name":"wp","href":"https:\/\/api.w.org\/{rel}","templated":true}]}}