{"id":1457,"date":"2026-02-09T13:03:28","date_gmt":"2026-02-09T13:03:28","guid":{"rendered":"https:\/\/bonus-kong.org\/login-and-registration\/"},"modified":"2026-02-09T18:02:56","modified_gmt":"2026-02-09T18:02:56","slug":"anmeldung-und-registrierung","status":"publish","type":"page","link":"https:\/\/bonus-kong.org\/de\/anmeldung-und-registrierung\/","title":{"rendered":"Anmeldung und Registrierung"},"content":{"rendered":"<h1>Bonuskong Anmeldung, Registrierung und Kontoverwaltung<\/h1>\n<p>Der Bonuskong Login bietet einfachen Zugang zu unserem Online-Casino f\u00fcr endlosen Spielspa\u00df. Sie ist mit den neuesten Sicherheitsentwicklungen gesch\u00fctzt und bietet Komfort und eine Vielzahl von Casinospielen. Benutzer k\u00f6nnen ihre Lieblingsspiele auf unserer Plattform genie\u00dfen. Wir haben alles in unserer Macht Stehende getan, um Ihnen allen hochentwickelte Sicherheitsma\u00dfnahmen und bequeme, benutzerfreundliche Dienste zu bieten. Sie k\u00f6nnen die gute Spielatmosph\u00e4re von Bonuskong genie\u00dfen, die verantwortungsbewusstem Spielen f\u00f6rderlich ist.<\/p>\n<p><div class=\"banner-wrap\" aria-label=\"Banner\"><img src=\"https:\/\/bonus-kong.org\/wp-content\/uploads\/2026\/02\/bonuskong-desktop-banner.webp\" class=\"w-100 d-none d-lg-block img-pc main-banner-img\" alt=\"bonuskong desktop banner\" fetchpriority=\"high\" decoding=\"async\"><img src=\"https:\/\/bonus-kong.org\/wp-content\/uploads\/2026\/02\/bonuskong-mobile.webp\" class=\"w-100 d-none d-md-block d-lg-none main-banner-img\" alt=\"bonuskong mobile banner\" fetchpriority=\"high\" decoding=\"async\"><img src=\"https:\/\/bonus-kong.org\/wp-content\/uploads\/2026\/02\/bonuskong-desktop-banner.webp\" class=\"w-100 d-md-none\" alt=\"bonuskong desktop banner\" fetchpriority=\"high\" decoding=\"async\"><div class=\"banner-description\">\n<div class=\"banner-title\">Willkommensboni<\/div>\n<p class=\"banner-header-title\">1500 \u20ac<\/p>\n<div class=\"banner-header-AdditionalText\">+ 250 Freispiele<\/div>\n<button data-item=\"homepage_banner_link\" class=\"goto m-button m-gradient-border m-button--primary m-button--large banner-button btn-orange\">\n            <div class=\"m-button-content\">\n                <span>Jetzt anmelden<\/span>\n                <span><\/span>\n            <\/div>\n        <\/button>\n<\/div>\n<div class=\"WelcomePack\">\n<p><img loading=\"lazy\" decoding=\"async\" class=\"alignnone size-full wp-image-1335\" src=\"https:\/\/bonus-kong.org\/wp-content\/uploads\/2026\/02\/welcome-crown.png\" alt=\"welcome crown\" width=\"25\" height=\"26\" \/><\/p>\n<div class=\"WelcomePack-Info\">W\u00f6chentlicher Cashback von bis zu 25 %<\/div>\n<p><img loading=\"lazy\" decoding=\"async\" class=\"alignnone size-full wp-image-1335\" src=\"https:\/\/bonus-kong.org\/wp-content\/uploads\/2026\/02\/welcome-crown.png\" alt=\"welcome crown\" width=\"25\" height=\"26\" \/><\/p>\n<\/div>\n<\/div><div class=\"scrollable-content-wrap my-5\"><div class=\"scrollable-content-inner\"><h2>Bonus Kong Registrierung f\u00fcr neue Benutzer<\/h2>\n<p>Wenn Sie sich bei Bonus Kong Casino anmelden, erhalten Sie uneingeschr\u00e4nkten Zugriff auf eine Reihe von Funktionen, die Ihr Spielerlebnis noch unterhaltsamer machen. Neue Nutzer erhalten als Willkommensgru\u00df einen Sonderbonus (bis zu 1.500 \u20ac mit 250 zus\u00e4tzlichen Freispielen). Sie k\u00f6nnen auch an einem Promotion-Turnier sowie an einem lohnenden Treueprogramm teilnehmen. Mit dem Bonuskong Login haben Spieler Zugriff auf eine riesige Spielebibliothek und t\u00e4gliche Angebote und k\u00f6nnen ihre Konten ganz einfach verwalten. Dies ist der erste Schritt zu einem sicheren und guten Spielerlebnis.<\/p>\n<h2>Erstellen Sie Ihr Konto<\/h2>\n<p>Die Bonuskong Anmeldung ist nicht kompliziert. Wir k\u00f6nnen sie f\u00fcr Sie in mehrere einfache Schritte unterteilen:<\/p>\n<ol>\n<li>Auf der Homepage von Bonuskong gibt es eine Schaltfl\u00e4che mit der Bezeichnung \u201eAnmelden\u201c.<\/li>\n<li>F\u00fcllen Sie das Anmeldeformular mit Ihren korrekten pers\u00f6nlichen Daten aus, wie z. B. Ihrer E-Mail-Adresse und Ihrem bevorzugten Passwort.<\/li>\n<li>Sie m\u00fcssen die K\u00e4stchen zur Altersbest\u00e4tigung und zur Annahme der Allgemeinen Gesch\u00e4ftsbedingungen ankreuzen.<\/li>\n<li>Ein CAPTCHA-Code kann verwendet werden, um Ihre Identit\u00e4t zu \u00fcberpr\u00fcfen (ob Sie ein Bot sind oder nicht).<\/li>\n<li>Befolgen Sie die Anweisungen in der E-Mail, die wir Ihnen geschickt haben.<\/li>\n<li>Best\u00e4tigen Sie, und schon haben Sie ein Konto bei Bonus Kong erstellt.<\/li>\n<li>Melden Sie sich jetzt ganz einfach zum ersten Mal bei Bonuskong an!<\/li>\n<\/ol>\n<p>Wir k\u00f6nnen keine Spieler unter 18 Jahren akzeptieren. Das sind unsere Regeln. Wir halten uns an die Richtlinien f\u00fcr verantwortungsbewusstes Spielen. Nach der Verifizierung k\u00f6nnen Sie sich einloggen und mit einer Vielzahl von Spielen und Boni Spa\u00df haben.<\/p>\n<h2>Verwalten eines Bonuskong Kontos<\/h2>\n<p>Nach Ihrer Registrierung hei\u00dft Sie unser Casino willkommen, sich bei Bonuskong anzumelden. Dieser einfache Vorgang erm\u00f6glicht Ihnen den Zugriff auf alle Funktionen der Plattform. So melden Sie sich an:<\/p>\n<ol>\n<li>Gehen Sie oben rechts auf der Startseite auf die Schaltfl\u00e4che \u201eBonuskong Login\u201d.<\/li>\n<li>Geben Sie Ihre registrierte E-Mail-Adresse und Ihr Passwort ein.<\/li>\n<li>Dann k\u00f6nnen Sie auf \u201eBonuskong Login\u201c klicken, um alles zu entdecken, was wir in unserem Casino f\u00fcr Sie vorbereitet haben, da Sie nun \u00fcber ein Dashboard verf\u00fcgen.<\/li>\n<\/ol>\n<p>Aber was ist das Dashboard?<\/p>\n<ul>\n<li>Sie k\u00f6nnen auf verschiedene sichere Arten Ihr Guthaben \u00fcberpr\u00fcfen und Geld einzahlen.<\/li>\n<li>Sie k\u00f6nnen Ihre Boni einl\u00f6sen und Aktionscodes eingeben.<\/li>\n<li>Sie k\u00f6nnen den Verlauf Ihrer Transaktionen und Aktivit\u00e4ten in einem Spiel einsehen.<\/li>\n<li>Bearbeiten und \u00e4ndern Sie Ihre pers\u00f6nlichen Daten, wie z. B. Kontaktdaten und Zahlungsmethoden.<\/li>\n<li>Sie k\u00f6nnen die Zwei-Faktor-Authentifizierung aktivieren und deaktivieren, um die Sicherheit Ihres Kontos zu erh\u00f6hen.<\/li>\n<li>Nehmen Sie an Treue- und VIP-Programmen teil, um maximale Pr\u00e4mien zu erhalten.<\/li>\n<\/ul>\n<p>Die Benutzeroberfl\u00e4che ist einfach zu bedienen und Sie k\u00f6nnen Ihre Spielpr\u00e4ferenzen auf sichere und effektive Weise verwalten. Wir hoffen, dass Sie in Ihrem Konto viele n\u00fctzliche Informationen finden.<\/p>\n<h3>Haben Sie Ihr Passwort vergessen?<\/h3>\n<p>Falls Sie Ihr Bonuskong Login Passwort vergessen haben, k\u00f6nnen Sie es ganz einfach zur\u00fccksetzen:<\/p>\n<table>\n<tbody>\n<tr>\n<td>Schritt<\/td>\n<td>Aktion<\/td>\n<td>Beschreibung<\/td>\n<\/tr>\n<tr>\n<td>1<\/td>\n<td>Klicken Sie auf den Link \u201ePasswort vergessen?\u201c.<\/td>\n<td>Dieser Link befindet sich auf der Bonuskong Anmeldeseite und startet den Vorgang.<\/td>\n<\/tr>\n<tr>\n<td>2<\/td>\n<td>Geben Sie Ihre registrierte E-Mail-Adresse ein<\/td>\n<td>Geben Sie die mit Ihrem Konto verkn\u00fcpfte E-Mail-Adresse ein.<\/td>\n<\/tr>\n<tr>\n<td>3<\/td>\n<td>Befolgen Sie die Anweisungen in der E-Mail<\/td>\n<td>\u00dcberpr\u00fcfen Sie Ihren Posteingang auf Anweisungen und setzen Sie Ihr Passwort zur\u00fcck.<\/td>\n<\/tr>\n<\/tbody>\n<\/table>\n<p>Dieser Vorgang garantiert eine schnelle Wiederherstellung des Zugriffs sowie hohe Sicherheitsstandards. Das Support Team ist per Live-Chat oder E-Mail erreichbar und steht Ihnen jederzeit zur Verf\u00fcgung.<\/p>\n<h3>Bonuskong Casino-Kontoverifizierung und Sicherheitsma\u00dfnahmen<\/h3>\n<p>Bonuskong Casino hat strenge Verifizierungsrichtlinien, um eine sichere Spielumgebung zu gew\u00e4hrleisten. Spieler m\u00fcssen sich identifizieren und uns offizielle Dokumente wie Stromrechnungen und amtliche Ausweise zusenden. Diese Ma\u00dfnahme ist unerl\u00e4sslich, um die Anforderungen der Vorschriften unseres Bonus Kong Casino zu erf\u00fcllen. Wir bek\u00e4mpfen Betrug und helfen allen Spielern, Betrug zu vermeiden und ihre Konten zu sichern.<\/p>\n<p>Zum Schutz pers\u00f6nlicher Daten und Transaktionsdaten verwendet unsere Plattform mehrere Sicherheitssysteme, wie AES- und SSL-Verschl\u00fcsselung, Firewalls und st\u00e4ndige \u00dcberwachung. Spielern wird empfohlen, 2FA zu aktivieren und ihre Kontodaten regelm\u00e4\u00dfig zu aktualisieren. Die Aktualisierung der Kontaktdaten und die schnelle Durchf\u00fchrung des Verifizierungsprozesses erleichtern Auszahlungen und die Wiederherstellung von Konten.<\/p>\n<h2>FAQ<\/h2>\n<h3>Wie kann ich mein Passwort oder meine E-Mail-Adresse aktualisieren?<\/h3>\n<p>Wenn Sie Ihr Bonuskong Casino-Passwort oder Ihre E-Mail-Adresse \u00e4ndern m\u00f6chten, melden Sie sich bei Ihrem Konto an und gehen Sie zur Kontoverwaltung. Klicken Sie auf die Option zum Aktualisieren Ihrer Bonuskong Anmeldedaten, geben Sie die neuen Informationen ein und verifizieren Sie diese durch einige Schritte. Unsere Sicherheitsma\u00dfnahmen erlauben nur autorisierten Benutzern, solche Aktualisierungen vorzunehmen.<\/p>\n<h3>Was soll ich tun, wenn mein Konto gesperrt ist?<\/h3>\n<p>Solche Dinge kommen selten vor und m\u00fcssen einen Grund haben. Falls Ihr Bonuskong Konto gesperrt wurde, finden Sie den Live-Chat-Button des Support-Teams unten auf der Casino-Seite. Der Verifizierungsprozess ist sehr zu empfehlen, wenn Sie Ihr Konto entsperren lassen m\u00f6chten. Senden Sie uns alle angeforderten Dokumente, um den Prozess zu vereinfachen und die Einhaltung der Standards sicherzustellen.<\/p>\n<h3>Spricht das Support-Team von Bonuskong Casino mehrere Sprachen, um Ihnen zu helfen?<\/h3>\n<p>Das Bonuskong Casino bietet mehrsprachigen Support, um Spieler aus aller Welt zu bedienen. Unser Support-Team ist rund um die Uhr per Live-Chat erreichbar. Wir helfen Ihnen gerne weiter. Kontaktieren Sie uns, und wir werden Ihnen zeitnah bei Problemen mit Ihrem Konto, technischen Fragen oder Sicherheitsbedenken helfen.<\/p>\n<\/div><\/div><\/p>\n","protected":false},"excerpt":{"rendered":"<p>Bonuskong Anmeldung, Registrierung und Kontoverwaltung Der Bonuskong Login bietet einfachen Zugang zu unserem Online-Casino f\u00fcr endlosen Spielspa\u00df. Sie ist mit den neuesten Sicherheitsentwicklungen gesch\u00fctzt und bietet Komfort und eine Vielzahl von Casinospielen. Benutzer k\u00f6nnen ihre Lieblingsspiele auf unserer Plattform genie\u00dfen. Wir haben alles in unserer Macht Stehende getan, um Ihnen allen hochentwickelte Sicherheitsma\u00dfnahmen und bequeme, [&hellip;]<\/p>\n","protected":false},"author":9,"featured_media":0,"parent":0,"menu_order":0,"comment_status":"closed","ping_status":"closed","template":"template-builder.php","meta":{"_acf_changed":false,"inline_featured_image":false,"footnotes":""},"class_list":["post-1457","page","type-page","status-publish","hentry"],"acf":[],"yoast_head":"<!-- This site is optimized with the Yoast SEO plugin v24.4 - https:\/\/yoast.com\/wordpress\/plugins\/seo\/ -->\n<title>Bonuskong-Login \u2013 Registrieren und Konto verwalten<\/title>\n<meta name=\"description\" content=\"Erstellen, verwalten und \u00fcberpr\u00fcfen Sie Ihr Bonuskong Casino-Konto ganz einfach mit schneller Registrierung, nahtloser Kontowiederherstellung und sicherer Kontoschlie\u00dfung, die Ihnen rund um die Uhr Schutz durch Bonuskong Login gew\u00e4hrleistet.\" \/>\n<meta name=\"robots\" content=\"index, follow, max-snippet:-1, max-image-preview:large, max-video-preview:-1\" \/>\n<link rel=\"canonical\" href=\"https:\/\/bonus-kong.org\/de\/anmeldung-und-registrierung\/\" \/>\n<meta property=\"og:locale\" content=\"de_DE\" \/>\n<meta property=\"og:type\" content=\"article\" \/>\n<meta property=\"og:title\" content=\"Bonuskong-Login \u2013 Registrieren und Konto verwalten\" \/>\n<meta property=\"og:description\" content=\"Erstellen, verwalten und \u00fcberpr\u00fcfen Sie Ihr Bonuskong Casino-Konto ganz einfach mit schneller Registrierung, nahtloser Kontowiederherstellung und sicherer Kontoschlie\u00dfung, die Ihnen rund um die Uhr Schutz durch Bonuskong Login gew\u00e4hrleistet.\" \/>\n<meta property=\"og:url\" content=\"https:\/\/bonus-kong.org\/de\/anmeldung-und-registrierung\/\" \/>\n<meta property=\"og:site_name\" content=\"bonuskong\" \/>\n<meta property=\"article:modified_time\" content=\"2026-02-09T18:02:56+00:00\" \/>\n<meta name=\"twitter:card\" content=\"summary_large_image\" \/>\n<meta name=\"twitter:label1\" content=\"Gesch\u00e4tzte Lesezeit\" \/>\n\t<meta name=\"twitter:data1\" content=\"1\u00a0Minute\" \/>\n<script type=\"application\/ld+json\" class=\"yoast-schema-graph\">{\"@context\":\"https:\/\/schema.org\",\"@graph\":[{\"@type\":\"WebPage\",\"@id\":\"https:\/\/bonus-kong.org\/de\/anmeldung-und-registrierung\/\",\"url\":\"https:\/\/bonus-kong.org\/de\/anmeldung-und-registrierung\/\",\"name\":\"Bonuskong-Login \u2013 Registrieren und Konto verwalten\",\"isPartOf\":{\"@id\":\"https:\/\/bonus-kong.org\/de\/#website\"},\"datePublished\":\"2026-02-09T13:03:28+00:00\",\"dateModified\":\"2026-02-09T18:02:56+00:00\",\"description\":\"Erstellen, verwalten und \u00fcberpr\u00fcfen Sie Ihr Bonuskong Casino-Konto ganz einfach mit schneller Registrierung, nahtloser Kontowiederherstellung und sicherer Kontoschlie\u00dfung, die Ihnen rund um die Uhr Schutz durch Bonuskong Login gew\u00e4hrleistet.\",\"breadcrumb\":{\"@id\":\"https:\/\/bonus-kong.org\/de\/anmeldung-und-registrierung\/#breadcrumb\"},\"inLanguage\":\"de\",\"potentialAction\":[{\"@type\":\"ReadAction\",\"target\":[\"https:\/\/bonus-kong.org\/de\/anmeldung-und-registrierung\/\"]}]},{\"@type\":\"BreadcrumbList\",\"@id\":\"https:\/\/bonus-kong.org\/de\/anmeldung-und-registrierung\/#breadcrumb\",\"itemListElement\":[{\"@type\":\"ListItem\",\"position\":1,\"name\":\"Bonuskong\",\"item\":\"https:\/\/bonus-kong.org\/de\/\"},{\"@type\":\"ListItem\",\"position\":2,\"name\":\"Anmeldung und Registrierung\"}]},{\"@type\":\"WebSite\",\"@id\":\"https:\/\/bonus-kong.org\/de\/#website\",\"url\":\"https:\/\/bonus-kong.org\/de\/\",\"name\":\"Bonuskong\",\"description\":\"\",\"publisher\":{\"@id\":\"https:\/\/bonus-kong.org\/de\/#organization\"},\"potentialAction\":[{\"@type\":\"SearchAction\",\"target\":{\"@type\":\"EntryPoint\",\"urlTemplate\":\"https:\/\/bonus-kong.org\/de\/?s={search_term_string}\"},\"query-input\":{\"@type\":\"PropertyValueSpecification\",\"valueRequired\":true,\"valueName\":\"search_term_string\"}}],\"inLanguage\":\"de\"},{\"@type\":\"Organization\",\"@id\":\"https:\/\/bonus-kong.org\/de\/#organization\",\"name\":\"Bonuskong\",\"url\":\"https:\/\/bonus-kong.org\/de\/\",\"logo\":{\"@type\":\"ImageObject\",\"inLanguage\":\"de\",\"@id\":\"https:\/\/bonus-kong.org\/de\/#\/schema\/logo\/image\/\",\"url\":\"https:\/\/bonus-kong.org\/wp-content\/uploads\/2026\/02\/Bonuskong-logo.png\",\"contentUrl\":\"https:\/\/bonus-kong.org\/wp-content\/uploads\/2026\/02\/Bonuskong-logo.png\",\"width\":60,\"height\":24,\"caption\":\"Bonuskong\"},\"image\":{\"@id\":\"https:\/\/bonus-kong.org\/de\/#\/schema\/logo\/image\/\"}}]}<\/script>\n<!-- \/ Yoast SEO plugin. -->","yoast_head_json":{"title":"Bonuskong-Login \u2013 Registrieren und Konto verwalten","description":"Erstellen, verwalten und \u00fcberpr\u00fcfen Sie Ihr Bonuskong Casino-Konto ganz einfach mit schneller Registrierung, nahtloser Kontowiederherstellung und sicherer Kontoschlie\u00dfung, die Ihnen rund um die Uhr Schutz durch Bonuskong Login gew\u00e4hrleistet.","robots":{"index":"index","follow":"follow","max-snippet":"max-snippet:-1","max-image-preview":"max-image-preview:large","max-video-preview":"max-video-preview:-1"},"canonical":"https:\/\/bonus-kong.org\/de\/anmeldung-und-registrierung\/","og_locale":"de_DE","og_type":"article","og_title":"Bonuskong-Login \u2013 Registrieren und Konto verwalten","og_description":"Erstellen, verwalten und \u00fcberpr\u00fcfen Sie Ihr Bonuskong Casino-Konto ganz einfach mit schneller Registrierung, nahtloser Kontowiederherstellung und sicherer Kontoschlie\u00dfung, die Ihnen rund um die Uhr Schutz durch Bonuskong Login gew\u00e4hrleistet.","og_url":"https:\/\/bonus-kong.org\/de\/anmeldung-und-registrierung\/","og_site_name":"bonuskong","article_modified_time":"2026-02-09T18:02:56+00:00","twitter_card":"summary_large_image","twitter_misc":{"Gesch\u00e4tzte Lesezeit":"1\u00a0Minute"},"schema":{"@context":"https:\/\/schema.org","@graph":[{"@type":"WebPage","@id":"https:\/\/bonus-kong.org\/de\/anmeldung-und-registrierung\/","url":"https:\/\/bonus-kong.org\/de\/anmeldung-und-registrierung\/","name":"Bonuskong-Login \u2013 Registrieren und Konto verwalten","isPartOf":{"@id":"https:\/\/bonus-kong.org\/de\/#website"},"datePublished":"2026-02-09T13:03:28+00:00","dateModified":"2026-02-09T18:02:56+00:00","description":"Erstellen, verwalten und \u00fcberpr\u00fcfen Sie Ihr Bonuskong Casino-Konto ganz einfach mit schneller Registrierung, nahtloser Kontowiederherstellung und sicherer Kontoschlie\u00dfung, die Ihnen rund um die Uhr Schutz durch Bonuskong Login gew\u00e4hrleistet.","breadcrumb":{"@id":"https:\/\/bonus-kong.org\/de\/anmeldung-und-registrierung\/#breadcrumb"},"inLanguage":"de","potentialAction":[{"@type":"ReadAction","target":["https:\/\/bonus-kong.org\/de\/anmeldung-und-registrierung\/"]}]},{"@type":"BreadcrumbList","@id":"https:\/\/bonus-kong.org\/de\/anmeldung-und-registrierung\/#breadcrumb","itemListElement":[{"@type":"ListItem","position":1,"name":"Bonuskong","item":"https:\/\/bonus-kong.org\/de\/"},{"@type":"ListItem","position":2,"name":"Anmeldung und Registrierung"}]},{"@type":"WebSite","@id":"https:\/\/bonus-kong.org\/de\/#website","url":"https:\/\/bonus-kong.org\/de\/","name":"Bonuskong","description":"","publisher":{"@id":"https:\/\/bonus-kong.org\/de\/#organization"},"potentialAction":[{"@type":"SearchAction","target":{"@type":"EntryPoint","urlTemplate":"https:\/\/bonus-kong.org\/de\/?s={search_term_string}"},"query-input":{"@type":"PropertyValueSpecification","valueRequired":true,"valueName":"search_term_string"}}],"inLanguage":"de"},{"@type":"Organization","@id":"https:\/\/bonus-kong.org\/de\/#organization","name":"Bonuskong","url":"https:\/\/bonus-kong.org\/de\/","logo":{"@type":"ImageObject","inLanguage":"de","@id":"https:\/\/bonus-kong.org\/de\/#\/schema\/logo\/image\/","url":"https:\/\/bonus-kong.org\/wp-content\/uploads\/2026\/02\/Bonuskong-logo.png","contentUrl":"https:\/\/bonus-kong.org\/wp-content\/uploads\/2026\/02\/Bonuskong-logo.png","width":60,"height":24,"caption":"Bonuskong"},"image":{"@id":"https:\/\/bonus-kong.org\/de\/#\/schema\/logo\/image\/"}}]}},"_links":{"self":[{"href":"https:\/\/bonus-kong.org\/de\/wp-json\/wp\/v2\/pages\/1457"}],"collection":[{"href":"https:\/\/bonus-kong.org\/de\/wp-json\/wp\/v2\/pages"}],"about":[{"href":"https:\/\/bonus-kong.org\/de\/wp-json\/wp\/v2\/types\/page"}],"author":[{"embeddable":true,"href":"https:\/\/bonus-kong.org\/de\/wp-json\/wp\/v2\/users\/9"}],"replies":[{"embeddable":true,"href":"https:\/\/bonus-kong.org\/de\/wp-json\/wp\/v2\/comments?post=1457"}],"version-history":[{"count":1,"href":"https:\/\/bonus-kong.org\/de\/wp-json\/wp\/v2\/pages\/1457\/revisions"}],"predecessor-version":[{"id":1613,"href":"https:\/\/bonus-kong.org\/de\/wp-json\/wp\/v2\/pages\/1457\/revisions\/1613"}],"wp:attachment":[{"href":"https:\/\/bonus-kong.org\/de\/wp-json\/wp\/v2\/media?parent=1457"}],"curies":[{"name":"wp","href":"https:\/\/api.w.org\/{rel}","templated":true}]}}