{"id":1423,"date":"2026-02-09T13:00:40","date_gmt":"2026-02-09T13:00:40","guid":{"rendered":"https:\/\/bonus-kong.org\/app-2\/"},"modified":"2026-02-10T07:58:15","modified_gmt":"2026-02-10T07:58:15","slug":"aplicacion","status":"publish","type":"page","link":"https:\/\/bonus-kong.org\/es\/aplicacion\/","title":{"rendered":"Aplicaci\u00f3n"},"content":{"rendered":"<h1>Bonus Kong en dispositivos m\u00f3viles<\/h1>\n<p>La Bonuskong app es tu camino hacia la emoci\u00f3n de jugar online en un tel\u00e9fono m\u00f3vil. Nuestra Bonuskong PWA es c\u00f3moda y est\u00e1 orientada al rendimiento para que los usuarios espa\u00f1oles puedan acceder de forma c\u00f3moda y constante a sus juegos de casino preferidos: cartas, opciones de casino en vivo, premios instant\u00e1neos y tragamonedas. Puedes disfrutar de todos nuestros t\u00edtulos utilizando la aplicaci\u00f3n para smartphones.<\/p>\n<p>Bonuskong Casino ofrece la mejor experiencia de juego tanto fuera de casa como en ella gracias a su soluci\u00f3n m\u00f3vil multifuncional.<\/p>\n<div class=\"banner-wrap\" aria-label=\"Banner\"><img src=\"https:\/\/bonus-kong.org\/wp-content\/uploads\/2026\/02\/bonuskong-desktop-banner.webp\" class=\"w-100 d-none d-lg-block img-pc main-banner-img\" alt=\"bonuskong desktop banner\" fetchpriority=\"high\" decoding=\"async\"><img src=\"https:\/\/bonus-kong.org\/wp-content\/uploads\/2026\/02\/bonuskong-mobile.webp\" class=\"w-100 d-none d-md-block d-lg-none main-banner-img\" alt=\"bonuskong mobile banner\" fetchpriority=\"high\" decoding=\"async\"><img src=\"https:\/\/bonus-kong.org\/wp-content\/uploads\/2026\/02\/bonuskong-mobile.webp\" class=\"w-100 d-md-none\" alt=\"bonuskong mobile banner\" fetchpriority=\"high\" decoding=\"async\"><div class=\"banner-description\">\n<div class=\"banner-title\">Bonos de bienvenida<\/div>\n<p class=\"banner-header-title\">1500 \u20ac<\/p>\n<div class=\"banner-header-AdditionalText\">+ 250 Tiradas gratis<\/div>\n<button data-item=\"homepage_banner_link\" class=\"goto m-button m-gradient-border m-button--primary m-button--large banner-button btn-orange\">\n            <div class=\"m-button-content\">\n                <span>Reg\u00edstrate ahora<\/span>\n                <span><\/span>\n            <\/div>\n        <\/button>\n<\/div>\n<div class=\"WelcomePack\">\n<p><img loading=\"lazy\" decoding=\"async\" class=\"alignnone size-full wp-image-1335\" src=\"https:\/\/bonus-kong.org\/wp-content\/uploads\/2026\/02\/welcome-crown.png\" alt=\"welcome crown\" width=\"25\" height=\"26\" \/><\/p>\n<div class=\"WelcomePack-Info\">Reembolso semanal de hasta el 25 %<\/div>\n<p><img loading=\"lazy\" decoding=\"async\" class=\"alignnone size-full wp-image-1335\" src=\"https:\/\/bonus-kong.org\/wp-content\/uploads\/2026\/02\/welcome-crown.png\" alt=\"welcome crown\" width=\"25\" height=\"26\" \/><\/p>\n<\/div>\n<\/div>\n<h2>Opciones de acceso m\u00f3vil a Bonuskong<\/h2>\n<p>Bonuskong Casino est\u00e1 disponible en dispositivos m\u00f3viles y en nuestra plataforma de varias formas para adaptarse a las necesidades y capacidades de los diferentes usuarios. Ambas opciones funcionan muy bien para garantizar un alto nivel de rendimiento, seguridad y facilidad de uso, de modo que los jugadores puedan disfrutar de sus juegos favoritos sin poner en peligro el rendimiento.<\/p>\n<p>Pero, \u00bfpor qu\u00e9 preferir\u00edas la aplicaci\u00f3n Bonuskong al escritorio? Te lo explicamos a continuaci\u00f3n:<\/p>\n<ul>\n<li>Juego fluido: juega a tus juegos favoritos sobre la marcha con una plataforma m\u00f3vil que ha sido optimizada para tener tiempos de carga r\u00e1pidos y capacidad de respuesta.<\/li>\n<li>F\u00e1cil de usar: contamos con una interfaz excelente y sencilla para los jugadores.<\/li>\n<li>Acceso completo las 24 horas del d\u00eda, los 7 d\u00edas de la semana: est\u00e9s desplaz\u00e1ndote al trabajo, en casa o descansando, hagas lo que hagas, con la aplicaci\u00f3n Bonuskong solo tienes que iniciar sesi\u00f3n y jugar cuando quieras.<\/li>\n<li>Seguro y s\u00f3lido: juega sin preocupaciones, ya que todas las transacciones y la informaci\u00f3n personal est\u00e1n protegidas por Bonus Kong Casino.<\/li>\n<li>Compatibilidad con iOS y Android: Bonuskong Casino es compatible con todo tipo de tel\u00e9fonos y tabletas.<\/li>\n<\/ul>\n<p><div class=\"scrollable-content-wrap my-5\"><div class=\"scrollable-content-inner\"><h2>Aplicaci\u00f3n Bonuskong para iOS<\/h2>\n<p>La aplicaci\u00f3n Bonuskong para iOS est\u00e1 dise\u00f1ada para proporcionar a los usuarios de dispositivos Apple una experiencia de juego fluida e intuitiva. Tiene una velocidad de carga muy r\u00e1pida y una gran seguridad, lo que la convierte en una experiencia de juego segura. La aplicaci\u00f3n para iOS facilita el acceso instant\u00e1neo a varios tipos de tragamonedas en l\u00ednea y juegos con crupier en vivo. Adem\u00e1s, actualizamos nuestra aplicaci\u00f3n con regularidad. Con cada actualizaci\u00f3n, descubrir\u00e1s que es m\u00e1s funcional y a\u00f1ade nuevas funciones a Bonuskong Casino. Est\u00e1 optimizada para su uso en iPhone y iPad y ofrece im\u00e1genes y controles n\u00edtidos.<\/p>\n<p><img loading=\"lazy\" decoding=\"async\" src=\"https:\/\/bonus-kong.org\/wp-content\/uploads\/2026\/02\/Bonuskong-iOS.webp\" alt=\"Bonuskong iOS\" width=\"1248\" height=\"536\" \/><\/p>\n<\/div><\/div><div style=\"clear: both\"><\/div><div class=\"d-flex justify-content-center\"><button data-item=\"decouvrez_link\" data-group=\"website_links\" class=\"goto fw-bold rounded-pill btn btn-orange\" aria-label=\"Descarga la aplicaci\u00f3n Bonuskong\" >Descarga la aplicaci\u00f3n Bonuskong<\/button><\/div><div class=\"scrollable-content-wrap my-5\"><div class=\"scrollable-content-inner\"><h2>Aplicaci\u00f3n Bonuskong para Android<\/h2>\n<p>La versi\u00f3n para Android de la aplicaci\u00f3n Bonuskong es una potente PWA. Es un verdadero regalo para los jugadores de casino m\u00f3vil. Tambi\u00e9n es compatible con una amplia gama de tel\u00e9fonos y tabletas Android, a los que proporciona una conexi\u00f3n estable y gr\u00e1ficos de calidad. La aplicaci\u00f3n est\u00e1 dise\u00f1ada para instalarse r\u00e1pidamente. Se actualiza autom\u00e1ticamente. Los jugadores nunca se quedan atr\u00e1s con las \u00faltimas actualizaciones y parches. Su dise\u00f1o intuitivo permite una navegaci\u00f3n r\u00e1pida por las categor\u00edas de juegos, promociones y gesti\u00f3n de la cuenta. Nuestra PWA ofrece una experiencia de juego muy agradable en general. Los archivos APK de Bonuskong ya no est\u00e1n activos. Solo por esa raz\u00f3n, Bonuskong PWA es mucho mejor, y usted mismo se dar\u00e1 cuenta de ello.<\/p>\n<p><img loading=\"lazy\" decoding=\"async\" src=\"https:\/\/bonus-kong.org\/wp-content\/uploads\/2026\/02\/Bonuskong-Android.webp\" alt=\"Bonuskong Android\" width=\"1248\" height=\"536\" \/><\/p>\n<\/div><\/div><div style=\"clear: both\"><\/div><div class=\"d-flex justify-content-center\"><button data-item=\"decouvrez_link\" data-group=\"website_links\" class=\"goto fw-bold rounded-pill btn btn-orange\" aria-label=\"Descargar Bonuskong\" >Descargar Bonuskong<\/button><\/div><div class=\"scrollable-content-wrap my-5\"><div class=\"scrollable-content-inner\"><h2>Aplicaciones para Windows y Mac<\/h2>\n<p>Adem\u00e1s de las soluciones m\u00f3viles, Bonuskong Casino tiene versiones de escritorio para los sistemas operativos Windows y Mac que ofrecen una vista panor\u00e1mica completa. Son aplicaciones basadas en pantalla que est\u00e1n optimizadas para su uso en pantallas m\u00e1s grandes y ofrecen gr\u00e1ficos de alta resoluci\u00f3n y una funcionalidad sofisticada. Tambi\u00e9n tienen opciones interesantes, como el chat en vivo con el equipo de soporte y un proceso de verificaci\u00f3n r\u00e1pido, para que los jugadores puedan disfrutar de una experiencia de juego completa con la flexibilidad del acceso desde el escritorio.<\/p>\n<p>Ahora, hemos visto diferentes versiones de Bonus Kong contigo, pero \u00bfcu\u00e1l deber\u00eda ser la decisi\u00f3n final? Echa un vistazo a la tabla comparativa que hemos recopilado y toma tu decisi\u00f3n:<\/p>\n<table>\n<tbody>\n<tr>\n<td>Software<\/td>\n<td>M\u00e9todo de acceso<\/td>\n<td>Requisitos de almacenamiento<\/td>\n<td>Procedimiento de actualizaci\u00f3n<\/td>\n<td>Ventaja principal<\/td>\n<\/tr>\n<tr>\n<td>iOS<\/td>\n<td>Aplicaci\u00f3n web progresiva (PWA) en Safari<\/td>\n<td>Muy bajo: se carga din\u00e1micamente<\/td>\n<td>Se actualiza autom\u00e1ticamente<\/td>\n<td>Proporciona una integraci\u00f3n fluida con la autenticaci\u00f3n biom\u00e9trica<\/td>\n<\/tr>\n<tr>\n<td>Android<\/td>\n<td>PWA utilizando Chrome u otros navegadores<\/td>\n<td>M\u00ednimo: no se necesitan archivos de aplicaciones de gran tama\u00f1o<\/td>\n<td>Se actualiza autom\u00e1ticamente a trav\u00e9s del navegador<\/td>\n<td>Permite un acceso r\u00e1pido sin depender de Google Play Store<\/td>\n<\/tr>\n<tr>\n<td>APK<\/td>\n<td>Descarga directa desde el sitio web oficial<\/td>\n<td>Requiere espacio de almacenamiento para el archivo APK<\/td>\n<td>Actualizaci\u00f3n manual necesaria mediante nueva descarga<\/td>\n<td>Permite la instalaci\u00f3n fuera de las tiendas de aplicaciones e<\/td>\n<\/tr>\n<tr>\n<td>Software para Windows\/Mac<\/td>\n<td>Aplicaciones de escritorio dedicadas<\/td>\n<td>El almacenamiento local var\u00eda seg\u00fan el sistema<\/td>\n<td>No es necesario actualizar<\/td>\n<td>Optimizado para pantallas m\u00e1s grandes con funciones mejoradas<\/td>\n<\/tr>\n<\/tbody>\n<\/table>\n<p>Estamos seguros de que ahora tiene una visi\u00f3n completa y puede ver las ventajas evidentes de nuestra aplicaci\u00f3n Bonuskong en forma de PWA.<\/p>\n<p><img loading=\"lazy\" decoding=\"async\" src=\"https:\/\/bonus-kong.org\/wp-content\/uploads\/2026\/02\/Bonuskong-Desktop.webp\" alt=\"Bonuskong Desktop\" width=\"1248\" height=\"536\" \/><\/p>\n<\/div><\/div><div style=\"clear: both\"><\/div><div class=\"d-flex justify-content-center\"><button data-item=\"decouvrez_link\" data-group=\"website_links\" class=\"goto fw-bold rounded-pill btn btn-orange\" aria-label=\"Descarga la aplicaci\u00f3n Bonuskong\" >Descarga la aplicaci\u00f3n Bonuskong<\/button><\/div><div class=\"scrollable-content-wrap my-5\"><div class=\"scrollable-content-inner\"><h2>Preguntas frecuentes<\/h2>\n<h3>\u00bfEs necesario crear una cuenta para utilizar la aplicaci\u00f3n Bonus Kong?<\/h3>\n<p>Para obtener los m\u00e1ximos beneficios de la aplicaci\u00f3n Bonuskong, es necesario registrarse. Sin registrarse, solo estar\u00e1n disponibles nuestros juegos de demostraci\u00f3n, pero estamos seguros de que desea depositar y ganar dinero real. Por lo tanto, s\u00ed, es necesario. Cuando los jugadores tienen una cuenta, pueden ingresar su propio dinero, participar en actividades promocionales y obtener bonificaciones, sin mencionar el procedimiento de verificaci\u00f3n que garantiza altos niveles de seguridad y cumplimiento legal.<\/p>\n<h3>\u00bfLa aplicaci\u00f3n Bonus Kong Casino ofrece atenci\u00f3n al cliente?<\/h3>\n<p>La aplicaci\u00f3n Bonuskong ofrece la ventaja de contar con un equipo de atenci\u00f3n al cliente dedicado a trav\u00e9s de chat en vivo, correo electr\u00f3nico y otros medios de comunicaci\u00f3n. Contamos con profesionales inteligentes que pueden ayudarte a resolver cualquier problema t\u00e9cnico, verificar una cuenta y responder a cualquier otra consulta. Sin duda, podr\u00e1s disfrutar al m\u00e1ximo en Bonuskong Casino con nosotros.<\/p>\n<h3>\u00bfC\u00f3mo se actualiza la aplicaci\u00f3n de Bonuskong Casino?<\/h3>\n<p>No hay que preocuparse por las actualizaciones, ya que se realizan autom\u00e1ticamente. Como hemos implementado PWA, solo tienes que actualizar tu navegador o borrar la cach\u00e9 con frecuencia para mantenerte al d\u00eda. Nuestra versi\u00f3n de escritorio tambi\u00e9n funciona de manera similar, sin necesidad de actualizar nada por tu parte. Podr\u00e1s acceder a todas las \u00faltimas funciones y mejoras de seguridad.<\/p>\n<\/div><\/div><\/p>\n","protected":false},"excerpt":{"rendered":"<p>Bonus Kong en dispositivos m\u00f3viles La Bonuskong app es tu camino hacia la emoci\u00f3n de jugar online en un tel\u00e9fono m\u00f3vil. Nuestra Bonuskong PWA es c\u00f3moda y est\u00e1 orientada al rendimiento para que los usuarios espa\u00f1oles puedan acceder de forma c\u00f3moda y constante a sus juegos de casino preferidos: cartas, opciones de casino en vivo, [&hellip;]<\/p>\n","protected":false},"author":9,"featured_media":0,"parent":0,"menu_order":0,"comment_status":"closed","ping_status":"closed","template":"template-builder.php","meta":{"_acf_changed":false,"inline_featured_image":false,"footnotes":""},"class_list":["post-1423","page","type-page","status-publish","hentry"],"acf":[],"yoast_head":"<!-- This site is optimized with the Yoast SEO plugin v24.4 - https:\/\/yoast.com\/wordpress\/plugins\/seo\/ -->\n<title>Bonuskong app Descargar | iOS y Android<\/title>\n<meta name=\"description\" content=\"La aplicaci\u00f3n Bonuskong garantiza una experiencia de juego impecable en las plataformas Android, iOS, Windows y macOS, con sincronizaci\u00f3n de cuentas, actualizaciones peri\u00f3dicas y asistencia al cliente integrada para facilitar su uso.\" \/>\n<meta name=\"robots\" content=\"index, follow, max-snippet:-1, max-image-preview:large, max-video-preview:-1\" \/>\n<link rel=\"canonical\" href=\"https:\/\/bonus-kong.org\/es\/aplicacion\/\" \/>\n<meta property=\"og:locale\" content=\"es_ES\" \/>\n<meta property=\"og:type\" content=\"article\" \/>\n<meta property=\"og:title\" content=\"Bonuskong app Descargar | iOS y Android\" \/>\n<meta property=\"og:description\" content=\"La aplicaci\u00f3n Bonuskong garantiza una experiencia de juego impecable en las plataformas Android, iOS, Windows y macOS, con sincronizaci\u00f3n de cuentas, actualizaciones peri\u00f3dicas y asistencia al cliente integrada para facilitar su uso.\" \/>\n<meta property=\"og:url\" content=\"https:\/\/bonus-kong.org\/es\/aplicacion\/\" \/>\n<meta property=\"og:site_name\" content=\"bonuskong\" \/>\n<meta property=\"article:modified_time\" content=\"2026-02-10T07:58:15+00:00\" \/>\n<meta name=\"twitter:card\" content=\"summary_large_image\" \/>\n<meta name=\"twitter:label1\" content=\"Est. reading time\" \/>\n\t<meta name=\"twitter:data1\" content=\"2 minutes\" \/>\n<script type=\"application\/ld+json\" class=\"yoast-schema-graph\">{\"@context\":\"https:\/\/schema.org\",\"@graph\":[{\"@type\":\"WebPage\",\"@id\":\"https:\/\/bonus-kong.org\/es\/aplicacion\/\",\"url\":\"https:\/\/bonus-kong.org\/es\/aplicacion\/\",\"name\":\"Bonuskong app Descargar | iOS y Android\",\"isPartOf\":{\"@id\":\"https:\/\/bonus-kong.org\/es\/#website\"},\"datePublished\":\"2026-02-09T13:00:40+00:00\",\"dateModified\":\"2026-02-10T07:58:15+00:00\",\"description\":\"La aplicaci\u00f3n Bonuskong garantiza una experiencia de juego impecable en las plataformas Android, iOS, Windows y macOS, con sincronizaci\u00f3n de cuentas, actualizaciones peri\u00f3dicas y asistencia al cliente integrada para facilitar su uso.\",\"breadcrumb\":{\"@id\":\"https:\/\/bonus-kong.org\/es\/aplicacion\/#breadcrumb\"},\"inLanguage\":\"es-ES\",\"potentialAction\":[{\"@type\":\"ReadAction\",\"target\":[\"https:\/\/bonus-kong.org\/es\/aplicacion\/\"]}]},{\"@type\":\"BreadcrumbList\",\"@id\":\"https:\/\/bonus-kong.org\/es\/aplicacion\/#breadcrumb\",\"itemListElement\":[{\"@type\":\"ListItem\",\"position\":1,\"name\":\"Bonuskong\",\"item\":\"https:\/\/bonus-kong.org\/es\/\"},{\"@type\":\"ListItem\",\"position\":2,\"name\":\"Aplicaci\u00f3n\"}]},{\"@type\":\"WebSite\",\"@id\":\"https:\/\/bonus-kong.org\/es\/#website\",\"url\":\"https:\/\/bonus-kong.org\/es\/\",\"name\":\"Bonuskong\",\"description\":\"\",\"publisher\":{\"@id\":\"https:\/\/bonus-kong.org\/es\/#organization\"},\"potentialAction\":[{\"@type\":\"SearchAction\",\"target\":{\"@type\":\"EntryPoint\",\"urlTemplate\":\"https:\/\/bonus-kong.org\/es\/?s={search_term_string}\"},\"query-input\":{\"@type\":\"PropertyValueSpecification\",\"valueRequired\":true,\"valueName\":\"search_term_string\"}}],\"inLanguage\":\"es-ES\"},{\"@type\":\"Organization\",\"@id\":\"https:\/\/bonus-kong.org\/es\/#organization\",\"name\":\"Bonuskong\",\"url\":\"https:\/\/bonus-kong.org\/es\/\",\"logo\":{\"@type\":\"ImageObject\",\"inLanguage\":\"es-ES\",\"@id\":\"https:\/\/bonus-kong.org\/es\/#\/schema\/logo\/image\/\",\"url\":\"https:\/\/bonus-kong.org\/wp-content\/uploads\/2026\/02\/Bonuskong-logo.png\",\"contentUrl\":\"https:\/\/bonus-kong.org\/wp-content\/uploads\/2026\/02\/Bonuskong-logo.png\",\"width\":60,\"height\":24,\"caption\":\"Bonuskong\"},\"image\":{\"@id\":\"https:\/\/bonus-kong.org\/es\/#\/schema\/logo\/image\/\"}}]}<\/script>\n<!-- \/ Yoast SEO plugin. -->","yoast_head_json":{"title":"Bonuskong app Descargar | iOS y Android","description":"La aplicaci\u00f3n Bonuskong garantiza una experiencia de juego impecable en las plataformas Android, iOS, Windows y macOS, con sincronizaci\u00f3n de cuentas, actualizaciones peri\u00f3dicas y asistencia al cliente integrada para facilitar su uso.","robots":{"index":"index","follow":"follow","max-snippet":"max-snippet:-1","max-image-preview":"max-image-preview:large","max-video-preview":"max-video-preview:-1"},"canonical":"https:\/\/bonus-kong.org\/es\/aplicacion\/","og_locale":"es_ES","og_type":"article","og_title":"Bonuskong app Descargar | iOS y Android","og_description":"La aplicaci\u00f3n Bonuskong garantiza una experiencia de juego impecable en las plataformas Android, iOS, Windows y macOS, con sincronizaci\u00f3n de cuentas, actualizaciones peri\u00f3dicas y asistencia al cliente integrada para facilitar su uso.","og_url":"https:\/\/bonus-kong.org\/es\/aplicacion\/","og_site_name":"bonuskong","article_modified_time":"2026-02-10T07:58:15+00:00","twitter_card":"summary_large_image","twitter_misc":{"Est. reading time":"2 minutes"},"schema":{"@context":"https:\/\/schema.org","@graph":[{"@type":"WebPage","@id":"https:\/\/bonus-kong.org\/es\/aplicacion\/","url":"https:\/\/bonus-kong.org\/es\/aplicacion\/","name":"Bonuskong app Descargar | iOS y Android","isPartOf":{"@id":"https:\/\/bonus-kong.org\/es\/#website"},"datePublished":"2026-02-09T13:00:40+00:00","dateModified":"2026-02-10T07:58:15+00:00","description":"La aplicaci\u00f3n Bonuskong garantiza una experiencia de juego impecable en las plataformas Android, iOS, Windows y macOS, con sincronizaci\u00f3n de cuentas, actualizaciones peri\u00f3dicas y asistencia al cliente integrada para facilitar su uso.","breadcrumb":{"@id":"https:\/\/bonus-kong.org\/es\/aplicacion\/#breadcrumb"},"inLanguage":"es-ES","potentialAction":[{"@type":"ReadAction","target":["https:\/\/bonus-kong.org\/es\/aplicacion\/"]}]},{"@type":"BreadcrumbList","@id":"https:\/\/bonus-kong.org\/es\/aplicacion\/#breadcrumb","itemListElement":[{"@type":"ListItem","position":1,"name":"Bonuskong","item":"https:\/\/bonus-kong.org\/es\/"},{"@type":"ListItem","position":2,"name":"Aplicaci\u00f3n"}]},{"@type":"WebSite","@id":"https:\/\/bonus-kong.org\/es\/#website","url":"https:\/\/bonus-kong.org\/es\/","name":"Bonuskong","description":"","publisher":{"@id":"https:\/\/bonus-kong.org\/es\/#organization"},"potentialAction":[{"@type":"SearchAction","target":{"@type":"EntryPoint","urlTemplate":"https:\/\/bonus-kong.org\/es\/?s={search_term_string}"},"query-input":{"@type":"PropertyValueSpecification","valueRequired":true,"valueName":"search_term_string"}}],"inLanguage":"es-ES"},{"@type":"Organization","@id":"https:\/\/bonus-kong.org\/es\/#organization","name":"Bonuskong","url":"https:\/\/bonus-kong.org\/es\/","logo":{"@type":"ImageObject","inLanguage":"es-ES","@id":"https:\/\/bonus-kong.org\/es\/#\/schema\/logo\/image\/","url":"https:\/\/bonus-kong.org\/wp-content\/uploads\/2026\/02\/Bonuskong-logo.png","contentUrl":"https:\/\/bonus-kong.org\/wp-content\/uploads\/2026\/02\/Bonuskong-logo.png","width":60,"height":24,"caption":"Bonuskong"},"image":{"@id":"https:\/\/bonus-kong.org\/es\/#\/schema\/logo\/image\/"}}]}},"_links":{"self":[{"href":"https:\/\/bonus-kong.org\/es\/wp-json\/wp\/v2\/pages\/1423"}],"collection":[{"href":"https:\/\/bonus-kong.org\/es\/wp-json\/wp\/v2\/pages"}],"about":[{"href":"https:\/\/bonus-kong.org\/es\/wp-json\/wp\/v2\/types\/page"}],"author":[{"embeddable":true,"href":"https:\/\/bonus-kong.org\/es\/wp-json\/wp\/v2\/users\/9"}],"replies":[{"embeddable":true,"href":"https:\/\/bonus-kong.org\/es\/wp-json\/wp\/v2\/comments?post=1423"}],"version-history":[{"count":2,"href":"https:\/\/bonus-kong.org\/es\/wp-json\/wp\/v2\/pages\/1423\/revisions"}],"predecessor-version":[{"id":1790,"href":"https:\/\/bonus-kong.org\/es\/wp-json\/wp\/v2\/pages\/1423\/revisions\/1790"}],"wp:attachment":[{"href":"https:\/\/bonus-kong.org\/es\/wp-json\/wp\/v2\/media?parent=1423"}],"curies":[{"name":"wp","href":"https:\/\/api.w.org\/{rel}","templated":true}]}}