{"id":1461,"date":"2026-02-09T13:03:28","date_gmt":"2026-02-09T13:03:28","guid":{"rendered":"https:\/\/bonus-kong.org\/login-and-registration\/"},"modified":"2026-02-10T07:59:26","modified_gmt":"2026-02-10T07:59:26","slug":"inicio-de-sesion-y-registro","status":"publish","type":"page","link":"https:\/\/bonus-kong.org\/es\/inicio-de-sesion-y-registro\/","title":{"rendered":"Inicio de sesi\u00f3n y Registro"},"content":{"rendered":"<h1>Inicio de sesi\u00f3n, registro y gesti\u00f3n de cuentas en Bonuskong<\/h1>\n<p>El Bonuskong login ofrece un f\u00e1cil acceso a nuestro casino en l\u00ednea para disfrutar de diversi\u00f3n sin l\u00edmites. Est\u00e1 protegido con los \u00faltimos avances en seguridad y ofrece comodidad y una gran variedad de juegos de casino. Los usuarios espa\u00f1oles pueden disfrutar de sus t\u00edtulos favoritos en nuestra plataforma. Hemos hecho todo lo posible para ofreceros medidas de seguridad muy sofisticadas y servicios c\u00f3modos y f\u00e1ciles de usar. Pod\u00e9is disfrutar del buen ambiente de juego de Bonuskong, que fomenta el juego responsable.<\/p>\n<p><div class=\"banner-wrap\" aria-label=\"Banner\"><img src=\"https:\/\/bonus-kong.org\/wp-content\/uploads\/2026\/02\/bonuskong-desktop-banner.webp\" class=\"w-100 d-none d-lg-block img-pc main-banner-img\" alt=\"bonuskong desktop banner\" fetchpriority=\"high\" decoding=\"async\"><img src=\"https:\/\/bonus-kong.org\/wp-content\/uploads\/2026\/02\/bonuskong-mobile.webp\" class=\"w-100 d-none d-md-block d-lg-none main-banner-img\" alt=\"bonuskong mobile banner\" fetchpriority=\"high\" decoding=\"async\"><img src=\"https:\/\/bonus-kong.org\/wp-content\/uploads\/2026\/02\/bonuskong-desktop-banner.webp\" class=\"w-100 d-md-none\" alt=\"bonuskong desktop banner\" fetchpriority=\"high\" decoding=\"async\"><div class=\"banner-description\">\n<div class=\"banner-title\">Bonos de bienvenida<\/div>\n<p class=\"banner-header-title\">1500 \u20ac<\/p>\n<div class=\"banner-header-AdditionalText\">+ 250 Tiradas gratis<\/div>\n<button data-item=\"homepage_banner_link\" class=\"goto m-button m-gradient-border m-button--primary m-button--large banner-button btn-orange\">\n            <div class=\"m-button-content\">\n                <span>Reg\u00edstrate ahora<\/span>\n                <span><\/span>\n            <\/div>\n        <\/button>\n<\/div>\n<div class=\"WelcomePack\">\n<p><img loading=\"lazy\" decoding=\"async\" class=\"alignnone size-full wp-image-1335\" src=\"https:\/\/bonus-kong.org\/wp-content\/uploads\/2026\/02\/welcome-crown.png\" alt=\"welcome crown\" width=\"25\" height=\"26\" \/><\/p>\n<div class=\"WelcomePack-Info\">Reembolso semanal de hasta el 25 %<\/div>\n<p><img loading=\"lazy\" decoding=\"async\" class=\"alignnone size-full wp-image-1335\" src=\"https:\/\/bonus-kong.org\/wp-content\/uploads\/2026\/02\/welcome-crown.png\" alt=\"welcome crown\" width=\"25\" height=\"26\" \/><\/p>\n<\/div>\n<\/div><div class=\"scrollable-content-wrap my-5\"><div class=\"scrollable-content-inner\"><h2>Registro de nuevos usuarios en Bonus Kong<\/h2>\n<p>Al registrarte en Bonus Kong Casino, tendr\u00e1s acceso completo a un conjunto de funciones que har\u00e1n que tu experiencia de juego sea m\u00e1s entretenida. Los nuevos usuarios reciben un bono especial como regalo de bienvenida (hasta 1.500 \u20ac con 250 giros adicionales). Tambi\u00e9n pueden participar en un torneo promocional, as\u00ed como en un gratificante programa de fidelidad. El inicio de sesi\u00f3n en Bonuskong permite a los jugadores acceder a una amplia biblioteca de juegos y ofertas diarias, y gestionar sus cuentas con facilidad. Es el primer paso hacia una experiencia de juego segura y satisfactoria.<\/p>\n<h2>Crea tu cuenta<\/h2>\n<p>Iniciar sesi\u00f3n en Bonuskong no es nada complicado. Podemos dividirlo en varios pasos sencillos:<\/p>\n<ol>\n<li>En la p\u00e1gina de inicio de Bonuskong, hay un bot\u00f3n llamado \u00abRegistrarse\u00bb.<\/li>\n<li>Rellene el formulario de registro con su informaci\u00f3n personal correcta, como su direcci\u00f3n de correo electr\u00f3nico y la contrase\u00f1a que prefiera.<\/li>\n<li>Debes marcar las casillas de confirmaci\u00f3n de edad y aceptaci\u00f3n de los t\u00e9rminos y condiciones.<\/li>\n<li>Se puede utilizar un c\u00f3digo CAPTCHA para verificar su identidad (si es un bot o no).<\/li>\n<li>Sigue las instrucciones del correo electr\u00f3nico que te hemos enviado.<\/li>\n<li>Confirma y habr\u00e1s creado una cuenta en Bonus Kong.<\/li>\n<li>\u00a1Inicie sesi\u00f3n en Bonuskong por primera vez f\u00e1cilmente ahora mismo!<\/li>\n<\/ol>\n<p>No podemos aceptar jugadores menores de 18 a\u00f1os. Estas son nuestras reglas. Nos adherimos a las pol\u00edticas de juego responsable. Despu\u00e9s de la verificaci\u00f3n, puedes iniciar sesi\u00f3n y empezar a divertirte con la amplia variedad de juegos y bonificaciones.<\/p>\n<h2>Gesti\u00f3n de una cuenta en Bonuskong<\/h2>\n<p>Despu\u00e9s de registrarte, nuestro casino te da la bienvenida para que inicies sesi\u00f3n en Bonuskong. Este sencillo proceso te permite acceder a todas las funciones de la plataforma. Para iniciar sesi\u00f3n:<\/p>\n<ol>\n<li>Ve a la parte superior derecha de la p\u00e1gina de inicio (bot\u00f3n \u00abIniciar sesi\u00f3n\u00bb de Bonuskong).<\/li>\n<li>Introduce tu direcci\u00f3n de correo electr\u00f3nico y contrase\u00f1a registradas.<\/li>\n<li>A continuaci\u00f3n, puede hacer clic en el inicio de sesi\u00f3n de Bonuskong para descubrir todo lo que hemos preparado para usted en nuestro casino, ya que ahora dispone de un panel de control.<\/li>\n<\/ol>\n<p>Pero, \u00bfen qu\u00e9 consiste el panel de control?<\/p>\n<ul>\n<li>Puede consultar y depositar dinero de varias formas seguras.<\/li>\n<li>Puede canjear sus bonificaciones e introducir c\u00f3digos promocionales.<\/li>\n<li>Consulte el historial de transacciones y la actividad en un juego.<\/li>\n<li>Editar y volver a escribir sus datos personales, como los datos de contacto y los m\u00e9todos de pago.<\/li>\n<li>Activar y desactivar la autenticaci\u00f3n de dos factores para a\u00f1adir m\u00e1s seguridad a la cuenta.<\/li>\n<li>\u00danase a los programas de fidelidad y VIP para obtener las m\u00e1ximas recompensas.<\/li>\n<\/ul>\n<p>La interfaz es f\u00e1cil de usar y puedes gestionar tus preferencias de juego de forma segura y eficaz. Esperamos que encuentres mucha informaci\u00f3n \u00fatil en tu cuenta.<\/p>\n<h3>\u00bfHa olvidado su contrase\u00f1a?<\/h3>\n<p>En caso de que pierda su contrase\u00f1a de inicio de sesi\u00f3n en Bonuskong, es f\u00e1cil restablecerla:<\/p>\n<table>\n<tbody>\n<tr>\n<td>Paso<\/td>\n<td>Acci\u00f3n<\/td>\n<td>Descripci\u00f3n<\/td>\n<\/tr>\n<tr>\n<td>1<\/td>\n<td>Haga clic en el enlace \u00ab\u00bfOlvid\u00f3 su contrase\u00f1a?\u00bb.<\/td>\n<td>Este enlace, situado en la p\u00e1gina de inicio de sesi\u00f3n de Bonuskong, inicia el proceso.<\/td>\n<\/tr>\n<tr>\n<td>2<\/td>\n<td>Introduzca su direcci\u00f3n de correo electr\u00f3nico registrada<\/td>\n<td>Proporcione el correo electr\u00f3nico asociado a su cuenta.<\/td>\n<\/tr>\n<tr>\n<td>3<\/td>\n<td>Siga las instrucciones del correo electr\u00f3nico<\/td>\n<td>Compruebe su bandeja de entrada para obtener instrucciones y restablecer su contrase\u00f1a.<\/td>\n<\/tr>\n<\/tbody>\n<\/table>\n<p>El proceso garantiza una r\u00e1pida recuperaci\u00f3n del acceso, as\u00ed como altos est\u00e1ndares de seguridad. Puede ponerse en contacto con el equipo de asistencia a trav\u00e9s del chat en vivo o por correo electr\u00f3nico para que le ayuden en cualquier momento.<\/p>\n<h3>Verificaci\u00f3n de cuentas y medidas de seguridad en Bonuskong Casino<\/h3>\n<p>Bonuskong Casino tiene una estricta pol\u00edtica de verificaci\u00f3n para mantener un entorno de juego seguro. Los jugadores deben asegurarse de identificarse y enviarnos documentos oficiales, como facturas de servicios p\u00fablicos y documentos de identidad emitidos por el gobierno. Esta medida es esencial para cumplir con los requisitos de la normativa de nuestro casino Bonus Kong. Luchamos contra las estafas y ayudamos a todos los jugadores a evitar el fraude y a proteger sus cuentas.<\/p>\n<p>Para proteger los datos personales y las transacciones, nuestra plataforma utiliza varios sistemas de seguridad, como el cifrado AES y SSL, cortafuegos y vigilancia constante. Se recomienda a los jugadores que activen la autenticaci\u00f3n de dos factores (2FA) y actualicen los datos de su cuenta peri\u00f3dicamente. Mantener la informaci\u00f3n de contacto actualizada y pasar por el proceso de verificaci\u00f3n facilita la retirada de fondos y la recuperaci\u00f3n de las cuentas.<\/p>\n<h2>Preguntas frecuentes<\/h2>\n<h3>\u00bfC\u00f3mo actualizar la contrase\u00f1a o la direcci\u00f3n de correo electr\u00f3nico?<\/h3>\n<p>Si desea cambiar su contrase\u00f1a o direcci\u00f3n de correo electr\u00f3nico de Bonuskong Casino, inicie sesi\u00f3n en su cuenta y vaya a la gesti\u00f3n de la cuenta. Haga clic en la opci\u00f3n para actualizar sus datos de inicio de sesi\u00f3n en Bonuskong, introduzca la nueva informaci\u00f3n y verif\u00edquela siguiendo unos sencillos pasos. Nuestras medidas de seguridad solo permiten que los usuarios autorizados realicen estas actualizaciones.<\/p>\n<h3>\u00bfQu\u00e9 debo hacer si mi cuenta est\u00e1 bloqueada?<\/h3>\n<p>Esto ocurre en raras ocasiones y debe haber una raz\u00f3n. En caso de que su cuenta de Bonuskong haya sido bloqueada, busque el bot\u00f3n de chat en vivo del equipo de asistencia en la p\u00e1gina del casino. Se recomienda realizar el proceso de verificaci\u00f3n si desea que se desbloquee su cuenta. Env\u00edenos todos los documentos solicitados para facilitar el proceso y garantizar el cumplimiento de las normas.<\/p>\n<h3>\u00bfEl equipo de asistencia de Bonuskong Casino habla varios idiomas para ayudar?<\/h3>\n<p>Bonuskong Casino ofrece asistencia multiling\u00fce para atender a jugadores de todo el mundo. Nuestro equipo de asistencia trabaja las 24 horas del d\u00eda, los 7 d\u00edas de la semana, a trav\u00e9s del chat en vivo. Sin duda le ayudaremos. P\u00f3ngase en contacto con nosotros y le daremos una respuesta oportuna a los problemas de su cuenta, cuestiones t\u00e9cnicas o cuestiones de seguridad.<\/p>\n<\/div><\/div><\/p>\n","protected":false},"excerpt":{"rendered":"<p>Inicio de sesi\u00f3n, registro y gesti\u00f3n de cuentas en Bonuskong El Bonuskong login ofrece un f\u00e1cil acceso a nuestro casino en l\u00ednea para disfrutar de diversi\u00f3n sin l\u00edmites. Est\u00e1 protegido con los \u00faltimos avances en seguridad y ofrece comodidad y una gran variedad de juegos de casino. Los usuarios espa\u00f1oles pueden disfrutar de sus t\u00edtulos [&hellip;]<\/p>\n","protected":false},"author":9,"featured_media":0,"parent":0,"menu_order":0,"comment_status":"closed","ping_status":"closed","template":"template-builder.php","meta":{"_acf_changed":false,"inline_featured_image":false,"footnotes":""},"class_list":["post-1461","page","type-page","status-publish","hentry"],"acf":[],"yoast_head":"<!-- This site is optimized with the Yoast SEO plugin v24.4 - https:\/\/yoast.com\/wordpress\/plugins\/seo\/ -->\n<title>Bonuskong Inicio de sesi\u00f3n : registrarse y gestionar la cuenta<\/title>\n<meta name=\"description\" content=\"Cree, gestione y verifique f\u00e1cilmente su cuenta de Bonuskong Casino con un registro r\u00e1pido, una recuperaci\u00f3n de cuenta sin complicaciones y un cierre de cuenta seguro, lo que garantiza una protecci\u00f3n 24\/7 a trav\u00e9s de Bonuskong Login.\" \/>\n<meta name=\"robots\" content=\"index, follow, max-snippet:-1, max-image-preview:large, max-video-preview:-1\" \/>\n<link rel=\"canonical\" href=\"https:\/\/bonus-kong.org\/es\/inicio-de-sesion-y-registro\/\" \/>\n<meta property=\"og:locale\" content=\"es_ES\" \/>\n<meta property=\"og:type\" content=\"article\" \/>\n<meta property=\"og:title\" content=\"Bonuskong Inicio de sesi\u00f3n : registrarse y gestionar la cuenta\" \/>\n<meta property=\"og:description\" content=\"Cree, gestione y verifique f\u00e1cilmente su cuenta de Bonuskong Casino con un registro r\u00e1pido, una recuperaci\u00f3n de cuenta sin complicaciones y un cierre de cuenta seguro, lo que garantiza una protecci\u00f3n 24\/7 a trav\u00e9s de Bonuskong Login.\" \/>\n<meta property=\"og:url\" content=\"https:\/\/bonus-kong.org\/es\/inicio-de-sesion-y-registro\/\" \/>\n<meta property=\"og:site_name\" content=\"bonuskong\" \/>\n<meta property=\"article:modified_time\" content=\"2026-02-10T07:59:26+00:00\" \/>\n<meta name=\"twitter:card\" content=\"summary_large_image\" \/>\n<meta name=\"twitter:label1\" content=\"Est. reading time\" \/>\n\t<meta name=\"twitter:data1\" content=\"1 minute\" \/>\n<script type=\"application\/ld+json\" class=\"yoast-schema-graph\">{\"@context\":\"https:\/\/schema.org\",\"@graph\":[{\"@type\":\"WebPage\",\"@id\":\"https:\/\/bonus-kong.org\/es\/inicio-de-sesion-y-registro\/\",\"url\":\"https:\/\/bonus-kong.org\/es\/inicio-de-sesion-y-registro\/\",\"name\":\"Bonuskong Inicio de sesi\u00f3n : registrarse y gestionar la cuenta\",\"isPartOf\":{\"@id\":\"https:\/\/bonus-kong.org\/es\/#website\"},\"datePublished\":\"2026-02-09T13:03:28+00:00\",\"dateModified\":\"2026-02-10T07:59:26+00:00\",\"description\":\"Cree, gestione y verifique f\u00e1cilmente su cuenta de Bonuskong Casino con un registro r\u00e1pido, una recuperaci\u00f3n de cuenta sin complicaciones y un cierre de cuenta seguro, lo que garantiza una protecci\u00f3n 24\/7 a trav\u00e9s de Bonuskong Login.\",\"breadcrumb\":{\"@id\":\"https:\/\/bonus-kong.org\/es\/inicio-de-sesion-y-registro\/#breadcrumb\"},\"inLanguage\":\"es-ES\",\"potentialAction\":[{\"@type\":\"ReadAction\",\"target\":[\"https:\/\/bonus-kong.org\/es\/inicio-de-sesion-y-registro\/\"]}]},{\"@type\":\"BreadcrumbList\",\"@id\":\"https:\/\/bonus-kong.org\/es\/inicio-de-sesion-y-registro\/#breadcrumb\",\"itemListElement\":[{\"@type\":\"ListItem\",\"position\":1,\"name\":\"Bonuskong\",\"item\":\"https:\/\/bonus-kong.org\/es\/\"},{\"@type\":\"ListItem\",\"position\":2,\"name\":\"Inicio de sesi\u00f3n y Registro\"}]},{\"@type\":\"WebSite\",\"@id\":\"https:\/\/bonus-kong.org\/es\/#website\",\"url\":\"https:\/\/bonus-kong.org\/es\/\",\"name\":\"Bonuskong\",\"description\":\"\",\"publisher\":{\"@id\":\"https:\/\/bonus-kong.org\/es\/#organization\"},\"potentialAction\":[{\"@type\":\"SearchAction\",\"target\":{\"@type\":\"EntryPoint\",\"urlTemplate\":\"https:\/\/bonus-kong.org\/es\/?s={search_term_string}\"},\"query-input\":{\"@type\":\"PropertyValueSpecification\",\"valueRequired\":true,\"valueName\":\"search_term_string\"}}],\"inLanguage\":\"es-ES\"},{\"@type\":\"Organization\",\"@id\":\"https:\/\/bonus-kong.org\/es\/#organization\",\"name\":\"Bonuskong\",\"url\":\"https:\/\/bonus-kong.org\/es\/\",\"logo\":{\"@type\":\"ImageObject\",\"inLanguage\":\"es-ES\",\"@id\":\"https:\/\/bonus-kong.org\/es\/#\/schema\/logo\/image\/\",\"url\":\"https:\/\/bonus-kong.org\/wp-content\/uploads\/2026\/02\/Bonuskong-logo.png\",\"contentUrl\":\"https:\/\/bonus-kong.org\/wp-content\/uploads\/2026\/02\/Bonuskong-logo.png\",\"width\":60,\"height\":24,\"caption\":\"Bonuskong\"},\"image\":{\"@id\":\"https:\/\/bonus-kong.org\/es\/#\/schema\/logo\/image\/\"}}]}<\/script>\n<!-- \/ Yoast SEO plugin. -->","yoast_head_json":{"title":"Bonuskong Inicio de sesi\u00f3n : registrarse y gestionar la cuenta","description":"Cree, gestione y verifique f\u00e1cilmente su cuenta de Bonuskong Casino con un registro r\u00e1pido, una recuperaci\u00f3n de cuenta sin complicaciones y un cierre de cuenta seguro, lo que garantiza una protecci\u00f3n 24\/7 a trav\u00e9s de Bonuskong Login.","robots":{"index":"index","follow":"follow","max-snippet":"max-snippet:-1","max-image-preview":"max-image-preview:large","max-video-preview":"max-video-preview:-1"},"canonical":"https:\/\/bonus-kong.org\/es\/inicio-de-sesion-y-registro\/","og_locale":"es_ES","og_type":"article","og_title":"Bonuskong Inicio de sesi\u00f3n : registrarse y gestionar la cuenta","og_description":"Cree, gestione y verifique f\u00e1cilmente su cuenta de Bonuskong Casino con un registro r\u00e1pido, una recuperaci\u00f3n de cuenta sin complicaciones y un cierre de cuenta seguro, lo que garantiza una protecci\u00f3n 24\/7 a trav\u00e9s de Bonuskong Login.","og_url":"https:\/\/bonus-kong.org\/es\/inicio-de-sesion-y-registro\/","og_site_name":"bonuskong","article_modified_time":"2026-02-10T07:59:26+00:00","twitter_card":"summary_large_image","twitter_misc":{"Est. reading time":"1 minute"},"schema":{"@context":"https:\/\/schema.org","@graph":[{"@type":"WebPage","@id":"https:\/\/bonus-kong.org\/es\/inicio-de-sesion-y-registro\/","url":"https:\/\/bonus-kong.org\/es\/inicio-de-sesion-y-registro\/","name":"Bonuskong Inicio de sesi\u00f3n : registrarse y gestionar la cuenta","isPartOf":{"@id":"https:\/\/bonus-kong.org\/es\/#website"},"datePublished":"2026-02-09T13:03:28+00:00","dateModified":"2026-02-10T07:59:26+00:00","description":"Cree, gestione y verifique f\u00e1cilmente su cuenta de Bonuskong Casino con un registro r\u00e1pido, una recuperaci\u00f3n de cuenta sin complicaciones y un cierre de cuenta seguro, lo que garantiza una protecci\u00f3n 24\/7 a trav\u00e9s de Bonuskong Login.","breadcrumb":{"@id":"https:\/\/bonus-kong.org\/es\/inicio-de-sesion-y-registro\/#breadcrumb"},"inLanguage":"es-ES","potentialAction":[{"@type":"ReadAction","target":["https:\/\/bonus-kong.org\/es\/inicio-de-sesion-y-registro\/"]}]},{"@type":"BreadcrumbList","@id":"https:\/\/bonus-kong.org\/es\/inicio-de-sesion-y-registro\/#breadcrumb","itemListElement":[{"@type":"ListItem","position":1,"name":"Bonuskong","item":"https:\/\/bonus-kong.org\/es\/"},{"@type":"ListItem","position":2,"name":"Inicio de sesi\u00f3n y Registro"}]},{"@type":"WebSite","@id":"https:\/\/bonus-kong.org\/es\/#website","url":"https:\/\/bonus-kong.org\/es\/","name":"Bonuskong","description":"","publisher":{"@id":"https:\/\/bonus-kong.org\/es\/#organization"},"potentialAction":[{"@type":"SearchAction","target":{"@type":"EntryPoint","urlTemplate":"https:\/\/bonus-kong.org\/es\/?s={search_term_string}"},"query-input":{"@type":"PropertyValueSpecification","valueRequired":true,"valueName":"search_term_string"}}],"inLanguage":"es-ES"},{"@type":"Organization","@id":"https:\/\/bonus-kong.org\/es\/#organization","name":"Bonuskong","url":"https:\/\/bonus-kong.org\/es\/","logo":{"@type":"ImageObject","inLanguage":"es-ES","@id":"https:\/\/bonus-kong.org\/es\/#\/schema\/logo\/image\/","url":"https:\/\/bonus-kong.org\/wp-content\/uploads\/2026\/02\/Bonuskong-logo.png","contentUrl":"https:\/\/bonus-kong.org\/wp-content\/uploads\/2026\/02\/Bonuskong-logo.png","width":60,"height":24,"caption":"Bonuskong"},"image":{"@id":"https:\/\/bonus-kong.org\/es\/#\/schema\/logo\/image\/"}}]}},"_links":{"self":[{"href":"https:\/\/bonus-kong.org\/es\/wp-json\/wp\/v2\/pages\/1461"}],"collection":[{"href":"https:\/\/bonus-kong.org\/es\/wp-json\/wp\/v2\/pages"}],"about":[{"href":"https:\/\/bonus-kong.org\/es\/wp-json\/wp\/v2\/types\/page"}],"author":[{"embeddable":true,"href":"https:\/\/bonus-kong.org\/es\/wp-json\/wp\/v2\/users\/9"}],"replies":[{"embeddable":true,"href":"https:\/\/bonus-kong.org\/es\/wp-json\/wp\/v2\/comments?post=1461"}],"version-history":[{"count":1,"href":"https:\/\/bonus-kong.org\/es\/wp-json\/wp\/v2\/pages\/1461\/revisions"}],"predecessor-version":[{"id":1791,"href":"https:\/\/bonus-kong.org\/es\/wp-json\/wp\/v2\/pages\/1461\/revisions\/1791"}],"wp:attachment":[{"href":"https:\/\/bonus-kong.org\/es\/wp-json\/wp\/v2\/media?parent=1461"}],"curies":[{"name":"wp","href":"https:\/\/api.w.org\/{rel}","templated":true}]}}