{"id":1414,"date":"2026-02-09T13:00:40","date_gmt":"2026-02-09T13:00:40","guid":{"rendered":"https:\/\/bonus-kong.org\/app\/"},"modified":"2026-02-09T17:40:20","modified_gmt":"2026-02-09T17:40:20","slug":"app","status":"publish","type":"page","link":"https:\/\/bonus-kong.org\/fr\/app\/","title":{"rendered":"App"},"content":{"rendered":"<h2>Bonus Kong sur les appareils mobiles<\/h2>\n<p>Bonuskong app vous permet de vivre toute l&rsquo;excitation des jeux en ligne sur votre t\u00e9l\u00e9phone mobile. Notre Bonuskong PWA est pratique et performante, permettant aux utilisateurs d&rsquo;acc\u00e9der facilement et de mani\u00e8re constante \u00e0 leurs jeux de casino pr\u00e9f\u00e9r\u00e9s : cartes, options de casino en direct, gains instantan\u00e9s et machines \u00e0 sous. Vous pouvez profiter de tous nos titres gr\u00e2ce \u00e0 l&rsquo;application pour smartphone.<\/p>\n<p>Bonuskong Casino offre une exp\u00e9rience de jeu de la plus haute qualit\u00e9, que vous soyez en d\u00e9placement ou chez vous, gr\u00e2ce \u00e0 sa solution mobile polyvalente.<\/p>\n<div class=\"banner-wrap\" aria-label=\"Banner\"><img src=\"https:\/\/bonus-kong.org\/wp-content\/uploads\/2026\/02\/bonuskong-desktop-banner.webp\" class=\"w-100 d-none d-lg-block img-pc main-banner-img\" alt=\"bonuskong desktop banner\" fetchpriority=\"high\" decoding=\"async\"><img src=\"https:\/\/bonus-kong.org\/wp-content\/uploads\/2026\/02\/bonuskong-mobile.webp\" class=\"w-100 d-none d-md-block d-lg-none main-banner-img\" alt=\"bonuskong mobile banner\" fetchpriority=\"high\" decoding=\"async\"><img src=\"https:\/\/bonus-kong.org\/wp-content\/uploads\/2026\/02\/bonuskong-mobile.webp\" class=\"w-100 d-md-none\" alt=\"bonuskong mobile banner\" fetchpriority=\"high\" decoding=\"async\"><div class=\"banner-description\">\n<div class=\"banner-title\">Bonus de bienvenue<\/div>\n<p class=\"banner-header-title\">1500 \u20ac<\/p>\n<div class=\"banner-header-AdditionalText\">+ 250 Tours gratuits<\/div>\n<button data-item=\"homepage_banner_link\" class=\"goto m-button m-gradient-border m-button--primary m-button--large banner-button btn-orange\">\n            <div class=\"m-button-content\">\n                <span>Inscrivez-vous d\u00e8s maintenant<\/span>\n                <span><\/span>\n            <\/div>\n        <\/button>\n<\/div>\n<div class=\"WelcomePack\">\n<p><img loading=\"lazy\" decoding=\"async\" class=\"alignnone size-full wp-image-1335\" src=\"https:\/\/bonus-kong.org\/wp-content\/uploads\/2026\/02\/welcome-crown.png\" alt=\"welcome crown\" width=\"25\" height=\"26\" \/><\/p>\n<div class=\"WelcomePack-Info\">Cashback hebdomadaire jusqu&rsquo;\u00e0 25 %<\/div>\n<p><img loading=\"lazy\" decoding=\"async\" class=\"alignnone size-full wp-image-1335\" src=\"https:\/\/bonus-kong.org\/wp-content\/uploads\/2026\/02\/welcome-crown.png\" alt=\"welcome crown\" width=\"25\" height=\"26\" \/><\/p>\n<\/div>\n<\/div>\n<h2>Options d&rsquo;acc\u00e8s mobile Bonuskong<\/h2>\n<p>Bonuskong Casino est disponible sur les appareils mobiles et sur notre plateforme de plusieurs fa\u00e7ons afin de r\u00e9pondre aux besoins et aux capacit\u00e9s des diff\u00e9rents utilisateurs. Les deux options fonctionnent tr\u00e8s bien et garantissent un niveau \u00e9lev\u00e9 de performance, de s\u00e9curit\u00e9 et de facilit\u00e9 d&rsquo;utilisation, afin que les joueurs puissent profiter de leurs jeux pr\u00e9f\u00e9r\u00e9s sans compromettre les performances.<\/p>\n<p>Mais pourquoi pr\u00e9f\u00e9rer l&rsquo;application Bonuskong \u00e0 la version bureau ? Nous allons vous l&rsquo;expliquer :<\/p>\n<ul>\n<li>Jeu fluide : jouez \u00e0 vos jeux pr\u00e9f\u00e9r\u00e9s lors de vos d\u00e9placements gr\u00e2ce \u00e0 une plateforme mobile optimis\u00e9e pour offrir des temps de chargement rapides et une grande r\u00e9activit\u00e9.<\/li>\n<li>Facile \u00e0 utiliser : nous proposons une interface conviviale et intuitive pour les joueurs.<\/li>\n<li>Acc\u00e8s complet 24 heures sur 24, 7 jours sur 7 : que vous soyez en d\u00e9placement, chez vous ou en train de vous reposer, quoi que vous fassiez, avec l&rsquo;application Bonuskong, vous pouvez vous connecter et jouer quand vous le souhaitez.<\/li>\n<li>S\u00fbr et performant : jouez sans souci, car toutes les transactions et informations personnelles sont s\u00e9curis\u00e9es par Bonus Kong Casino.<\/li>\n<li>Compatibilit\u00e9 iOS et Android : Bonuskong Casino est compatible avec tous les types de t\u00e9l\u00e9phones et de tablettes.<\/li>\n<\/ul>\n<p><div class=\"scrollable-content-wrap my-5\"><div class=\"scrollable-content-inner\"><h2>Application Bonuskong pour iOS<\/h2>\n<p>L&rsquo;application Bonuskong pour iOS est con\u00e7ue de mani\u00e8re \u00e0 offrir aux utilisateurs d&rsquo;appareils Apple une exp\u00e9rience de jeu fluide et intuitive. Elle offre des vitesses de chargement tr\u00e8s rapides et une grande s\u00e9curit\u00e9, ce qui en fait une exp\u00e9rience de jeu s\u00fbre et s\u00e9curis\u00e9e. L&rsquo;application iOS permet d&rsquo;acc\u00e9der facilement et instantan\u00e9ment \u00e0 diff\u00e9rents types de machines \u00e0 sous en ligne et de jeux avec croupier en direct. Nous mettons \u00e9galement notre application \u00e0 jour r\u00e9guli\u00e8rement. \u00c0 chaque mise \u00e0 jour, vous d\u00e9couvrirez qu&rsquo;elle est plus fonctionnelle et qu&rsquo;elle ajoute de nouvelles fonctionnalit\u00e9s \u00e0 Bonuskong Casino. Elle est optimis\u00e9e pour \u00eatre utilis\u00e9e sur iPhone et iPad et offre des images et des commandes nettes.<\/p>\n<p><img loading=\"lazy\" decoding=\"async\" src=\"https:\/\/bonus-kong.org\/wp-content\/uploads\/2026\/02\/Bonuskong-iOS.webp\" alt=\"Bonuskong iOS\" width=\"1248\" height=\"536\" \/><\/p>\n<\/div><\/div><div style=\"clear: both\"><\/div><div class=\"d-flex justify-content-center\"><button data-item=\"decouvrez_link\" data-group=\"website_links\" class=\"goto fw-bold rounded-pill btn btn-orange\" aria-label=\"T\u00e9l\u00e9chargez l&#039;application Bonuskong\" >T\u00e9l\u00e9chargez l&#039;application Bonuskong<\/button><\/div><div class=\"scrollable-content-wrap my-5\"><div class=\"scrollable-content-inner\"><h2>Application Android Bonuskong<\/h2>\n<p>La version Android de l&rsquo;application Bonuskong est une puissante PWA. C&rsquo;est un v\u00e9ritable cadeau pour les joueurs de casino mobile. Elle est \u00e9galement compatible avec un large \u00e9ventail de t\u00e9l\u00e9phones et de tablettes Android, leur offrant une connexion stable et des graphismes de qualit\u00e9. L&rsquo;application est con\u00e7ue pour \u00eatre rapide \u00e0 installer. Elle se met \u00e0 jour automatiquement. Les joueurs ne sont jamais \u00e0 la tra\u00eene avec les derni\u00e8res mises \u00e0 jour et correctifs. Sa conception conviviale permet une navigation rapide dans les cat\u00e9gories de jeux, les promotions et la gestion du compte. Notre PWA offre une exp\u00e9rience de jeu tr\u00e8s agr\u00e9able dans l&rsquo;ensemble. Les fichiers APK Bonuskong ne sont plus actifs. C&rsquo;est justement pour cette raison que la PWA Bonuskong est bien meilleure, et vous pourrez vous en rendre compte par vous-m\u00eame.<\/p>\n<p><img loading=\"lazy\" decoding=\"async\" src=\"https:\/\/bonus-kong.org\/wp-content\/uploads\/2026\/02\/Bonuskong-Android.webp\" alt=\"Bonuskong Android\" width=\"1248\" height=\"536\" \/><\/p>\n<\/div><\/div><div style=\"clear: both\"><\/div><div class=\"d-flex justify-content-center\"><button data-item=\"decouvrez_link\" data-group=\"website_links\" class=\"goto fw-bold rounded-pill btn btn-orange\" aria-label=\"T\u00e9l\u00e9charger Bonuskong\" >T\u00e9l\u00e9charger Bonuskong<\/button><\/div><div class=\"scrollable-content-wrap my-5\"><div class=\"scrollable-content-inner\"><h2>Applications Windows et Mac<\/h2>\n<p>Outre les solutions mobiles, Bonuskong Casino propose des versions de bureau pour les syst\u00e8mes d&rsquo;exploitation Windows et Mac pour une vue panoramique compl\u00e8te. Il s&rsquo;agit d&rsquo;applications sur \u00e9cran optimis\u00e9es pour une utilisation sur des \u00e9crans plus grands et offrant des graphismes haute r\u00e9solution et des fonctionnalit\u00e9s sophistiqu\u00e9es. Elles proposent \u00e9galement des options int\u00e9ressantes telles que le chat en direct avec l&rsquo;\u00e9quipe d&rsquo;assistance et un processus de v\u00e9rification rapide, afin que les joueurs puissent profiter d&rsquo;une exp\u00e9rience de jeu compl\u00e8te avec la flexibilit\u00e9 d&rsquo;un acc\u00e8s depuis un ordinateur de bureau.<\/p>\n<p>Nous avons maintenant pass\u00e9 en revue diff\u00e9rentes versions de Bonus Kong, mais laquelle choisir ? Consultez le tableau comparatif que nous avons compil\u00e9 et prenez votre d\u00e9cision :<\/p>\n<table>\n<tbody>\n<tr>\n<td>Logiciel<\/td>\n<td>M\u00e9thode d&rsquo;acc\u00e8s<\/td>\n<td>Exigences de stockage<\/td>\n<td>Proc\u00e9dure de mise \u00e0 jour<\/td>\n<td>Avantage principal<\/td>\n<\/tr>\n<tr>\n<td>iOS<\/td>\n<td>Application web progressive (PWA) dans Safari<\/td>\n<td>Tr\u00e8s faible \u2014 se charge dynamiquement<\/td>\n<td>Mises \u00e0 jour automatiques<\/td>\n<td>Int\u00e9gration fluide avec l&rsquo;authentification biom\u00e9trique<\/td>\n<\/tr>\n<tr>\n<td>Android<\/td>\n<td>PWA utilisant Chrome ou d&rsquo;autres navigateurs<\/td>\n<td>Minimale \u2014 aucun fichier d&rsquo;application volumineux requis<\/td>\n<td>Mises \u00e0 jour automatiques via le navigateur<\/td>\n<td>Permet un acc\u00e8s rapide sans passer par le Google Play Store<\/td>\n<\/tr>\n<tr>\n<td>APK<\/td>\n<td>T\u00e9l\u00e9chargement direct depuis le site officiel<\/td>\n<td>N\u00e9cessite un espace de stockage pour le fichier APK<\/td>\n<td>Mise \u00e0 jour manuelle requise en t\u00e9l\u00e9chargeant \u00e0 nouveau<\/td>\n<td>Permet l&rsquo;installation en dehors des boutiques d&rsquo;applications<\/td>\n<\/tr>\n<tr>\n<td>Logiciel Windows\/Mac<\/td>\n<td>Applications de bureau d\u00e9di\u00e9es<\/td>\n<td>Le stockage local varie selon le syst\u00e8me<\/td>\n<td>Aucune mise \u00e0 jour n\u00e9cessaire<\/td>\n<td>Optimis\u00e9 pour les \u00e9crans plus grands avec des fonctionnalit\u00e9s am\u00e9lior\u00e9es<\/td>\n<\/tr>\n<\/tbody>\n<\/table>\n<p>Nous sommes convaincus que vous disposez d\u00e9sormais d&rsquo;une vue d&rsquo;ensemble et que vous pouvez constater les avantages \u00e9vidents de notre application Bonuskong sous forme de PWA.<\/p>\n<p><img loading=\"lazy\" decoding=\"async\" src=\"https:\/\/bonus-kong.org\/wp-content\/uploads\/2026\/02\/Bonuskong-Desktop.webp\" alt=\"Bonuskong Desktop\" width=\"1248\" height=\"536\" \/><\/p>\n<\/div><\/div><div style=\"clear: both\"><\/div><div class=\"d-flex justify-content-center\"><button data-item=\"decouvrez_link\" data-group=\"website_links\" class=\"goto fw-bold rounded-pill btn btn-orange\" aria-label=\"T\u00e9l\u00e9chargez l&#039;application Bonuskong\" >T\u00e9l\u00e9chargez l&#039;application Bonuskong<\/button><\/div><div class=\"scrollable-content-wrap my-5\"><div class=\"scrollable-content-inner\"><h2>FAQ<\/h2>\n<h3>Faut-il cr\u00e9er un compte pour utiliser l&rsquo;application Bonus Kong ?<\/h3>\n<p>Pour profiter au maximum des avantages de l&rsquo;application Bonuskong, vous devez vous inscrire. Sans inscription, seuls nos jeux de d\u00e9monstration sont disponibles, mais nous sommes certains que vous souhaitez effectuer un d\u00e9p\u00f4t et gagner de l&rsquo;argent r\u00e9el. Donc oui, c&rsquo;est n\u00e9cessaire. Lorsque les joueurs ont un compte, ils peuvent d\u00e9poser leur propre argent, participer \u00e0 des activit\u00e9s promotionnelles et obtenir des bonus, sans oublier la proc\u00e9dure de v\u00e9rification qui garantit un niveau \u00e9lev\u00e9 de s\u00e9curit\u00e9 et de conformit\u00e9 l\u00e9gale.<\/p>\n<h3>L&rsquo;application Bonus Kong Casino offre-t-elle un service client\u00e8le ?<\/h3>\n<p>L&rsquo;application Bonuskong offre l&rsquo;avantage de disposer d&rsquo;une \u00e9quipe d&rsquo;assistance d\u00e9di\u00e9e via le chat en direct, l&rsquo;e-mail et d&rsquo;autres moyens de communication. Nous disposons de professionnels comp\u00e9tents qui peuvent vous aider \u00e0 r\u00e9soudre tout probl\u00e8me technique, \u00e0 v\u00e9rifier un compte et \u00e0 r\u00e9pondre \u00e0 toute autre question. Vous passerez sans aucun doute un excellent moment au casino Bonuskong avec nous.<\/p>\n<h3>Comment mettre \u00e0 jour l&rsquo;application Bonuskong Casino ?<\/h3>\n<p>Pas besoin de vous soucier des mises \u00e0 jour, tout se fait automatiquement. Comme nous avons mis en place une PWA, il vous suffit d&rsquo;actualiser votre navigateur ou de vider votre cache r\u00e9guli\u00e8rement pour rester \u00e0 jour. Notre version pour ordinateur fonctionne de la m\u00eame mani\u00e8re : vous n&rsquo;avez rien \u00e0 mettre \u00e0 jour de votre c\u00f4t\u00e9. Vous avez acc\u00e8s \u00e0 toutes les derni\u00e8res fonctionnalit\u00e9s et am\u00e9liorations en mati\u00e8re de s\u00e9curit\u00e9.<\/p>\n<\/div><\/div><\/p>\n","protected":false},"excerpt":{"rendered":"<p>Bonus Kong sur les appareils mobiles Bonuskong app vous permet de vivre toute l&rsquo;excitation des jeux en ligne sur votre t\u00e9l\u00e9phone mobile. Notre Bonuskong PWA est pratique et performante, permettant aux utilisateurs d&rsquo;acc\u00e9der facilement et de mani\u00e8re constante \u00e0 leurs jeux de casino pr\u00e9f\u00e9r\u00e9s : cartes, options de casino en direct, gains instantan\u00e9s et machines [&hellip;]<\/p>\n","protected":false},"author":9,"featured_media":0,"parent":0,"menu_order":0,"comment_status":"closed","ping_status":"closed","template":"template-builder.php","meta":{"_acf_changed":false,"inline_featured_image":false,"footnotes":""},"class_list":["post-1414","page","type-page","status-publish","hentry"],"acf":[],"yoast_head":"<!-- This site is optimized with the Yoast SEO plugin v24.4 - https:\/\/yoast.com\/wordpress\/plugins\/seo\/ -->\n<title>Bonuskong App T\u00e9l\u00e9chargement | iOS et Android<\/title>\n<meta name=\"description\" content=\"L&#039;application Bonuskong garantit une exp\u00e9rience de jeu fluide sur les plateformes Android, iOS, Windows et macOS, avec synchronisation des comptes, mises \u00e0 jour r\u00e9guli\u00e8res et assistance client int\u00e9gr\u00e9e pour une utilisation simplifi\u00e9e.\" \/>\n<meta name=\"robots\" content=\"index, follow, max-snippet:-1, max-image-preview:large, max-video-preview:-1\" \/>\n<link rel=\"canonical\" href=\"https:\/\/bonus-kong.org\/fr\/app\/\" \/>\n<meta property=\"og:locale\" content=\"fr_FR\" \/>\n<meta property=\"og:type\" content=\"article\" \/>\n<meta property=\"og:title\" content=\"Bonuskong App T\u00e9l\u00e9chargement | iOS et Android\" \/>\n<meta property=\"og:description\" content=\"L&#039;application Bonuskong garantit une exp\u00e9rience de jeu fluide sur les plateformes Android, iOS, Windows et macOS, avec synchronisation des comptes, mises \u00e0 jour r\u00e9guli\u00e8res et assistance client int\u00e9gr\u00e9e pour une utilisation simplifi\u00e9e.\" \/>\n<meta property=\"og:url\" content=\"https:\/\/bonus-kong.org\/fr\/app\/\" \/>\n<meta property=\"og:site_name\" content=\"bonuskong\" \/>\n<meta property=\"article:modified_time\" content=\"2026-02-09T17:40:20+00:00\" \/>\n<meta name=\"twitter:card\" content=\"summary_large_image\" \/>\n<meta name=\"twitter:label1\" content=\"Dur\u00e9e de lecture estim\u00e9e\" \/>\n\t<meta name=\"twitter:data1\" content=\"2 minutes\" \/>\n<script type=\"application\/ld+json\" class=\"yoast-schema-graph\">{\"@context\":\"https:\/\/schema.org\",\"@graph\":[{\"@type\":\"WebPage\",\"@id\":\"https:\/\/bonus-kong.org\/fr\/app\/\",\"url\":\"https:\/\/bonus-kong.org\/fr\/app\/\",\"name\":\"Bonuskong App T\u00e9l\u00e9chargement | iOS et Android\",\"isPartOf\":{\"@id\":\"https:\/\/bonus-kong.org\/fr\/#website\"},\"datePublished\":\"2026-02-09T13:00:40+00:00\",\"dateModified\":\"2026-02-09T17:40:20+00:00\",\"description\":\"L'application Bonuskong garantit une exp\u00e9rience de jeu fluide sur les plateformes Android, iOS, Windows et macOS, avec synchronisation des comptes, mises \u00e0 jour r\u00e9guli\u00e8res et assistance client int\u00e9gr\u00e9e pour une utilisation simplifi\u00e9e.\",\"breadcrumb\":{\"@id\":\"https:\/\/bonus-kong.org\/fr\/app\/#breadcrumb\"},\"inLanguage\":\"fr-FR\",\"potentialAction\":[{\"@type\":\"ReadAction\",\"target\":[\"https:\/\/bonus-kong.org\/fr\/app\/\"]}]},{\"@type\":\"BreadcrumbList\",\"@id\":\"https:\/\/bonus-kong.org\/fr\/app\/#breadcrumb\",\"itemListElement\":[{\"@type\":\"ListItem\",\"position\":1,\"name\":\"Bonuskong\",\"item\":\"https:\/\/bonus-kong.org\/fr\/\"},{\"@type\":\"ListItem\",\"position\":2,\"name\":\"App\"}]},{\"@type\":\"WebSite\",\"@id\":\"https:\/\/bonus-kong.org\/fr\/#website\",\"url\":\"https:\/\/bonus-kong.org\/fr\/\",\"name\":\"Bonuskong\",\"description\":\"\",\"publisher\":{\"@id\":\"https:\/\/bonus-kong.org\/fr\/#organization\"},\"potentialAction\":[{\"@type\":\"SearchAction\",\"target\":{\"@type\":\"EntryPoint\",\"urlTemplate\":\"https:\/\/bonus-kong.org\/fr\/?s={search_term_string}\"},\"query-input\":{\"@type\":\"PropertyValueSpecification\",\"valueRequired\":true,\"valueName\":\"search_term_string\"}}],\"inLanguage\":\"fr-FR\"},{\"@type\":\"Organization\",\"@id\":\"https:\/\/bonus-kong.org\/fr\/#organization\",\"name\":\"Bonuskong\",\"url\":\"https:\/\/bonus-kong.org\/fr\/\",\"logo\":{\"@type\":\"ImageObject\",\"inLanguage\":\"fr-FR\",\"@id\":\"https:\/\/bonus-kong.org\/fr\/#\/schema\/logo\/image\/\",\"url\":\"https:\/\/bonus-kong.org\/wp-content\/uploads\/2026\/02\/Bonuskong-logo.png\",\"contentUrl\":\"https:\/\/bonus-kong.org\/wp-content\/uploads\/2026\/02\/Bonuskong-logo.png\",\"width\":60,\"height\":24,\"caption\":\"Bonuskong\"},\"image\":{\"@id\":\"https:\/\/bonus-kong.org\/fr\/#\/schema\/logo\/image\/\"}}]}<\/script>\n<!-- \/ Yoast SEO plugin. -->","yoast_head_json":{"title":"Bonuskong App T\u00e9l\u00e9chargement | iOS et Android","description":"L'application Bonuskong garantit une exp\u00e9rience de jeu fluide sur les plateformes Android, iOS, Windows et macOS, avec synchronisation des comptes, mises \u00e0 jour r\u00e9guli\u00e8res et assistance client int\u00e9gr\u00e9e pour une utilisation simplifi\u00e9e.","robots":{"index":"index","follow":"follow","max-snippet":"max-snippet:-1","max-image-preview":"max-image-preview:large","max-video-preview":"max-video-preview:-1"},"canonical":"https:\/\/bonus-kong.org\/fr\/app\/","og_locale":"fr_FR","og_type":"article","og_title":"Bonuskong App T\u00e9l\u00e9chargement | iOS et Android","og_description":"L'application Bonuskong garantit une exp\u00e9rience de jeu fluide sur les plateformes Android, iOS, Windows et macOS, avec synchronisation des comptes, mises \u00e0 jour r\u00e9guli\u00e8res et assistance client int\u00e9gr\u00e9e pour une utilisation simplifi\u00e9e.","og_url":"https:\/\/bonus-kong.org\/fr\/app\/","og_site_name":"bonuskong","article_modified_time":"2026-02-09T17:40:20+00:00","twitter_card":"summary_large_image","twitter_misc":{"Dur\u00e9e de lecture estim\u00e9e":"2 minutes"},"schema":{"@context":"https:\/\/schema.org","@graph":[{"@type":"WebPage","@id":"https:\/\/bonus-kong.org\/fr\/app\/","url":"https:\/\/bonus-kong.org\/fr\/app\/","name":"Bonuskong App T\u00e9l\u00e9chargement | iOS et Android","isPartOf":{"@id":"https:\/\/bonus-kong.org\/fr\/#website"},"datePublished":"2026-02-09T13:00:40+00:00","dateModified":"2026-02-09T17:40:20+00:00","description":"L'application Bonuskong garantit une exp\u00e9rience de jeu fluide sur les plateformes Android, iOS, Windows et macOS, avec synchronisation des comptes, mises \u00e0 jour r\u00e9guli\u00e8res et assistance client int\u00e9gr\u00e9e pour une utilisation simplifi\u00e9e.","breadcrumb":{"@id":"https:\/\/bonus-kong.org\/fr\/app\/#breadcrumb"},"inLanguage":"fr-FR","potentialAction":[{"@type":"ReadAction","target":["https:\/\/bonus-kong.org\/fr\/app\/"]}]},{"@type":"BreadcrumbList","@id":"https:\/\/bonus-kong.org\/fr\/app\/#breadcrumb","itemListElement":[{"@type":"ListItem","position":1,"name":"Bonuskong","item":"https:\/\/bonus-kong.org\/fr\/"},{"@type":"ListItem","position":2,"name":"App"}]},{"@type":"WebSite","@id":"https:\/\/bonus-kong.org\/fr\/#website","url":"https:\/\/bonus-kong.org\/fr\/","name":"Bonuskong","description":"","publisher":{"@id":"https:\/\/bonus-kong.org\/fr\/#organization"},"potentialAction":[{"@type":"SearchAction","target":{"@type":"EntryPoint","urlTemplate":"https:\/\/bonus-kong.org\/fr\/?s={search_term_string}"},"query-input":{"@type":"PropertyValueSpecification","valueRequired":true,"valueName":"search_term_string"}}],"inLanguage":"fr-FR"},{"@type":"Organization","@id":"https:\/\/bonus-kong.org\/fr\/#organization","name":"Bonuskong","url":"https:\/\/bonus-kong.org\/fr\/","logo":{"@type":"ImageObject","inLanguage":"fr-FR","@id":"https:\/\/bonus-kong.org\/fr\/#\/schema\/logo\/image\/","url":"https:\/\/bonus-kong.org\/wp-content\/uploads\/2026\/02\/Bonuskong-logo.png","contentUrl":"https:\/\/bonus-kong.org\/wp-content\/uploads\/2026\/02\/Bonuskong-logo.png","width":60,"height":24,"caption":"Bonuskong"},"image":{"@id":"https:\/\/bonus-kong.org\/fr\/#\/schema\/logo\/image\/"}}]}},"_links":{"self":[{"href":"https:\/\/bonus-kong.org\/fr\/wp-json\/wp\/v2\/pages\/1414"}],"collection":[{"href":"https:\/\/bonus-kong.org\/fr\/wp-json\/wp\/v2\/pages"}],"about":[{"href":"https:\/\/bonus-kong.org\/fr\/wp-json\/wp\/v2\/types\/page"}],"author":[{"embeddable":true,"href":"https:\/\/bonus-kong.org\/fr\/wp-json\/wp\/v2\/users\/9"}],"replies":[{"embeddable":true,"href":"https:\/\/bonus-kong.org\/fr\/wp-json\/wp\/v2\/comments?post=1414"}],"version-history":[{"count":2,"href":"https:\/\/bonus-kong.org\/fr\/wp-json\/wp\/v2\/pages\/1414\/revisions"}],"predecessor-version":[{"id":1563,"href":"https:\/\/bonus-kong.org\/fr\/wp-json\/wp\/v2\/pages\/1414\/revisions\/1563"}],"wp:attachment":[{"href":"https:\/\/bonus-kong.org\/fr\/wp-json\/wp\/v2\/media?parent=1414"}],"curies":[{"name":"wp","href":"https:\/\/api.w.org\/{rel}","templated":true}]}}