{"id":1456,"date":"2026-02-09T13:03:28","date_gmt":"2026-02-09T13:03:28","guid":{"rendered":"https:\/\/bonus-kong.org\/login-and-registration\/"},"modified":"2026-02-09T17:43:09","modified_gmt":"2026-02-09T17:43:09","slug":"connexion-et-inscription","status":"publish","type":"page","link":"https:\/\/bonus-kong.org\/fr\/connexion-et-inscription\/","title":{"rendered":"Connexion et inscription"},"content":{"rendered":"<h1>Connexion, inscription et gestion de compte Bonuskong<\/h1>\n<p>Bonuskong login vous offre un acc\u00e8s facile \u00e0 notre casino en ligne pour un plaisir de jeu sans fin. Elle est prot\u00e9g\u00e9e par les derni\u00e8res avanc\u00e9es en mati\u00e8re de s\u00e9curit\u00e9 et offre une grande commodit\u00e9 ainsi qu&rsquo;une vari\u00e9t\u00e9 de jeux de casino. Les utilisateurs peuvent profiter de leurs titres pr\u00e9f\u00e9r\u00e9s sur notre plateforme. Nous avons fait tout notre possible pour vous fournir \u00e0 tous des mesures de s\u00e9curit\u00e9 tr\u00e8s sophistiqu\u00e9es et des services pratiques et conviviaux. Vous pouvez profiter de la bonne ambiance de jeu de Bonuskong, propice au jeu responsable.<\/p>\n<p><div class=\"banner-wrap\" aria-label=\"Banner\"><img src=\"https:\/\/bonus-kong.org\/wp-content\/uploads\/2026\/02\/bonuskong-desktop-banner.webp\" class=\"w-100 d-none d-lg-block img-pc main-banner-img\" alt=\"bonuskong desktop banner\" fetchpriority=\"high\" decoding=\"async\"><img src=\"https:\/\/bonus-kong.org\/wp-content\/uploads\/2026\/02\/bonuskong-mobile.webp\" class=\"w-100 d-none d-md-block d-lg-none main-banner-img\" alt=\"bonuskong mobile banner\" fetchpriority=\"high\" decoding=\"async\"><img src=\"https:\/\/bonus-kong.org\/wp-content\/uploads\/2026\/02\/bonuskong-desktop-banner.webp\" class=\"w-100 d-md-none\" alt=\"bonuskong desktop banner\" fetchpriority=\"high\" decoding=\"async\"><div class=\"banner-description\">\n<div class=\"banner-title\">Bonus de bienvenue<\/div>\n<p class=\"banner-header-title\">1500 \u20ac<\/p>\n<div class=\"banner-header-AdditionalText\">+ 250 Tours gratuits<\/div>\n<button data-item=\"homepage_banner_link\" class=\"goto m-button m-gradient-border m-button--primary m-button--large banner-button btn-orange\">\n            <div class=\"m-button-content\">\n                <span>Inscrivez-vous d\u00e8s maintenant<\/span>\n                <span><\/span>\n            <\/div>\n        <\/button>\n<\/div>\n<div class=\"WelcomePack\">\n<p><img loading=\"lazy\" decoding=\"async\" class=\"alignnone size-full wp-image-1335\" src=\"https:\/\/bonus-kong.org\/wp-content\/uploads\/2026\/02\/welcome-crown.png\" alt=\"welcome crown\" width=\"25\" height=\"26\" \/><\/p>\n<div class=\"WelcomePack-Info\">Cashback hebdomadaire jusqu&rsquo;\u00e0 25 %<\/div>\n<p><img loading=\"lazy\" decoding=\"async\" class=\"alignnone size-full wp-image-1335\" src=\"https:\/\/bonus-kong.org\/wp-content\/uploads\/2026\/02\/welcome-crown.png\" alt=\"welcome crown\" width=\"25\" height=\"26\" \/><\/p>\n<\/div>\n<\/div><div class=\"scrollable-content-wrap my-5\"><div class=\"scrollable-content-inner\"><h2>Inscription d&rsquo;un nouvel utilisateur sur Bonus Kong<\/h2>\n<p>En vous inscrivant sur Bonus Kong Casino, vous b\u00e9n\u00e9ficiez d&rsquo;un acc\u00e8s complet \u00e0 un ensemble de fonctionnalit\u00e9s qui rendront votre exp\u00e9rience de jeu encore plus divertissante. Les nouveaux utilisateurs re\u00e7oivent un bonus sp\u00e9cial en guise de bienvenue (jusqu&rsquo;\u00e0 1 500 \u20ac avec 250 tours suppl\u00e9mentaires). Vous pouvez \u00e9galement participer \u00e0 un tournoi promotionnel ainsi qu&rsquo;\u00e0 un programme de fid\u00e9lit\u00e9 gratifiant. La connexion \u00e0 Bonuskong permet aux joueurs d&rsquo;acc\u00e9der \u00e0 une vaste biblioth\u00e8que de jeux et d&rsquo;offres quotidiennes et de g\u00e9rer facilement leurs comptes. C&rsquo;est le premier pas vers une exp\u00e9rience de jeu s\u00fbre et agr\u00e9able.<\/p>\n<h2>Cr\u00e9ez votre compte<\/h2>\n<p>La connexion \u00e0 Bonuskong n&rsquo;est pas compliqu\u00e9e. Nous pouvons vous la d\u00e9composer en plusieurs \u00e9tapes faciles :<\/p>\n<ol>\n<li>Sur la page d&rsquo;accueil de Bonuskong, vous trouverez un bouton intitul\u00e9 \u00ab S&rsquo;inscrire \u00bb.<\/li>\n<li>Remplissez le formulaire d&rsquo;inscription avec vos informations personnelles correctes, telles que votre adresse e-mail et le mot de passe de votre choix.<\/li>\n<li>Vous devez cocher les cases de confirmation d&rsquo;\u00e2ge et d&rsquo;acceptation des conditions g\u00e9n\u00e9rales.<\/li>\n<li>Un code CAPTCHA peut \u00eatre utilis\u00e9 pour v\u00e9rifier votre identit\u00e9 (que vous soyez un robot ou non).<\/li>\n<li>Suivez les instructions contenues dans l&rsquo;e-mail que nous vous avons envoy\u00e9.<\/li>\n<li>Confirmez, et vous avez cr\u00e9\u00e9 un compte sur Bonus Kong.<\/li>\n<li>Connectez-vous facilement \u00e0 Bonuskong d\u00e8s maintenant !<\/li>\n<\/ol>\n<p>Nous n&rsquo;acceptons pas les joueurs \u00e2g\u00e9s de moins de 18 ans. Ce sont nos r\u00e8gles. Nous adh\u00e9rons \u00e0 des politiques de jeu responsable. Apr\u00e8s v\u00e9rification, vous pouvez vous connecter et commencer \u00e0 vous amuser avec une grande vari\u00e9t\u00e9 de jeux et de bonus.<\/p>\n<h2>G\u00e9rer un compte Bonuskong<\/h2>\n<p>Une fois inscrit, notre casino vous invite \u00e0 vous connecter \u00e0 Bonuskong. Ce processus simple vous permet d&rsquo;acc\u00e9der \u00e0 toutes les fonctionnalit\u00e9s de la plateforme. Pour vous connecter :<\/p>\n<ol>\n<li>Allez en haut \u00e0 droite de la page d&rsquo;accueil (bouton \u00ab Connexion \u00bb de Bonuskong).<\/li>\n<li>Saisissez votre adresse e-mail et votre mot de passe enregistr\u00e9s.<\/li>\n<li>Vous pouvez ensuite cliquer sur \u00ab Connexion Bonuskong \u00bb pour d\u00e9couvrir tout ce que nous avons pr\u00e9par\u00e9 pour vous dans notre casino, car vous disposez d\u00e9sormais d&rsquo;un tableau de bord.<\/li>\n<\/ol>\n<p>Mais \u00e0 quoi sert le tableau de bord ?<\/p>\n<ul>\n<li>Vous pouvez v\u00e9rifier et d\u00e9poser de l&rsquo;argent de plusieurs fa\u00e7ons s\u00e9curis\u00e9es.<\/li>\n<li>Vous pouvez \u00e9changer vos bonus et saisir des codes promotionnels.<\/li>\n<li>Consultez l&rsquo;historique des transactions et de l&rsquo;activit\u00e9 dans un jeu.<\/li>\n<li>Modifier et saisir \u00e0 nouveau vos donn\u00e9es personnelles, telles que vos coordonn\u00e9es et vos modes de paiement.<\/li>\n<li>Activer et d\u00e9sactiver l&rsquo;authentification \u00e0 deux facteurs pour renforcer la s\u00e9curit\u00e9 du compte.<\/li>\n<li>Rejoignez les programmes de fid\u00e9lit\u00e9 et VIP pour obtenir un maximum de r\u00e9compenses.<\/li>\n<\/ul>\n<p>L&rsquo;interface est facile \u00e0 utiliser et vous permet de g\u00e9rer vos pr\u00e9f\u00e9rences de jeu de mani\u00e8re s\u00e9curis\u00e9e et efficace. Nous esp\u00e9rons que vous trouverez de nombreuses informations utiles dans votre compte.<\/p>\n<h3>Avez-vous oubli\u00e9 votre mot de passe ?<\/h3>\n<p>Si vous perdez votre mot de passe de connexion Bonuskong, vous pouvez facilement le r\u00e9initialiser :<\/p>\n<table>\n<tbody>\n<tr>\n<td>\u00c9tape<\/td>\n<td>Action<\/td>\n<td>Description<\/td>\n<\/tr>\n<tr>\n<td>1<\/td>\n<td>Cliquez sur le lien \u00ab Mot de passe oubli\u00e9 ? \u00bb.<\/td>\n<td>Situ\u00e9 sur la page de connexion Bonuskong, ce lien lance le processus.<\/td>\n<\/tr>\n<tr>\n<td>2<\/td>\n<td>Saisissez votre adresse e-mail enregistr\u00e9e<\/td>\n<td>Indiquez l&rsquo;adresse e-mail associ\u00e9e \u00e0 votre compte.<\/td>\n<\/tr>\n<tr>\n<td>3<\/td>\n<td>Suivez les instructions contenues dans l&rsquo;e-mail<\/td>\n<td>Consultez votre bo\u00eete de r\u00e9ception pour obtenir des instructions et r\u00e9initialiser votre mot de passe.<\/td>\n<\/tr>\n<\/tbody>\n<\/table>\n<p>Ce processus garantit une r\u00e9cup\u00e9ration rapide de l&rsquo;acc\u00e8s ainsi que des normes de s\u00e9curit\u00e9 \u00e9lev\u00e9es. L&rsquo;\u00e9quipe d&rsquo;assistance est joignable par chat en direct ou par e-mail pour vous aider \u00e0 tout moment.<\/p>\n<h3>Mesures de v\u00e9rification et de s\u00e9curit\u00e9 des comptes Bonuskong Casino<\/h3>\n<p>Bonuskong Casino applique une politique de v\u00e9rification stricte afin de maintenir un environnement de jeu s\u00fbr. Les joueurs doivent s&rsquo;identifier et nous envoyer des documents officiels tels que des factures de services publics et des pi\u00e8ces d&rsquo;identit\u00e9 d\u00e9livr\u00e9es par le gouvernement. Cette mesure est essentielle pour r\u00e9pondre aux exigences de la r\u00e9glementation de notre casino Bonus Kong. Nous luttons contre les escroqueries et aidons tous les joueurs \u00e0 \u00e9viter la fraude et \u00e0 s\u00e9curiser leurs comptes.<\/p>\n<p>Afin de prot\u00e9ger les donn\u00e9es personnelles et les donn\u00e9es transactionnelles, notre plateforme utilise plusieurs syst\u00e8mes de s\u00e9curit\u00e9, tels que le cryptage AES et SSL, des pare-feu et une surveillance constante. Il est recommand\u00e9 aux joueurs d&rsquo;activer la 2FA et de mettre \u00e0 jour r\u00e9guli\u00e8rement les informations de leur compte. Le fait de maintenir \u00e0 jour ses coordonn\u00e9es et de passer rapidement par le processus de v\u00e9rification facilite les retraits et la r\u00e9cup\u00e9ration des comptes.<\/p>\n<h2>FAQ<\/h2>\n<h3>Comment mettre \u00e0 jour le mot de passe ou l&rsquo;adresse e-mail ?<\/h3>\n<p>Si vous souhaitez modifier votre mot de passe ou votre adresse e-mail de Bonuskong Casino, connectez-vous \u00e0 votre compte et rendez-vous dans la section \u00ab Gestion du compte \u00bb. Cliquez sur l&rsquo;option permettant de mettre \u00e0 jour vos informations de connexion Bonuskong, saisissez les nouvelles informations et v\u00e9rifiez-les en suivant quelques \u00e9tapes. Nos mesures de s\u00e9curit\u00e9 permettent uniquement aux utilisateurs autoris\u00e9s d&rsquo;effectuer de telles mises \u00e0 jour.<\/p>\n<h3>Que dois-je faire si mon compte est verrouill\u00e9 ?<\/h3>\n<p>De telles situations sont rares et doivent avoir une raison. Si votre compte Bonuskong a \u00e9t\u00e9 bloqu\u00e9, cliquez sur le bouton du chat en direct de l&rsquo;\u00e9quipe d&rsquo;assistance situ\u00e9 en bas de la page du casino. Le processus de v\u00e9rification est fortement recommand\u00e9 si vous souhaitez d\u00e9bloquer votre compte. Envoyez-nous tous les documents demand\u00e9s afin de faciliter le processus et de garantir le respect des normes.<\/p>\n<h3>L&rsquo;\u00e9quipe d&rsquo;assistance du casino Bonuskong parle-t-elle plusieurs langues pour vous aider ?<\/h3>\n<p>Bonuskong Casino fournit une assistance multilingue pour r\u00e9pondre aux besoins des joueurs du monde entier. Notre \u00e9quipe d&rsquo;assistance est disponible 24 heures sur 24 et 7 jours sur 7 via le chat en direct. Nous vous aiderons sans aucun doute. Contactez-nous et nous vous r\u00e9pondrons dans les meilleurs d\u00e9lais pour tout probl\u00e8me li\u00e9 \u00e0 votre compte, toute question technique ou toute pr\u00e9occupation en mati\u00e8re de s\u00e9curit\u00e9.<\/p>\n<\/div><\/div><\/p>\n","protected":false},"excerpt":{"rendered":"<p>Connexion, inscription et gestion de compte Bonuskong Bonuskong login vous offre un acc\u00e8s facile \u00e0 notre casino en ligne pour un plaisir de jeu sans fin. Elle est prot\u00e9g\u00e9e par les derni\u00e8res avanc\u00e9es en mati\u00e8re de s\u00e9curit\u00e9 et offre une grande commodit\u00e9 ainsi qu&rsquo;une vari\u00e9t\u00e9 de jeux de casino. Les utilisateurs peuvent profiter de leurs [&hellip;]<\/p>\n","protected":false},"author":9,"featured_media":0,"parent":0,"menu_order":0,"comment_status":"closed","ping_status":"closed","template":"template-builder.php","meta":{"_acf_changed":false,"inline_featured_image":false,"footnotes":""},"class_list":["post-1456","page","type-page","status-publish","hentry"],"acf":[],"yoast_head":"<!-- This site is optimized with the Yoast SEO plugin v24.4 - https:\/\/yoast.com\/wordpress\/plugins\/seo\/ -->\n<title>Bonuskong Connexion \u2013 Inscription et gestion du compte<\/title>\n<meta name=\"description\" content=\"Cr\u00e9ez, g\u00e9rez et v\u00e9rifiez facilement votre compte Bonuskong Casino gr\u00e2ce \u00e0 une inscription rapide, une r\u00e9cup\u00e9ration de compte transparente et une fermeture de compte s\u00e9curis\u00e9e, garantissant une protection 24 heures sur 24, 7 jours sur 7 via Bonuskong Login.\" \/>\n<meta name=\"robots\" content=\"index, follow, max-snippet:-1, max-image-preview:large, max-video-preview:-1\" \/>\n<link rel=\"canonical\" href=\"https:\/\/bonus-kong.org\/fr\/connexion-et-inscription\/\" \/>\n<meta property=\"og:locale\" content=\"fr_FR\" \/>\n<meta property=\"og:type\" content=\"article\" \/>\n<meta property=\"og:title\" content=\"Bonuskong Connexion \u2013 Inscription et gestion du compte\" \/>\n<meta property=\"og:description\" content=\"Cr\u00e9ez, g\u00e9rez et v\u00e9rifiez facilement votre compte Bonuskong Casino gr\u00e2ce \u00e0 une inscription rapide, une r\u00e9cup\u00e9ration de compte transparente et une fermeture de compte s\u00e9curis\u00e9e, garantissant une protection 24 heures sur 24, 7 jours sur 7 via Bonuskong Login.\" \/>\n<meta property=\"og:url\" content=\"https:\/\/bonus-kong.org\/fr\/connexion-et-inscription\/\" \/>\n<meta property=\"og:site_name\" content=\"bonuskong\" \/>\n<meta property=\"article:modified_time\" content=\"2026-02-09T17:43:09+00:00\" \/>\n<meta name=\"twitter:card\" content=\"summary_large_image\" \/>\n<meta name=\"twitter:label1\" content=\"Dur\u00e9e de lecture estim\u00e9e\" \/>\n\t<meta name=\"twitter:data1\" content=\"1 minute\" \/>\n<script type=\"application\/ld+json\" class=\"yoast-schema-graph\">{\"@context\":\"https:\/\/schema.org\",\"@graph\":[{\"@type\":\"WebPage\",\"@id\":\"https:\/\/bonus-kong.org\/fr\/connexion-et-inscription\/\",\"url\":\"https:\/\/bonus-kong.org\/fr\/connexion-et-inscription\/\",\"name\":\"Bonuskong Connexion \u2013 Inscription et gestion du compte\",\"isPartOf\":{\"@id\":\"https:\/\/bonus-kong.org\/fr\/#website\"},\"datePublished\":\"2026-02-09T13:03:28+00:00\",\"dateModified\":\"2026-02-09T17:43:09+00:00\",\"description\":\"Cr\u00e9ez, g\u00e9rez et v\u00e9rifiez facilement votre compte Bonuskong Casino gr\u00e2ce \u00e0 une inscription rapide, une r\u00e9cup\u00e9ration de compte transparente et une fermeture de compte s\u00e9curis\u00e9e, garantissant une protection 24 heures sur 24, 7 jours sur 7 via Bonuskong Login.\",\"breadcrumb\":{\"@id\":\"https:\/\/bonus-kong.org\/fr\/connexion-et-inscription\/#breadcrumb\"},\"inLanguage\":\"fr-FR\",\"potentialAction\":[{\"@type\":\"ReadAction\",\"target\":[\"https:\/\/bonus-kong.org\/fr\/connexion-et-inscription\/\"]}]},{\"@type\":\"BreadcrumbList\",\"@id\":\"https:\/\/bonus-kong.org\/fr\/connexion-et-inscription\/#breadcrumb\",\"itemListElement\":[{\"@type\":\"ListItem\",\"position\":1,\"name\":\"Bonuskong\",\"item\":\"https:\/\/bonus-kong.org\/fr\/\"},{\"@type\":\"ListItem\",\"position\":2,\"name\":\"Connexion et inscription\"}]},{\"@type\":\"WebSite\",\"@id\":\"https:\/\/bonus-kong.org\/fr\/#website\",\"url\":\"https:\/\/bonus-kong.org\/fr\/\",\"name\":\"Bonuskong\",\"description\":\"\",\"publisher\":{\"@id\":\"https:\/\/bonus-kong.org\/fr\/#organization\"},\"potentialAction\":[{\"@type\":\"SearchAction\",\"target\":{\"@type\":\"EntryPoint\",\"urlTemplate\":\"https:\/\/bonus-kong.org\/fr\/?s={search_term_string}\"},\"query-input\":{\"@type\":\"PropertyValueSpecification\",\"valueRequired\":true,\"valueName\":\"search_term_string\"}}],\"inLanguage\":\"fr-FR\"},{\"@type\":\"Organization\",\"@id\":\"https:\/\/bonus-kong.org\/fr\/#organization\",\"name\":\"Bonuskong\",\"url\":\"https:\/\/bonus-kong.org\/fr\/\",\"logo\":{\"@type\":\"ImageObject\",\"inLanguage\":\"fr-FR\",\"@id\":\"https:\/\/bonus-kong.org\/fr\/#\/schema\/logo\/image\/\",\"url\":\"https:\/\/bonus-kong.org\/wp-content\/uploads\/2026\/02\/Bonuskong-logo.png\",\"contentUrl\":\"https:\/\/bonus-kong.org\/wp-content\/uploads\/2026\/02\/Bonuskong-logo.png\",\"width\":60,\"height\":24,\"caption\":\"Bonuskong\"},\"image\":{\"@id\":\"https:\/\/bonus-kong.org\/fr\/#\/schema\/logo\/image\/\"}}]}<\/script>\n<!-- \/ Yoast SEO plugin. -->","yoast_head_json":{"title":"Bonuskong Connexion \u2013 Inscription et gestion du compte","description":"Cr\u00e9ez, g\u00e9rez et v\u00e9rifiez facilement votre compte Bonuskong Casino gr\u00e2ce \u00e0 une inscription rapide, une r\u00e9cup\u00e9ration de compte transparente et une fermeture de compte s\u00e9curis\u00e9e, garantissant une protection 24 heures sur 24, 7 jours sur 7 via Bonuskong Login.","robots":{"index":"index","follow":"follow","max-snippet":"max-snippet:-1","max-image-preview":"max-image-preview:large","max-video-preview":"max-video-preview:-1"},"canonical":"https:\/\/bonus-kong.org\/fr\/connexion-et-inscription\/","og_locale":"fr_FR","og_type":"article","og_title":"Bonuskong Connexion \u2013 Inscription et gestion du compte","og_description":"Cr\u00e9ez, g\u00e9rez et v\u00e9rifiez facilement votre compte Bonuskong Casino gr\u00e2ce \u00e0 une inscription rapide, une r\u00e9cup\u00e9ration de compte transparente et une fermeture de compte s\u00e9curis\u00e9e, garantissant une protection 24 heures sur 24, 7 jours sur 7 via Bonuskong Login.","og_url":"https:\/\/bonus-kong.org\/fr\/connexion-et-inscription\/","og_site_name":"bonuskong","article_modified_time":"2026-02-09T17:43:09+00:00","twitter_card":"summary_large_image","twitter_misc":{"Dur\u00e9e de lecture estim\u00e9e":"1 minute"},"schema":{"@context":"https:\/\/schema.org","@graph":[{"@type":"WebPage","@id":"https:\/\/bonus-kong.org\/fr\/connexion-et-inscription\/","url":"https:\/\/bonus-kong.org\/fr\/connexion-et-inscription\/","name":"Bonuskong Connexion \u2013 Inscription et gestion du compte","isPartOf":{"@id":"https:\/\/bonus-kong.org\/fr\/#website"},"datePublished":"2026-02-09T13:03:28+00:00","dateModified":"2026-02-09T17:43:09+00:00","description":"Cr\u00e9ez, g\u00e9rez et v\u00e9rifiez facilement votre compte Bonuskong Casino gr\u00e2ce \u00e0 une inscription rapide, une r\u00e9cup\u00e9ration de compte transparente et une fermeture de compte s\u00e9curis\u00e9e, garantissant une protection 24 heures sur 24, 7 jours sur 7 via Bonuskong Login.","breadcrumb":{"@id":"https:\/\/bonus-kong.org\/fr\/connexion-et-inscription\/#breadcrumb"},"inLanguage":"fr-FR","potentialAction":[{"@type":"ReadAction","target":["https:\/\/bonus-kong.org\/fr\/connexion-et-inscription\/"]}]},{"@type":"BreadcrumbList","@id":"https:\/\/bonus-kong.org\/fr\/connexion-et-inscription\/#breadcrumb","itemListElement":[{"@type":"ListItem","position":1,"name":"Bonuskong","item":"https:\/\/bonus-kong.org\/fr\/"},{"@type":"ListItem","position":2,"name":"Connexion et inscription"}]},{"@type":"WebSite","@id":"https:\/\/bonus-kong.org\/fr\/#website","url":"https:\/\/bonus-kong.org\/fr\/","name":"Bonuskong","description":"","publisher":{"@id":"https:\/\/bonus-kong.org\/fr\/#organization"},"potentialAction":[{"@type":"SearchAction","target":{"@type":"EntryPoint","urlTemplate":"https:\/\/bonus-kong.org\/fr\/?s={search_term_string}"},"query-input":{"@type":"PropertyValueSpecification","valueRequired":true,"valueName":"search_term_string"}}],"inLanguage":"fr-FR"},{"@type":"Organization","@id":"https:\/\/bonus-kong.org\/fr\/#organization","name":"Bonuskong","url":"https:\/\/bonus-kong.org\/fr\/","logo":{"@type":"ImageObject","inLanguage":"fr-FR","@id":"https:\/\/bonus-kong.org\/fr\/#\/schema\/logo\/image\/","url":"https:\/\/bonus-kong.org\/wp-content\/uploads\/2026\/02\/Bonuskong-logo.png","contentUrl":"https:\/\/bonus-kong.org\/wp-content\/uploads\/2026\/02\/Bonuskong-logo.png","width":60,"height":24,"caption":"Bonuskong"},"image":{"@id":"https:\/\/bonus-kong.org\/fr\/#\/schema\/logo\/image\/"}}]}},"_links":{"self":[{"href":"https:\/\/bonus-kong.org\/fr\/wp-json\/wp\/v2\/pages\/1456"}],"collection":[{"href":"https:\/\/bonus-kong.org\/fr\/wp-json\/wp\/v2\/pages"}],"about":[{"href":"https:\/\/bonus-kong.org\/fr\/wp-json\/wp\/v2\/types\/page"}],"author":[{"embeddable":true,"href":"https:\/\/bonus-kong.org\/fr\/wp-json\/wp\/v2\/users\/9"}],"replies":[{"embeddable":true,"href":"https:\/\/bonus-kong.org\/fr\/wp-json\/wp\/v2\/comments?post=1456"}],"version-history":[{"count":1,"href":"https:\/\/bonus-kong.org\/fr\/wp-json\/wp\/v2\/pages\/1456\/revisions"}],"predecessor-version":[{"id":1564,"href":"https:\/\/bonus-kong.org\/fr\/wp-json\/wp\/v2\/pages\/1456\/revisions\/1564"}],"wp:attachment":[{"href":"https:\/\/bonus-kong.org\/fr\/wp-json\/wp\/v2\/media?parent=1456"}],"curies":[{"name":"wp","href":"https:\/\/api.w.org\/{rel}","templated":true}]}}