{"id":1419,"date":"2026-02-09T13:00:40","date_gmt":"2026-02-09T13:00:40","guid":{"rendered":"https:\/\/bonus-kong.org\/app\/"},"modified":"2026-02-10T07:13:14","modified_gmt":"2026-02-10T07:13:14","slug":"applicazione","status":"publish","type":"page","link":"https:\/\/bonus-kong.org\/it\/applicazione\/","title":{"rendered":"Applicazione"},"content":{"rendered":"<h1>Bonus Kong sui dispositivi mobili<\/h1>\n<p>Bonuskong app \u00e8 la tua strada verso l&#8217;emozione di giocare online su un telefono cellulare. La nostra Bonuskong PWA \u00e8 comoda e performante, in modo che gli utenti italiani possano accedere comodamente e in modo costante ai loro giochi da casin\u00f2 preferiti: carte, opzioni di casin\u00f2 live, vincite immediate e slot. Puoi divertirti con tutti i nostri titoli utilizzando l&#8217;app per smartphone.<\/p>\n<p>Bonuskong Casino offre un&#8217;esperienza di gioco di altissima qualit\u00e0 in movimento o a casa con la sua soluzione mobile multiuso.<\/p>\n<div class=\"banner-wrap\" aria-label=\"Banner\"><img src=\"https:\/\/bonus-kong.org\/wp-content\/uploads\/2026\/02\/bonuskong-desktop-banner.webp\" class=\"w-100 d-none d-lg-block img-pc main-banner-img\" alt=\"bonuskong desktop banner\" fetchpriority=\"high\" decoding=\"async\"><img src=\"https:\/\/bonus-kong.org\/wp-content\/uploads\/2026\/02\/bonuskong-mobile.webp\" class=\"w-100 d-none d-md-block d-lg-none main-banner-img\" alt=\"bonuskong mobile banner\" fetchpriority=\"high\" decoding=\"async\"><img src=\"https:\/\/bonus-kong.org\/wp-content\/uploads\/2026\/02\/bonuskong-mobile.webp\" class=\"w-100 d-md-none\" alt=\"bonuskong mobile banner\" fetchpriority=\"high\" decoding=\"async\"><div class=\"banner-description\">\n<div class=\"banner-title\">Bonus di benvenuto<\/div>\n<p class=\"banner-header-title\">1500 \u20ac<\/p>\n<div class=\"banner-header-AdditionalText\">+ 250 Giri gratuiti<\/div>\n<button data-item=\"homepage_banner_link\" class=\"goto m-button m-gradient-border m-button--primary m-button--large banner-button btn-orange\">\n            <div class=\"m-button-content\">\n                <span>Iscriviti ora<\/span>\n                <span><\/span>\n            <\/div>\n        <\/button>\n<\/div>\n<div class=\"WelcomePack\">\n<p><img loading=\"lazy\" decoding=\"async\" class=\"alignnone size-full wp-image-1335\" src=\"https:\/\/bonus-kong.org\/wp-content\/uploads\/2026\/02\/welcome-crown.png\" alt=\"welcome crown\" width=\"25\" height=\"26\" \/><\/p>\n<div class=\"WelcomePack-Info\">Cashback settimanale fino al 25%<\/div>\n<p><img loading=\"lazy\" decoding=\"async\" class=\"alignnone size-full wp-image-1335\" src=\"https:\/\/bonus-kong.org\/wp-content\/uploads\/2026\/02\/welcome-crown.png\" alt=\"welcome crown\" width=\"25\" height=\"26\" \/><\/p>\n<\/div>\n<\/div>\n<h2>Opzioni di accesso mobile a Bonuskong<\/h2>\n<p>Bonuskong Casino \u00e8 disponibile su dispositivi mobili e sulla nostra piattaforma in diversi modi per soddisfare le esigenze e le capacit\u00e0 dei diversi utenti. Entrambe le opzioni funzionano molto bene per garantire un alto livello di prestazioni, sicurezza e facilit\u00e0 d&#8217;uso, in modo che i giocatori possano godersi i loro giochi preferiti senza compromettere le prestazioni.<\/p>\n<p>Ma perch\u00e9 preferire l&#8217;app Bonuskong al desktop? Ve lo spieghiamo subito:<\/p>\n<ul>\n<li>Gioco fluido: gioca ai tuoi giochi preferiti ovunque ti trovi con una piattaforma mobile ottimizzata per garantire tempi di caricamento rapidi e reattivit\u00e0.<\/li>\n<li>Facile da usare: abbiamo un&#8217;interfaccia fantastica e intuitiva per i giocatori.<\/li>\n<li>Accesso completo 24 ore su 24, 7 giorni su 7: sei in viaggio, a casa o ti stai riposando, qualunque cosa tu stia facendo, con l&#8217;app Bonuskong puoi semplicemente accedere e giocare quando vuoi.<\/li>\n<li>Sicuro e affidabile: gioca senza preoccupazioni, poich\u00e9 tutte le transazioni e le informazioni personali sono protette da Bonus Kong Casino.<\/li>\n<li>Compatibilit\u00e0 con iOS e Android: Bonuskong Casino \u00e8 compatibile con ogni tipo di telefono e tablet.<\/li>\n<\/ul>\n<p><div class=\"scrollable-content-wrap my-5\"><div class=\"scrollable-content-inner\"><h2>App Bonuskong per iOS<\/h2>\n<p>L&#8217;app Bonuskong per iOS \u00e8 progettata in modo tale da offrire agli utenti di dispositivi Apple un&#8217;esperienza di gioco fluida e intuitiva. Ha velocit\u00e0 di caricamento molto elevate e un&#8217;ottima sicurezza, che la rendono un&#8217;esperienza di gioco sicura e protetta. L&#8217;applicazione iOS facilita l&#8217;accesso immediato a vari tipi di slot online e giochi con croupier dal vivo. Inoltre, aggiorniamo regolarmente la nostra app. Con ogni aggiornamento, scoprirai che \u00e8 pi\u00f9 funzionale e che sono state aggiunte nuove funzionalit\u00e0 di Bonuskong Casino. \u00c8 ottimizzata per l&#8217;uso su iPhone e iPad e offre immagini e controlli nitidi.<\/p>\n<p><img loading=\"lazy\" decoding=\"async\" src=\"https:\/\/bonus-kong.org\/wp-content\/uploads\/2026\/02\/Bonuskong-iOS.webp\" alt=\"Bonuskong iOS\" width=\"1248\" height=\"536\" \/><\/p>\n<\/div><\/div><div style=\"clear: both\"><\/div><div class=\"d-flex justify-content-center\"><button data-item=\"decouvrez_link\" data-group=\"website_links\" class=\"goto fw-bold rounded-pill btn btn-orange\" aria-label=\"Scarica l&#039;app Bonuskong\" >Scarica l&#039;app Bonuskong<\/button><\/div><div class=\"scrollable-content-wrap my-5\"><div class=\"scrollable-content-inner\"><h2>App Bonuskong per Android<\/h2>\n<p>La versione Android dell&#8217;app Bonuskong per Android \u00e8 una potente PWA. \u00c8 un vero regalo per i giocatori di casin\u00f2 mobile. Funziona anche su un&#8217;ampia gamma di telefoni e tablet Android, offrendo loro una connessione stabile e una grafica di qualit\u00e0. L&#8217;app \u00e8 stata sviluppata per essere veloce da installare. Si aggiorna automaticamente. I giocatori non rimangono mai indietro con gli ultimi aggiornamenti e patch. Il suo design intuitivo consente una navigazione rapida nelle categorie di giochi, promozioni e gestione dell&#8217;account. La nostra PWA offre un&#8217;esperienza di gioco complessivamente molto piacevole. I file APK di Bonuskong non sono pi\u00f9 attivi. Proprio per questo motivo, Bonuskong PWA \u00e8 decisamente migliore e potrete verificarlo voi stessi.<\/p>\n<p><img loading=\"lazy\" decoding=\"async\" src=\"https:\/\/bonus-kong.org\/wp-content\/uploads\/2026\/02\/Bonuskong-Android.webp\" alt=\"Bonuskong Android\" width=\"1248\" height=\"536\" \/><\/p>\n<\/div><\/div><div style=\"clear: both\"><\/div><div class=\"d-flex justify-content-center\"><button data-item=\"decouvrez_link\" data-group=\"website_links\" class=\"goto fw-bold rounded-pill btn btn-orange\" aria-label=\"Scarica Bonuskong\" >Scarica Bonuskong<\/button><\/div><div class=\"scrollable-content-wrap my-5\"><div class=\"scrollable-content-inner\"><h2>Applicazioni per Windows e Mac<\/h2>\n<p>Oltre alle soluzioni mobili, Bonuskong Casino dispone di versioni desktop per sistemi operativi Windows e Mac per una visione panoramica completa. Si tratta di applicazioni basate su schermo ottimizzate per l&#8217;uso su schermi pi\u00f9 grandi e che offrono una grafica ad alta risoluzione e funzionalit\u00e0 sofisticate. Dispongono anche di opzioni interessanti come la chat live con il team di assistenza e un processo di verifica rapido, in modo che i giocatori possano vivere un&#8217;esperienza di gioco completa con la flessibilit\u00e0 dell&#8217;accesso desktop.<\/p>\n<p>Ora abbiamo visto insieme diverse versioni di Bonus Kong, ma quale dovrebbe essere la scelta finale? Dai un&#8217;occhiata alla tabella comparativa che abbiamo compilato e prendi la tua decisione:<\/p>\n<table>\n<tbody>\n<tr>\n<td>Software<\/td>\n<td>Metodo di accesso<\/td>\n<td>Requisiti di archiviazione<\/td>\n<td>Procedura di aggiornamento<\/td>\n<td>Vantaggio principale<\/td>\n<\/tr>\n<tr>\n<td>iOS<\/td>\n<td>Applicazione web progressiva (PWA) in Safari<\/td>\n<td>Molto bassa: caricamento dinamico<\/td>\n<td>Si aggiorna automaticamente<\/td>\n<td>Integrazione fluida con l&#8217;autenticazione biometrica<\/td>\n<\/tr>\n<tr>\n<td>Android<\/td>\n<td>PWA utilizzando Chrome o altri browser<\/td>\n<td>Minimo: non sono necessari file di grandi dimensioni<\/td>\n<td>Aggiornamenti automatici tramite browser<\/td>\n<td>Consente un accesso rapido senza dover ricorrere al Google Play Store<\/td>\n<\/tr>\n<tr>\n<td>APK<\/td>\n<td>Scaricabile direttamente dal sito web ufficiale<\/td>\n<td>Richiede spazio di archiviazione per il file APK<\/td>\n<td>Aggiornamento manuale richiesto tramite nuovo download<\/td>\n<td>Consente l&#8217;installazione al di fuori dei marketplace dell&#8217;<\/td>\n<\/tr>\n<tr>\n<td>Software Windows\/Mac<\/td>\n<td>Applicazioni desktop dedicate<\/td>\n<td>Lo spazio di archiviazione locale varia a seconda del sistema<\/td>\n<td>Non sono necessari aggiornamenti<\/td>\n<td>Ottimizzato per schermi pi\u00f9 grandi con funzionalit\u00e0 avanzate<\/td>\n<\/tr>\n<\/tbody>\n<\/table>\n<p>Siamo certi che ora abbiate un quadro completo e possiate vedere i vantaggi evidenti della nostra app Bonuskong sotto forma di PWA.<\/p>\n<p><img loading=\"lazy\" decoding=\"async\" src=\"https:\/\/bonus-kong.org\/wp-content\/uploads\/2026\/02\/Bonuskong-Desktop.webp\" alt=\"Bonuskong Desktop\" width=\"1248\" height=\"536\" \/><\/p>\n<\/div><\/div><div style=\"clear: both\"><\/div><div class=\"d-flex justify-content-center\"><button data-item=\"decouvrez_link\" data-group=\"website_links\" class=\"goto fw-bold rounded-pill btn btn-orange\" aria-label=\"Scarica l&#039;app Bonuskong\" >Scarica l&#039;app Bonuskong<\/button><\/div><div class=\"scrollable-content-wrap my-5\"><div class=\"scrollable-content-inner\"><h2>Domande frequenti<\/h2>\n<h3>\u00c8 necessario creare un account per utilizzare l&#8217;app Bonus Kong?<\/h3>\n<p>Per ottenere i massimi vantaggi dall&#8217;app Bonuskong, \u00e8 necessario registrarsi. Senza registrazione, sono disponibili solo i nostri giochi demo, ma siamo sicuri che desideri depositare e vincere denaro reale. Quindi s\u00ec, \u00e8 necessario. Quando i giocatori hanno un account, possono versare del denaro proprio, partecipare ad attivit\u00e0 promozionali e ottenere bonus, per non parlare di una procedura di verifica che garantisce alti livelli di sicurezza e conformit\u00e0 legale.<\/p>\n<h3>L&#8217;app Bonus Kong Casino offre assistenza clienti?<\/h3>\n<p>L&#8217;app Bonuskong offre il vantaggio di avere un team di assistenza dedicato tramite live chat, e-mail e altri mezzi di comunicazione. Abbiamo professionisti competenti che possono aiutarti a risolvere qualsiasi problema tecnico, verificare un account e rispondere a qualsiasi altra domanda. Con noi potrai sicuramente divertirti al massimo su Bonuskong Casino.<\/p>\n<h3>Come aggiornare l&#8217;app Bonuskong Casino?<\/h3>\n<p>Non devi preoccuparti degli aggiornamenti: tutto si aggiorna automaticamente. Poich\u00e9 abbiamo implementato PWA, basta aggiornare il browser o svuotare la cache frequentemente per rimanere aggiornati. Anche la nostra versione desktop funziona in modo simile: non \u00e8 necessario aggiornare nulla da parte tua. Puoi avere accesso a tutte le ultime funzionalit\u00e0 e ai miglioramenti di sicurezza<\/p>\n<\/div><\/div><\/p>\n","protected":false},"excerpt":{"rendered":"<p>Bonus Kong sui dispositivi mobili Bonuskong app \u00e8 la tua strada verso l&#8217;emozione di giocare online su un telefono cellulare. La nostra Bonuskong PWA \u00e8 comoda e performante, in modo che gli utenti italiani possano accedere comodamente e in modo costante ai loro giochi da casin\u00f2 preferiti: carte, opzioni di casin\u00f2 live, vincite immediate e [&hellip;]<\/p>\n","protected":false},"author":9,"featured_media":0,"parent":0,"menu_order":0,"comment_status":"closed","ping_status":"closed","template":"template-builder.php","meta":{"_acf_changed":false,"inline_featured_image":false,"footnotes":""},"class_list":["post-1419","page","type-page","status-publish","hentry"],"acf":[],"yoast_head":"<!-- This site is optimized with the Yoast SEO plugin v24.4 - https:\/\/yoast.com\/wordpress\/plugins\/seo\/ -->\n<title>Scarica l&#039;app Bonuskong | iOS e Android<\/title>\n<meta name=\"description\" content=\"L&#039;app Bonuskong garantisce un&#039;esperienza di gioco impeccabile su piattaforme Android, iOS, Windows e macOS, completa di sincronizzazione dell&#039;account, aggiornamenti regolari e assistenza clienti integrata per una maggiore facilit\u00e0 d&#039;uso.\" \/>\n<meta name=\"robots\" content=\"index, follow, max-snippet:-1, max-image-preview:large, max-video-preview:-1\" \/>\n<link rel=\"canonical\" href=\"https:\/\/bonus-kong.org\/it\/applicazione\/\" \/>\n<meta property=\"og:locale\" content=\"it_IT\" \/>\n<meta property=\"og:type\" content=\"article\" \/>\n<meta property=\"og:title\" content=\"Scarica l&#039;app Bonuskong | iOS e Android\" \/>\n<meta property=\"og:description\" content=\"L&#039;app Bonuskong garantisce un&#039;esperienza di gioco impeccabile su piattaforme Android, iOS, Windows e macOS, completa di sincronizzazione dell&#039;account, aggiornamenti regolari e assistenza clienti integrata per una maggiore facilit\u00e0 d&#039;uso.\" \/>\n<meta property=\"og:url\" content=\"https:\/\/bonus-kong.org\/it\/applicazione\/\" \/>\n<meta property=\"og:site_name\" content=\"bonuskong\" \/>\n<meta property=\"article:modified_time\" content=\"2026-02-10T07:13:14+00:00\" \/>\n<meta name=\"twitter:card\" content=\"summary_large_image\" \/>\n<meta name=\"twitter:label1\" content=\"Est. reading time\" \/>\n\t<meta name=\"twitter:data1\" content=\"2 minutes\" \/>\n<script type=\"application\/ld+json\" class=\"yoast-schema-graph\">{\"@context\":\"https:\/\/schema.org\",\"@graph\":[{\"@type\":\"WebPage\",\"@id\":\"https:\/\/bonus-kong.org\/it\/applicazione\/\",\"url\":\"https:\/\/bonus-kong.org\/it\/applicazione\/\",\"name\":\"Scarica l'app Bonuskong | iOS e Android\",\"isPartOf\":{\"@id\":\"https:\/\/bonus-kong.org\/it\/#website\"},\"datePublished\":\"2026-02-09T13:00:40+00:00\",\"dateModified\":\"2026-02-10T07:13:14+00:00\",\"description\":\"L'app Bonuskong garantisce un'esperienza di gioco impeccabile su piattaforme Android, iOS, Windows e macOS, completa di sincronizzazione dell'account, aggiornamenti regolari e assistenza clienti integrata per una maggiore facilit\u00e0 d'uso.\",\"breadcrumb\":{\"@id\":\"https:\/\/bonus-kong.org\/it\/applicazione\/#breadcrumb\"},\"inLanguage\":\"it-IT\",\"potentialAction\":[{\"@type\":\"ReadAction\",\"target\":[\"https:\/\/bonus-kong.org\/it\/applicazione\/\"]}]},{\"@type\":\"BreadcrumbList\",\"@id\":\"https:\/\/bonus-kong.org\/it\/applicazione\/#breadcrumb\",\"itemListElement\":[{\"@type\":\"ListItem\",\"position\":1,\"name\":\"Bonuskong\",\"item\":\"https:\/\/bonus-kong.org\/it\/\"},{\"@type\":\"ListItem\",\"position\":2,\"name\":\"Applicazione\"}]},{\"@type\":\"WebSite\",\"@id\":\"https:\/\/bonus-kong.org\/it\/#website\",\"url\":\"https:\/\/bonus-kong.org\/it\/\",\"name\":\"Bonuskong\",\"description\":\"\",\"publisher\":{\"@id\":\"https:\/\/bonus-kong.org\/it\/#organization\"},\"potentialAction\":[{\"@type\":\"SearchAction\",\"target\":{\"@type\":\"EntryPoint\",\"urlTemplate\":\"https:\/\/bonus-kong.org\/it\/?s={search_term_string}\"},\"query-input\":{\"@type\":\"PropertyValueSpecification\",\"valueRequired\":true,\"valueName\":\"search_term_string\"}}],\"inLanguage\":\"it-IT\"},{\"@type\":\"Organization\",\"@id\":\"https:\/\/bonus-kong.org\/it\/#organization\",\"name\":\"Bonuskong\",\"url\":\"https:\/\/bonus-kong.org\/it\/\",\"logo\":{\"@type\":\"ImageObject\",\"inLanguage\":\"it-IT\",\"@id\":\"https:\/\/bonus-kong.org\/it\/#\/schema\/logo\/image\/\",\"url\":\"https:\/\/bonus-kong.org\/wp-content\/uploads\/2026\/02\/Bonuskong-logo.png\",\"contentUrl\":\"https:\/\/bonus-kong.org\/wp-content\/uploads\/2026\/02\/Bonuskong-logo.png\",\"width\":60,\"height\":24,\"caption\":\"Bonuskong\"},\"image\":{\"@id\":\"https:\/\/bonus-kong.org\/it\/#\/schema\/logo\/image\/\"}}]}<\/script>\n<!-- \/ Yoast SEO plugin. -->","yoast_head_json":{"title":"Scarica l'app Bonuskong | iOS e Android","description":"L'app Bonuskong garantisce un'esperienza di gioco impeccabile su piattaforme Android, iOS, Windows e macOS, completa di sincronizzazione dell'account, aggiornamenti regolari e assistenza clienti integrata per una maggiore facilit\u00e0 d'uso.","robots":{"index":"index","follow":"follow","max-snippet":"max-snippet:-1","max-image-preview":"max-image-preview:large","max-video-preview":"max-video-preview:-1"},"canonical":"https:\/\/bonus-kong.org\/it\/applicazione\/","og_locale":"it_IT","og_type":"article","og_title":"Scarica l'app Bonuskong | iOS e Android","og_description":"L'app Bonuskong garantisce un'esperienza di gioco impeccabile su piattaforme Android, iOS, Windows e macOS, completa di sincronizzazione dell'account, aggiornamenti regolari e assistenza clienti integrata per una maggiore facilit\u00e0 d'uso.","og_url":"https:\/\/bonus-kong.org\/it\/applicazione\/","og_site_name":"bonuskong","article_modified_time":"2026-02-10T07:13:14+00:00","twitter_card":"summary_large_image","twitter_misc":{"Est. reading time":"2 minutes"},"schema":{"@context":"https:\/\/schema.org","@graph":[{"@type":"WebPage","@id":"https:\/\/bonus-kong.org\/it\/applicazione\/","url":"https:\/\/bonus-kong.org\/it\/applicazione\/","name":"Scarica l'app Bonuskong | iOS e Android","isPartOf":{"@id":"https:\/\/bonus-kong.org\/it\/#website"},"datePublished":"2026-02-09T13:00:40+00:00","dateModified":"2026-02-10T07:13:14+00:00","description":"L'app Bonuskong garantisce un'esperienza di gioco impeccabile su piattaforme Android, iOS, Windows e macOS, completa di sincronizzazione dell'account, aggiornamenti regolari e assistenza clienti integrata per una maggiore facilit\u00e0 d'uso.","breadcrumb":{"@id":"https:\/\/bonus-kong.org\/it\/applicazione\/#breadcrumb"},"inLanguage":"it-IT","potentialAction":[{"@type":"ReadAction","target":["https:\/\/bonus-kong.org\/it\/applicazione\/"]}]},{"@type":"BreadcrumbList","@id":"https:\/\/bonus-kong.org\/it\/applicazione\/#breadcrumb","itemListElement":[{"@type":"ListItem","position":1,"name":"Bonuskong","item":"https:\/\/bonus-kong.org\/it\/"},{"@type":"ListItem","position":2,"name":"Applicazione"}]},{"@type":"WebSite","@id":"https:\/\/bonus-kong.org\/it\/#website","url":"https:\/\/bonus-kong.org\/it\/","name":"Bonuskong","description":"","publisher":{"@id":"https:\/\/bonus-kong.org\/it\/#organization"},"potentialAction":[{"@type":"SearchAction","target":{"@type":"EntryPoint","urlTemplate":"https:\/\/bonus-kong.org\/it\/?s={search_term_string}"},"query-input":{"@type":"PropertyValueSpecification","valueRequired":true,"valueName":"search_term_string"}}],"inLanguage":"it-IT"},{"@type":"Organization","@id":"https:\/\/bonus-kong.org\/it\/#organization","name":"Bonuskong","url":"https:\/\/bonus-kong.org\/it\/","logo":{"@type":"ImageObject","inLanguage":"it-IT","@id":"https:\/\/bonus-kong.org\/it\/#\/schema\/logo\/image\/","url":"https:\/\/bonus-kong.org\/wp-content\/uploads\/2026\/02\/Bonuskong-logo.png","contentUrl":"https:\/\/bonus-kong.org\/wp-content\/uploads\/2026\/02\/Bonuskong-logo.png","width":60,"height":24,"caption":"Bonuskong"},"image":{"@id":"https:\/\/bonus-kong.org\/it\/#\/schema\/logo\/image\/"}}]}},"_links":{"self":[{"href":"https:\/\/bonus-kong.org\/it\/wp-json\/wp\/v2\/pages\/1419"}],"collection":[{"href":"https:\/\/bonus-kong.org\/it\/wp-json\/wp\/v2\/pages"}],"about":[{"href":"https:\/\/bonus-kong.org\/it\/wp-json\/wp\/v2\/types\/page"}],"author":[{"embeddable":true,"href":"https:\/\/bonus-kong.org\/it\/wp-json\/wp\/v2\/users\/9"}],"replies":[{"embeddable":true,"href":"https:\/\/bonus-kong.org\/it\/wp-json\/wp\/v2\/comments?post=1419"}],"version-history":[{"count":2,"href":"https:\/\/bonus-kong.org\/it\/wp-json\/wp\/v2\/pages\/1419\/revisions"}],"predecessor-version":[{"id":1714,"href":"https:\/\/bonus-kong.org\/it\/wp-json\/wp\/v2\/pages\/1419\/revisions\/1714"}],"wp:attachment":[{"href":"https:\/\/bonus-kong.org\/it\/wp-json\/wp\/v2\/media?parent=1419"}],"curies":[{"name":"wp","href":"https:\/\/api.w.org\/{rel}","templated":true}]}}