{"id":1459,"date":"2026-02-09T13:03:28","date_gmt":"2026-02-09T13:03:28","guid":{"rendered":"https:\/\/bonus-kong.org\/login-and-registration\/"},"modified":"2026-02-10T07:15:07","modified_gmt":"2026-02-10T07:15:07","slug":"accesso-e-registrazione","status":"publish","type":"page","link":"https:\/\/bonus-kong.org\/it\/accesso-e-registrazione\/","title":{"rendered":"Accesso e registrazione"},"content":{"rendered":"<h1>Accesso, registrazione e gestione dell&#8217;account Bonuskong<\/h1>\n<p>Il Bonuskong login offre un facile accesso al nostro casin\u00f2 online per un divertimento di gioco senza fine. \u00c8 protetto con gli ultimi sviluppi in materia di sicurezza e offre comodit\u00e0 e una variet\u00e0 di giochi da casin\u00f2. Gli utenti italiani possono divertirsi giocando ai loro titoli preferiti sulla nostra piattaforma. Abbiamo fatto tutto il possibile per fornire a tutti voi misure di sicurezza altamente sofisticate e servizi comodi e facili da usare. Potete godervi la buona atmosfera di gioco di Bonuskong, favorevole al gioco responsabile.<\/p>\n<p><div class=\"banner-wrap\" aria-label=\"Banner\"><img src=\"https:\/\/bonus-kong.org\/wp-content\/uploads\/2026\/02\/bonuskong-desktop-banner.webp\" class=\"w-100 d-none d-lg-block img-pc main-banner-img\" alt=\"bonuskong desktop banner\" fetchpriority=\"high\" decoding=\"async\"><img src=\"https:\/\/bonus-kong.org\/wp-content\/uploads\/2026\/02\/bonuskong-mobile.webp\" class=\"w-100 d-none d-md-block d-lg-none main-banner-img\" alt=\"bonuskong mobile banner\" fetchpriority=\"high\" decoding=\"async\"><img src=\"https:\/\/bonus-kong.org\/wp-content\/uploads\/2026\/02\/bonuskong-desktop-banner.webp\" class=\"w-100 d-md-none\" alt=\"bonuskong desktop banner\" fetchpriority=\"high\" decoding=\"async\"><div class=\"banner-description\">\n<div class=\"banner-title\">Bonus di benvenuto<\/div>\n<p class=\"banner-header-title\">1500 \u20ac<\/p>\n<div class=\"banner-header-AdditionalText\">+ 250 Giri gratuiti<\/div>\n<button data-item=\"homepage_banner_link\" class=\"goto m-button m-gradient-border m-button--primary m-button--large banner-button btn-orange\">\n            <div class=\"m-button-content\">\n                <span>Iscriviti ora<\/span>\n                <span><\/span>\n            <\/div>\n        <\/button>\n<\/div>\n<div class=\"WelcomePack\">\n<p><img loading=\"lazy\" decoding=\"async\" class=\"alignnone size-full wp-image-1335\" src=\"https:\/\/bonus-kong.org\/wp-content\/uploads\/2026\/02\/welcome-crown.png\" alt=\"welcome crown\" width=\"25\" height=\"26\" \/><\/p>\n<div class=\"WelcomePack-Info\">Cashback settimanale fino al 25%<\/div>\n<p><img loading=\"lazy\" decoding=\"async\" class=\"alignnone size-full wp-image-1335\" src=\"https:\/\/bonus-kong.org\/wp-content\/uploads\/2026\/02\/welcome-crown.png\" alt=\"welcome crown\" width=\"25\" height=\"26\" \/><\/p>\n<\/div>\n<\/div><div class=\"scrollable-content-wrap my-5\"><div class=\"scrollable-content-inner\"><h2>Registrazione di un nuovo utente su Bonus Kong<\/h2>\n<p>Iscrivendovi al Bonus Kong Casino avrete accesso completo a una serie di funzioni che renderanno la vostra esperienza di gioco pi\u00f9 divertente. I nuovi utenti ricevono un bonus speciale come benvenuto (fino a 1.500 \u20ac con 250 giri aggiuntivi). Potete anche partecipare a un torneo promozionale e a un programma fedelt\u00e0 gratificante. Il login a Bonuskong consente ai giocatori di accedere a una vasta libreria di giochi e offerte giornaliere e di gestire facilmente i propri account. \u00c8 il primo passo verso un&#8217;esperienza di gioco sicura e piacevole.<\/p>\n<h2>Crea il tuo account<\/h2>\n<p>Il login su Bonuskong non \u00e8 complicato. Possiamo suddividerlo in diversi semplici passaggi:<\/p>\n<ol>\n<li>Nella homepage di Bonuskong c&#8217;\u00e8 un pulsante chiamato &#8220;Registrati&#8221;.<\/li>\n<li>Compila il modulo di registrazione con le tue informazioni personali corrette, come il tuo indirizzo e-mail e la password preferita.<\/li>\n<li>Devi spuntare le caselle di conferma dell&#8217;et\u00e0 e di accettazione dei termini e delle condizioni.<\/li>\n<li>\u00c8 possibile utilizzare un codice CAPTCHA per verificare la tua identit\u00e0 (se sei un bot o meno).<\/li>\n<li>Segui le istruzioni contenute nell&#8217;e-mail che ti abbiamo inviato.<\/li>\n<li>Conferma e avrai creato un account su Bonus Kong.<\/li>\n<li>Effettua ora il tuo primo accesso a Bonuskong in tutta semplicit\u00e0!<\/li>\n<\/ol>\n<p>Non possiamo accettare giocatori di et\u00e0 inferiore ai 18 anni. Queste sono le nostre regole. Aderiamo alle politiche di gioco responsabile. Dopo la verifica, potrai effettuare il login e iniziare a divertirti con un&#8217;ampia variet\u00e0 di giochi e bonus.<\/p>\n<h2>Gestione di un account Bonuskong<\/h2>\n<p>Dopo la registrazione, il nostro casin\u00f2 ti d\u00e0 il benvenuto e ti invita ad effettuare il login su Bonuskong. Questo semplice processo ti consente di accedere a tutte le funzionalit\u00e0 della piattaforma. Per effettuare il login:<\/p>\n<ol>\n<li>Vai in alto a destra nella home page (pulsante &#8220;Accedi&#8221; di Bonuskong).<\/li>\n<li>Inserisci il tuo indirizzo e-mail registrato e la password.<\/li>\n<li>Quindi puoi cliccare su Bonuskong login per scoprire tutto ci\u00f2 che abbiamo preparato per te nel nostro casin\u00f2, dato che ora hai una dashboard.<\/li>\n<\/ol>\n<p>Ma a cosa serve la dashboard?<\/p>\n<ul>\n<li>Puoi controllare e depositare denaro in diversi modi sicuri.<\/li>\n<li>Puoi riscattare i tuoi bonus e inserire codici promozionali.<\/li>\n<li>Controlla la cronologia delle transazioni e delle attivit\u00e0 in un gioco.<\/li>\n<li>Modificare e digitare nuovamente i tuoi dati personali, come i recapiti e i metodi di pagamento.<\/li>\n<li>Attiva e disattiva l&#8217;autenticazione a due fattori per aggiungere maggiore sicurezza al tuo account.<\/li>\n<li>Iscriviti ai programmi fedelt\u00e0 e VIP per ottenere il massimo dei premi.<\/li>\n<\/ul>\n<p>L&#8217;interfaccia \u00e8 facile da usare e ti consente di gestire le tue preferenze di gioco in modo sicuro ed efficace. Ci auguriamo che tu possa trovare molte informazioni utili nel tuo account.<\/p>\n<h3>Hai dimenticato la password?<\/h3>\n<p>Se hai perso la password di accesso a Bonuskong, \u00e8 facile reimpostarla:<\/p>\n<table>\n<tbody>\n<tr>\n<td>Passaggio<\/td>\n<td>Azione<\/td>\n<td>Descrizione<\/td>\n<\/tr>\n<tr>\n<td>1<\/td>\n<td>Clicca sul link &#8220;Hai dimenticato la password?&#8221;<\/td>\n<td>Situato nella pagina di accesso di Bonuskong, questo link avvia la procedura.<\/td>\n<\/tr>\n<tr>\n<td>2<\/td>\n<td>Inserisci il tuo indirizzo e-mail registrato<\/td>\n<td>Fornisci l&#8217;indirizzo e-mail associato al tuo account.<\/td>\n<\/tr>\n<tr>\n<td>3<\/td>\n<td>Segui le istruzioni contenute nell&#8217;e-mail<\/td>\n<td>Controlla la tua casella di posta elettronica per le istruzioni e reimposta la tua password.<\/td>\n<\/tr>\n<\/tbody>\n<\/table>\n<p>Il processo garantisce un rapido ripristino dell&#8217;accesso e elevati standard di sicurezza. Il team di assistenza \u00e8 raggiungibile tramite live chat o e-mail per aiutarti in qualsiasi momento.<\/p>\n<h3>Verifica dell&#8217;account e misure di sicurezza di Bonuskong Casino<\/h3>\n<p>Bonuskong Casino ha una rigorosa politica di verifica per mantenere un ambiente di gioco sicuro. I giocatori devono assicurarsi di identificarsi e inviarci documenti ufficiali come bollette e documenti d&#8217;identit\u00e0 rilasciati dal governo. Questa misura \u00e8 essenziale per soddisfare i requisiti delle normative del nostro Bonus Kong Casino. Combattiamo le truffe e aiutiamo tutti i giocatori a evitare le frodi e a proteggere i loro account.<\/p>\n<p>Per proteggere i dati personali e quelli relativi alle transazioni, la nostra piattaforma utilizza diversi sistemi di sicurezza, come la crittografia AES e SSL, firewall e sorveglianza costante. Si consiglia ai giocatori di attivare l&#8217;autenticazione a due fattori (2FA) e di aggiornare regolarmente i dettagli del proprio account. Mantenere aggiornate le informazioni di contatto e completare rapidamente il processo di verifica facilita i prelievi e il recupero degli account.<\/p>\n<h2>Domande frequenti<\/h2>\n<h3>Come aggiornare la password o l&#8217;indirizzo e-mail?<\/h3>\n<p>Se desideri modificare la password o l&#8217;indirizzo e-mail di Bonuskong Casino, accedi al tuo account e vai alla sezione di gestione dell&#8217;account. Clicca sull&#8217;opzione per aggiornare i tuoi dati di accesso a Bonuskong, digita le nuove informazioni e verifica seguendo alcuni passaggi. Le nostre misure di sicurezza consentiranno solo agli utenti autorizzati di effettuare tali aggiornamenti.<\/p>\n<h3>Cosa devo fare se il mio account \u00e8 bloccato?<\/h3>\n<p>Cose del genere accadono raramente e devono avere una ragione. Nel caso in cui il tuo account Bonuskong sia stato bloccato, trova il pulsante della chat live del team di assistenza nella pagina del casin\u00f2. Il processo di verifica \u00e8 davvero consigliato se desideri sbloccare il tuo account. Inviaci tutti i documenti richiesti per facilitare il processo e garantire la conformit\u00e0 agli standard.<\/p>\n<h3>Il team di assistenza di Bonuskong Casino parla diverse lingue per fornire assistenza?<\/h3>\n<p>Bonuskong Casino fornisce assistenza multilingue per soddisfare le esigenze dei giocatori di tutto il mondo. Il nostro team di assistenza \u00e8 disponibile 24 ore su 24, 7 giorni su 7, tramite chat live. Ti aiuteremo sicuramente. Contattaci e ti forniremo una risposta tempestiva a problemi relativi all&#8217;account, questioni tecniche o questioni di sicurezza.<\/p>\n<\/div><\/div><\/p>\n","protected":false},"excerpt":{"rendered":"<p>Accesso, registrazione e gestione dell&#8217;account Bonuskong Il Bonuskong login offre un facile accesso al nostro casin\u00f2 online per un divertimento di gioco senza fine. \u00c8 protetto con gli ultimi sviluppi in materia di sicurezza e offre comodit\u00e0 e una variet\u00e0 di giochi da casin\u00f2. Gli utenti italiani possono divertirsi giocando ai loro titoli preferiti sulla [&hellip;]<\/p>\n","protected":false},"author":9,"featured_media":0,"parent":0,"menu_order":0,"comment_status":"closed","ping_status":"closed","template":"template-builder.php","meta":{"_acf_changed":false,"inline_featured_image":false,"footnotes":""},"class_list":["post-1459","page","type-page","status-publish","hentry"],"acf":[],"yoast_head":"<!-- This site is optimized with the Yoast SEO plugin v24.4 - https:\/\/yoast.com\/wordpress\/plugins\/seo\/ -->\n<title>Bonuskong Login \u2013 Registrazione e gestione dell&#039;account<\/title>\n<meta name=\"description\" content=\"Crea, gestisci e verifica facilmente il tuo account Bonuskong Casino con registrazione rapida, recupero account senza interruzioni e chiusura account sicura, garantendo protezione 24 ore su 24, 7 giorni su 7 tramite Bonuskong Login.\" \/>\n<meta name=\"robots\" content=\"index, follow, max-snippet:-1, max-image-preview:large, max-video-preview:-1\" \/>\n<link rel=\"canonical\" href=\"https:\/\/bonus-kong.org\/it\/accesso-e-registrazione\/\" \/>\n<meta property=\"og:locale\" content=\"it_IT\" \/>\n<meta property=\"og:type\" content=\"article\" \/>\n<meta property=\"og:title\" content=\"Bonuskong Login \u2013 Registrazione e gestione dell&#039;account\" \/>\n<meta property=\"og:description\" content=\"Crea, gestisci e verifica facilmente il tuo account Bonuskong Casino con registrazione rapida, recupero account senza interruzioni e chiusura account sicura, garantendo protezione 24 ore su 24, 7 giorni su 7 tramite Bonuskong Login.\" \/>\n<meta property=\"og:url\" content=\"https:\/\/bonus-kong.org\/it\/accesso-e-registrazione\/\" \/>\n<meta property=\"og:site_name\" content=\"bonuskong\" \/>\n<meta property=\"article:modified_time\" content=\"2026-02-10T07:15:07+00:00\" \/>\n<meta name=\"twitter:card\" content=\"summary_large_image\" \/>\n<meta name=\"twitter:label1\" content=\"Est. reading time\" \/>\n\t<meta name=\"twitter:data1\" content=\"1 minute\" \/>\n<script type=\"application\/ld+json\" class=\"yoast-schema-graph\">{\"@context\":\"https:\/\/schema.org\",\"@graph\":[{\"@type\":\"WebPage\",\"@id\":\"https:\/\/bonus-kong.org\/it\/accesso-e-registrazione\/\",\"url\":\"https:\/\/bonus-kong.org\/it\/accesso-e-registrazione\/\",\"name\":\"Bonuskong Login \u2013 Registrazione e gestione dell'account\",\"isPartOf\":{\"@id\":\"https:\/\/bonus-kong.org\/it\/#website\"},\"datePublished\":\"2026-02-09T13:03:28+00:00\",\"dateModified\":\"2026-02-10T07:15:07+00:00\",\"description\":\"Crea, gestisci e verifica facilmente il tuo account Bonuskong Casino con registrazione rapida, recupero account senza interruzioni e chiusura account sicura, garantendo protezione 24 ore su 24, 7 giorni su 7 tramite Bonuskong Login.\",\"breadcrumb\":{\"@id\":\"https:\/\/bonus-kong.org\/it\/accesso-e-registrazione\/#breadcrumb\"},\"inLanguage\":\"it-IT\",\"potentialAction\":[{\"@type\":\"ReadAction\",\"target\":[\"https:\/\/bonus-kong.org\/it\/accesso-e-registrazione\/\"]}]},{\"@type\":\"BreadcrumbList\",\"@id\":\"https:\/\/bonus-kong.org\/it\/accesso-e-registrazione\/#breadcrumb\",\"itemListElement\":[{\"@type\":\"ListItem\",\"position\":1,\"name\":\"Bonuskong\",\"item\":\"https:\/\/bonus-kong.org\/it\/\"},{\"@type\":\"ListItem\",\"position\":2,\"name\":\"Accesso e registrazione\"}]},{\"@type\":\"WebSite\",\"@id\":\"https:\/\/bonus-kong.org\/it\/#website\",\"url\":\"https:\/\/bonus-kong.org\/it\/\",\"name\":\"Bonuskong\",\"description\":\"\",\"publisher\":{\"@id\":\"https:\/\/bonus-kong.org\/it\/#organization\"},\"potentialAction\":[{\"@type\":\"SearchAction\",\"target\":{\"@type\":\"EntryPoint\",\"urlTemplate\":\"https:\/\/bonus-kong.org\/it\/?s={search_term_string}\"},\"query-input\":{\"@type\":\"PropertyValueSpecification\",\"valueRequired\":true,\"valueName\":\"search_term_string\"}}],\"inLanguage\":\"it-IT\"},{\"@type\":\"Organization\",\"@id\":\"https:\/\/bonus-kong.org\/it\/#organization\",\"name\":\"Bonuskong\",\"url\":\"https:\/\/bonus-kong.org\/it\/\",\"logo\":{\"@type\":\"ImageObject\",\"inLanguage\":\"it-IT\",\"@id\":\"https:\/\/bonus-kong.org\/it\/#\/schema\/logo\/image\/\",\"url\":\"https:\/\/bonus-kong.org\/wp-content\/uploads\/2026\/02\/Bonuskong-logo.png\",\"contentUrl\":\"https:\/\/bonus-kong.org\/wp-content\/uploads\/2026\/02\/Bonuskong-logo.png\",\"width\":60,\"height\":24,\"caption\":\"Bonuskong\"},\"image\":{\"@id\":\"https:\/\/bonus-kong.org\/it\/#\/schema\/logo\/image\/\"}}]}<\/script>\n<!-- \/ Yoast SEO plugin. -->","yoast_head_json":{"title":"Bonuskong Login \u2013 Registrazione e gestione dell'account","description":"Crea, gestisci e verifica facilmente il tuo account Bonuskong Casino con registrazione rapida, recupero account senza interruzioni e chiusura account sicura, garantendo protezione 24 ore su 24, 7 giorni su 7 tramite Bonuskong Login.","robots":{"index":"index","follow":"follow","max-snippet":"max-snippet:-1","max-image-preview":"max-image-preview:large","max-video-preview":"max-video-preview:-1"},"canonical":"https:\/\/bonus-kong.org\/it\/accesso-e-registrazione\/","og_locale":"it_IT","og_type":"article","og_title":"Bonuskong Login \u2013 Registrazione e gestione dell'account","og_description":"Crea, gestisci e verifica facilmente il tuo account Bonuskong Casino con registrazione rapida, recupero account senza interruzioni e chiusura account sicura, garantendo protezione 24 ore su 24, 7 giorni su 7 tramite Bonuskong Login.","og_url":"https:\/\/bonus-kong.org\/it\/accesso-e-registrazione\/","og_site_name":"bonuskong","article_modified_time":"2026-02-10T07:15:07+00:00","twitter_card":"summary_large_image","twitter_misc":{"Est. reading time":"1 minute"},"schema":{"@context":"https:\/\/schema.org","@graph":[{"@type":"WebPage","@id":"https:\/\/bonus-kong.org\/it\/accesso-e-registrazione\/","url":"https:\/\/bonus-kong.org\/it\/accesso-e-registrazione\/","name":"Bonuskong Login \u2013 Registrazione e gestione dell'account","isPartOf":{"@id":"https:\/\/bonus-kong.org\/it\/#website"},"datePublished":"2026-02-09T13:03:28+00:00","dateModified":"2026-02-10T07:15:07+00:00","description":"Crea, gestisci e verifica facilmente il tuo account Bonuskong Casino con registrazione rapida, recupero account senza interruzioni e chiusura account sicura, garantendo protezione 24 ore su 24, 7 giorni su 7 tramite Bonuskong Login.","breadcrumb":{"@id":"https:\/\/bonus-kong.org\/it\/accesso-e-registrazione\/#breadcrumb"},"inLanguage":"it-IT","potentialAction":[{"@type":"ReadAction","target":["https:\/\/bonus-kong.org\/it\/accesso-e-registrazione\/"]}]},{"@type":"BreadcrumbList","@id":"https:\/\/bonus-kong.org\/it\/accesso-e-registrazione\/#breadcrumb","itemListElement":[{"@type":"ListItem","position":1,"name":"Bonuskong","item":"https:\/\/bonus-kong.org\/it\/"},{"@type":"ListItem","position":2,"name":"Accesso e registrazione"}]},{"@type":"WebSite","@id":"https:\/\/bonus-kong.org\/it\/#website","url":"https:\/\/bonus-kong.org\/it\/","name":"Bonuskong","description":"","publisher":{"@id":"https:\/\/bonus-kong.org\/it\/#organization"},"potentialAction":[{"@type":"SearchAction","target":{"@type":"EntryPoint","urlTemplate":"https:\/\/bonus-kong.org\/it\/?s={search_term_string}"},"query-input":{"@type":"PropertyValueSpecification","valueRequired":true,"valueName":"search_term_string"}}],"inLanguage":"it-IT"},{"@type":"Organization","@id":"https:\/\/bonus-kong.org\/it\/#organization","name":"Bonuskong","url":"https:\/\/bonus-kong.org\/it\/","logo":{"@type":"ImageObject","inLanguage":"it-IT","@id":"https:\/\/bonus-kong.org\/it\/#\/schema\/logo\/image\/","url":"https:\/\/bonus-kong.org\/wp-content\/uploads\/2026\/02\/Bonuskong-logo.png","contentUrl":"https:\/\/bonus-kong.org\/wp-content\/uploads\/2026\/02\/Bonuskong-logo.png","width":60,"height":24,"caption":"Bonuskong"},"image":{"@id":"https:\/\/bonus-kong.org\/it\/#\/schema\/logo\/image\/"}}]}},"_links":{"self":[{"href":"https:\/\/bonus-kong.org\/it\/wp-json\/wp\/v2\/pages\/1459"}],"collection":[{"href":"https:\/\/bonus-kong.org\/it\/wp-json\/wp\/v2\/pages"}],"about":[{"href":"https:\/\/bonus-kong.org\/it\/wp-json\/wp\/v2\/types\/page"}],"author":[{"embeddable":true,"href":"https:\/\/bonus-kong.org\/it\/wp-json\/wp\/v2\/users\/9"}],"replies":[{"embeddable":true,"href":"https:\/\/bonus-kong.org\/it\/wp-json\/wp\/v2\/comments?post=1459"}],"version-history":[{"count":2,"href":"https:\/\/bonus-kong.org\/it\/wp-json\/wp\/v2\/pages\/1459\/revisions"}],"predecessor-version":[{"id":1716,"href":"https:\/\/bonus-kong.org\/it\/wp-json\/wp\/v2\/pages\/1459\/revisions\/1716"}],"wp:attachment":[{"href":"https:\/\/bonus-kong.org\/it\/wp-json\/wp\/v2\/media?parent=1459"}],"curies":[{"name":"wp","href":"https:\/\/api.w.org\/{rel}","templated":true}]}}