{"id":1421,"date":"2026-02-09T13:00:40","date_gmt":"2026-02-09T13:00:40","guid":{"rendered":"https:\/\/bonus-kong.org\/app\/"},"modified":"2026-02-10T07:38:09","modified_gmt":"2026-02-10T07:38:09","slug":"aplikacja","status":"publish","type":"page","link":"https:\/\/bonus-kong.org\/pl\/aplikacja\/","title":{"rendered":"Aplikacja"},"content":{"rendered":"<h1>Bonus Kong na urz\u0105dzeniach mobilnych<\/h1>\n<p>Bonuskong app to twoja droga do emocji zwi\u0105zanych z grami online na telefonie kom\u00f3rkowym. Nasza aplikacja Bonuskong PWA jest wygodna i wydajna, dzi\u0119ki czemu polscy u\u017cytkownicy mog\u0105 wygodnie i nieprzerwanie korzysta\u0107 ze swoich ulubionych gier kasynowych: kart, opcji kasyna na \u017cywo, natychmiastowych wygranych i automat\u00f3w. Mo\u017cesz cieszy\u0107 si\u0119 wszystkimi naszymi tytu\u0142ami, korzystaj\u0105c z aplikacji na smartfony.<\/p>\n<p>Bonuskong Casino zapewnia najwy\u017csz\u0105 jako\u015b\u0107 rozrywki w podr\u00f3\u017cy lub w domu dzi\u0119ki wielofunkcyjnemu rozwi\u0105zaniu mobilnemu.<\/p>\n<div class=\"banner-wrap\" aria-label=\"Banner\"><img src=\"https:\/\/bonus-kong.org\/wp-content\/uploads\/2026\/02\/bonuskong-desktop-banner.webp\" class=\"w-100 d-none d-lg-block img-pc main-banner-img\" alt=\"bonuskong desktop banner\" fetchpriority=\"high\" decoding=\"async\"><img src=\"https:\/\/bonus-kong.org\/wp-content\/uploads\/2026\/02\/bonuskong-mobile.webp\" class=\"w-100 d-none d-md-block d-lg-none main-banner-img\" alt=\"bonuskong mobile banner\" fetchpriority=\"high\" decoding=\"async\"><img src=\"https:\/\/bonus-kong.org\/wp-content\/uploads\/2026\/02\/bonuskong-mobile.webp\" class=\"w-100 d-md-none\" alt=\"bonuskong mobile banner\" fetchpriority=\"high\" decoding=\"async\"><div class=\"banner-description\">\n<div class=\"banner-title\">Bonusy powitalne<\/div>\n<p class=\"banner-header-title\">1500 \u20ac<\/p>\n<div class=\"banner-header-AdditionalText\">+ 250 Darmowe spiny<\/div>\n<button data-item=\"homepage_banner_link\" class=\"goto m-button m-gradient-border m-button--primary m-button--large banner-button btn-orange\">\n            <div class=\"m-button-content\">\n                <span>Zarejestruj si\u0119 teraz<\/span>\n                <span><\/span>\n            <\/div>\n        <\/button>\n<\/div>\n<div class=\"WelcomePack\">\n<p><img loading=\"lazy\" decoding=\"async\" class=\"alignnone size-full wp-image-1335\" src=\"https:\/\/bonus-kong.org\/wp-content\/uploads\/2026\/02\/welcome-crown.png\" alt=\"welcome crown\" width=\"25\" height=\"26\" \/><\/p>\n<div class=\"WelcomePack-Info\">Cotygodniowy zwrot got\u00f3wki do 25%<\/div>\n<p><img loading=\"lazy\" decoding=\"async\" class=\"alignnone size-full wp-image-1335\" src=\"https:\/\/bonus-kong.org\/wp-content\/uploads\/2026\/02\/welcome-crown.png\" alt=\"welcome crown\" width=\"25\" height=\"26\" \/><\/p>\n<\/div>\n<\/div>\n<h2>Opcje dost\u0119pu mobilnego Bonuskong<\/h2>\n<p>Kasyno Bonuskong jest dost\u0119pne na urz\u0105dzeniach mobilnych i na naszej platformie na wiele sposob\u00f3w, dostosowanych do potrzeb i mo\u017cliwo\u015bci r\u00f3\u017cnych u\u017cytkownik\u00f3w. Obie opcje dzia\u0142aj\u0105 bardzo dobrze, zapewniaj\u0105c wysoki poziom wydajno\u015bci, bezpiecze\u0144stwa i \u0142atwo\u015bci u\u017cytkowania, dzi\u0119ki czemu gracze mog\u0105 cieszy\u0107 si\u0119 ulubionymi grami bez ryzyka utraty wydajno\u015bci.<\/p>\n<p>Ale dlaczego warto wybra\u0107 aplikacj\u0119 Bonuskong zamiast wersji na komputery stacjonarne? Wyja\u015bnimy to teraz:<\/p>\n<ul>\n<li>P\u0142ynna rozgrywka: graj w swoje ulubione gry w podr\u00f3\u017cy dzi\u0119ki platformie mobilnej, kt\u00f3ra zosta\u0142a zoptymalizowana pod k\u0105tem szybkiego \u0142adowania i responsywno\u015bci.<\/li>\n<li>\u0141atwo\u015b\u0107 obs\u0142ugi: oferujemy graczom \u015bwietny, \u0142atwy w obs\u0142udze interfejs.<\/li>\n<li>Pe\u0142ny dost\u0119p 24\/7: Niezale\u017cnie od tego, czy jeste\u015b w drodze, w domu, czy odpoczywasz, dzi\u0119ki aplikacji Bonuskong mo\u017cesz po prostu zalogowa\u0107 si\u0119 i gra\u0107, kiedy tylko chcesz.<\/li>\n<li>Bezpiecze\u0144stwo i niezawodno\u015b\u0107: graj bez obaw, poniewa\u017c wszystkie transakcje i dane osobowe s\u0105 zabezpieczone przez Bonus Kong Casino.<\/li>\n<li>Kompatybilno\u015b\u0107 z systemami iOS i Android: Bonuskong Casino jest kompatybilne z ka\u017cdym typem telefonu i tabletu.<\/li>\n<\/ul>\n<p><div class=\"scrollable-content-wrap my-5\"><div class=\"scrollable-content-inner\"><h2>Aplikacja Bonuskong na iOS<\/h2>\n<p>Aplikacja Bonuskong na iOS zosta\u0142a zaprojektowana w taki spos\u00f3b, aby zapewni\u0107 u\u017cytkownikom urz\u0105dze\u0144 Apple p\u0142ynn\u0105 i intuicyjn\u0105 rozgrywk\u0119. Charakteryzuje si\u0119 bardzo szybkim \u0142adowaniem i wysokim poziomem bezpiecze\u0144stwa, dzi\u0119ki czemu gra jest bezpieczna. Aplikacja na iOS u\u0142atwia natychmiastowy dost\u0119p do r\u00f3\u017cnych rodzaj\u00f3w automat\u00f3w online i gier z krupierem na \u017cywo. Regularnie aktualizujemy r\u00f3wnie\u017c nasz\u0105 aplikacj\u0119. Z ka\u017cd\u0105 aktualizacj\u0105 odkryjesz, \u017ce jest ona bardziej funkcjonalna i zawiera nowe funkcje Bonuskong Casino. Jest zoptymalizowana do u\u017cytku na iPhone&#8217;ach i iPadach i oferuje ostry obraz oraz precyzyjne sterowanie.<\/p>\n<p><img loading=\"lazy\" decoding=\"async\" src=\"https:\/\/bonus-kong.org\/wp-content\/uploads\/2026\/02\/Bonuskong-iOS.webp\" alt=\"Bonuskong iOS\" width=\"1248\" height=\"536\" \/><\/p>\n<\/div><\/div><div style=\"clear: both\"><\/div><div class=\"d-flex justify-content-center\"><button data-item=\"decouvrez_link\" data-group=\"website_links\" class=\"goto fw-bold rounded-pill btn btn-orange\" aria-label=\"Pobierz aplikacj\u0119 Bonuskong\" >Pobierz aplikacj\u0119 Bonuskong<\/button><\/div><div class=\"scrollable-content-wrap my-5\"><div class=\"scrollable-content-inner\"><h2>Aplikacja Bonuskong na Androida<\/h2>\n<p>Wersja aplikacji Bonuskong na Androida to pot\u0119\u017cna aplikacja PWA. To prawdziwy prezent dla graczy mobilnych kasyn. Obs\u0142uguje r\u00f3wnie\u017c szerokie spektrum telefon\u00f3w i tablet\u00f3w z systemem Android, zapewniaj\u0105c im stabilne po\u0142\u0105czenie i wysokiej jako\u015bci grafik\u0119. Aplikacja zosta\u0142a opracowana tak, aby mo\u017cna j\u0105 by\u0142o szybko zainstalowa\u0107. Aktualizuje si\u0119 automatycznie. Gracze nigdy nie pozostaj\u0105 w tyle z najnowszymi aktualizacjami i poprawkami. Przyjazny dla u\u017cytkownika projekt umo\u017cliwia szybk\u0105 nawigacj\u0119 w kategoriach gier, promocjach i zarz\u0105dzaniu kontem. Nasza aplikacja PWA zapewnia og\u00f3lnie bardzo przyjemne wra\u017cenia z gry. Pliki APK Bonuskong nie s\u0105 ju\u017c aktywne. W\u0142a\u015bnie z tego powodu \u2014 aplikacja Bonuskong PWA jest znacznie lepsza, o czym sam si\u0119 przekonasz.<\/p>\n<p><img loading=\"lazy\" decoding=\"async\" src=\"https:\/\/bonus-kong.org\/wp-content\/uploads\/2026\/02\/Bonuskong-Android.webp\" alt=\"Bonuskong Android\" width=\"1248\" height=\"536\" \/><\/p>\n<\/div><\/div><div style=\"clear: both\"><\/div><div class=\"d-flex justify-content-center\"><button data-item=\"decouvrez_link\" data-group=\"website_links\" class=\"goto fw-bold rounded-pill btn btn-orange\" aria-label=\"Pobierz Bonuskong\" >Pobierz Bonuskong<\/button><\/div><div class=\"scrollable-content-wrap my-5\"><div class=\"scrollable-content-inner\"><h2>Aplikacje dla system\u00f3w Windows i Mac<\/h2>\n<p>Opr\u00f3cz rozwi\u0105za\u0144 mobilnych, Bonuskong Casino oferuje wersje na komputery z systemem Windows i Mac, zapewniaj\u0105ce pe\u0142ny widok panoramiczny. S\u0105 to aplikacje ekranowe, zoptymalizowane do u\u017cytku na wi\u0119kszych ekranach, oferuj\u0105ce grafik\u0119 w wysokiej rozdzielczo\u015bci i zaawansowan\u0105 funkcjonalno\u015b\u0107. Posiadaj\u0105 r\u00f3wnie\u017c przydatne opcje, takie jak czat na \u017cywo z zespo\u0142em wsparcia technicznego i szybki proces weryfikacji, dzi\u0119ki czemu gracze mog\u0105 cieszy\u0107 si\u0119 pe\u0142ni\u0105 wra\u017ce\u0144 z gry, korzystaj\u0105c z elastyczno\u015bci dost\u0119pu z komputera stacjonarnego.<\/p>\n<p>Do tej pory zaprezentowali\u015bmy Pa\u0144stwu r\u00f3\u017cne wersje Bonus Kong, ale kt\u00f3ra z nich powinna by\u0107 ostatecznym wyborem? Prosz\u0119 zapozna\u0107 si\u0119 z tabel\u0105 por\u00f3wnawcz\u0105, kt\u00f3r\u0105 przygotowali\u015bmy, i podj\u0105\u0107 decyzj\u0119:<\/p>\n<table>\n<tbody>\n<tr>\n<td>Oprogramowanie<\/td>\n<td>Spos\u00f3b dost\u0119pu<\/td>\n<td>Wymagania dotycz\u0105ce pami\u0119ci<\/td>\n<td>Procedura aktualizacji<\/td>\n<td>G\u0142\u00f3wna zaleta<\/td>\n<\/tr>\n<tr>\n<td>iOS<\/td>\n<td>Progresywna aplikacja internetowa (PWA) w przegl\u0105darce Safari<\/td>\n<td>Bardzo niskie \u2014 \u0142aduje si\u0119 dynamicznie<\/td>\n<td>Aktualizuje si\u0119 automatycznie<\/td>\n<td>Zapewnia p\u0142ynn\u0105 integracj\u0119 z uwierzytelnianiem biometrycznym<\/td>\n<\/tr>\n<tr>\n<td>Android<\/td>\n<td>PWA przy u\u017cyciu przegl\u0105darki Chrome lub innych przegl\u0105darek<\/td>\n<td>Minimalne \u2014 nie s\u0105 potrzebne du\u017ce pliki aplikacji<\/td>\n<td>Automatyczne aktualizacje za po\u015brednictwem przegl\u0105darki<\/td>\n<td>Umo\u017cliwia szybki dost\u0119p bez konieczno\u015bci korzystania ze sklepu Google Play<\/td>\n<\/tr>\n<tr>\n<td>APK<\/td>\n<td>Pobieranie bezpo\u015brednio z oficjalnej strony internetowej<\/td>\n<td>Wymaga miejsca na dysku na plik APK<\/td>\n<td>Wymagana r\u0119czna aktualizacja poprzez ponowne pobranie<\/td>\n<td>Umo\u017cliwia instalacj\u0119 poza sklepami z aplikacjami typu \u201e \u201d<\/td>\n<\/tr>\n<tr>\n<td>Oprogramowanie dla system\u00f3w Windows\/Mac<\/td>\n<td>Dedykowane aplikacje komputerowe<\/td>\n<td>Pami\u0119\u0107 lokalna r\u00f3\u017cni si\u0119 w zale\u017cno\u015bci od systemu<\/td>\n<td>Nie ma potrzeby aktualizacji<\/td>\n<td>Zoptymalizowane pod k\u0105tem wi\u0119kszych ekran\u00f3w z ulepszonymi funkcjami<\/td>\n<\/tr>\n<\/tbody>\n<\/table>\n<p>Jeste\u015bmy pewni, \u017ce teraz masz pe\u0142ny obraz sytuacji i dostrzegasz oczywiste zalety naszej aplikacji Bonuskong w formie PWA.<\/p>\n<p><img loading=\"lazy\" decoding=\"async\" src=\"https:\/\/bonus-kong.org\/wp-content\/uploads\/2026\/02\/Bonuskong-Desktop.webp\" alt=\"Bonuskong Desktop\" width=\"1248\" height=\"536\" \/><\/p>\n<\/div><\/div><div style=\"clear: both\"><\/div><div class=\"d-flex justify-content-center\"><button data-item=\"decouvrez_link\" data-group=\"website_links\" class=\"goto fw-bold rounded-pill btn btn-orange\" aria-label=\"Pobierz aplikacj\u0119 Bonuskong\" >Pobierz aplikacj\u0119 Bonuskong<\/button><\/div><div class=\"scrollable-content-wrap my-5\"><div class=\"scrollable-content-inner\"><h2>FAQ<\/h2>\n<h3>Czy do korzystania z aplikacji Bonus Kong konieczne jest utworzenie konta?<\/h3>\n<p>Aby uzyska\u0107 maksymalne korzy\u015bci z aplikacji Bonuskong, musisz si\u0119 zarejestrowa\u0107. Bez rejestracji dost\u0119pne s\u0105 tylko nasze gry demo, ale jeste\u015bmy pewni, \u017ce chcesz wp\u0142aci\u0107 pieni\u0105dze i wygra\u0107 prawdziw\u0105 got\u00f3wk\u0119. Tak wi\u0119c, rejestracja jest konieczna. Gdy gracze maj\u0105 konto, mog\u0105 wp\u0142aci\u0107 w\u0142asne pieni\u0105dze, bra\u0107 udzia\u0142 w dzia\u0142aniach promocyjnych i otrzymywa\u0107 bonusy, nie wspominaj\u0105c o procedurze weryfikacyjnej, kt\u00f3ra zapewnia wysoki poziom bezpiecze\u0144stwa i zgodno\u015b\u0107 z prawem.<\/p>\n<h3>Czy aplikacja Bonus Kong Casino oferuje obs\u0142ug\u0119 klienta?<\/h3>\n<p>Aplikacja Bonuskong oferuje korzy\u015bci p\u0142yn\u0105ce z posiadania dedykowanego zespo\u0142u wsparcia poprzez czat na \u017cywo, e-mail i inne \u015brodki komunikacji. Dysponujemy inteligentnymi profesjonalistami, kt\u00f3rzy mog\u0105 pom\u00f3c w rozwi\u0105zywaniu wszelkich problem\u00f3w technicznych, weryfikacji konta i odpowiadaniu na wszelkie inne pytania. Z nami z pewno\u015bci\u0105 sp\u0119dzisz najlepszy czas w kasynie Bonuskong.<\/p>\n<h3>Jak zaktualizowa\u0107 aplikacj\u0119 Bonuskong Casino?<\/h3>\n<p>Nie musisz si\u0119 martwi\u0107 o aktualizacje \u2014 wszystko aktualizuje si\u0119 automatycznie. Poniewa\u017c wdro\u017cyli\u015bmy PWA, wystarczy cz\u0119sto od\u015bwie\u017ca\u0107 przegl\u0105dark\u0119 lub czy\u015bci\u0107 pami\u0119\u0107 podr\u0119czn\u0105, aby by\u0107 na bie\u017c\u0105co. Nasza wersja na komputery stacjonarne dzia\u0142a podobnie \u2014 nie musisz niczego aktualizowa\u0107. Masz dost\u0119p do wszystkich najnowszych funkcji i ulepsze\u0144 bezpiecze\u0144stwa.<\/p>\n<\/div><\/div><\/p>\n","protected":false},"excerpt":{"rendered":"<p>Bonus Kong na urz\u0105dzeniach mobilnych Bonuskong app to twoja droga do emocji zwi\u0105zanych z grami online na telefonie kom\u00f3rkowym. Nasza aplikacja Bonuskong PWA jest wygodna i wydajna, dzi\u0119ki czemu polscy u\u017cytkownicy mog\u0105 wygodnie i nieprzerwanie korzysta\u0107 ze swoich ulubionych gier kasynowych: kart, opcji kasyna na \u017cywo, natychmiastowych wygranych i automat\u00f3w. Mo\u017cesz cieszy\u0107 si\u0119 wszystkimi naszymi [&hellip;]<\/p>\n","protected":false},"author":9,"featured_media":0,"parent":0,"menu_order":0,"comment_status":"closed","ping_status":"closed","template":"template-builder.php","meta":{"_acf_changed":false,"inline_featured_image":false,"footnotes":""},"class_list":["post-1421","page","type-page","status-publish","hentry"],"acf":[],"yoast_head":"<!-- This site is optimized with the Yoast SEO plugin v24.4 - https:\/\/yoast.com\/wordpress\/plugins\/seo\/ -->\n<title>Bonuskong app Pobieranie | iOS i Android<\/title>\n<meta name=\"description\" content=\"Aplikacja Bonuskong zapewnia p\u0142ynn\u0105 rozgrywk\u0119 na platformach Android, iOS, Windows i macOS, wraz z synchronizacj\u0105 kont, regularnymi aktualizacjami i wbudowan\u0105 pomoc\u0105 techniczn\u0105 dla u\u017cytkownik\u00f3w, co zapewnia \u0142atwo\u015b\u0107 obs\u0142ugi.\" \/>\n<meta name=\"robots\" content=\"index, follow, max-snippet:-1, max-image-preview:large, max-video-preview:-1\" \/>\n<link rel=\"canonical\" href=\"https:\/\/bonus-kong.org\/pl\/aplikacja\/\" \/>\n<meta property=\"og:locale\" content=\"pl_PL\" \/>\n<meta property=\"og:type\" content=\"article\" \/>\n<meta property=\"og:title\" content=\"Bonuskong app Pobieranie | iOS i Android\" \/>\n<meta property=\"og:description\" content=\"Aplikacja Bonuskong zapewnia p\u0142ynn\u0105 rozgrywk\u0119 na platformach Android, iOS, Windows i macOS, wraz z synchronizacj\u0105 kont, regularnymi aktualizacjami i wbudowan\u0105 pomoc\u0105 techniczn\u0105 dla u\u017cytkownik\u00f3w, co zapewnia \u0142atwo\u015b\u0107 obs\u0142ugi.\" \/>\n<meta property=\"og:url\" content=\"https:\/\/bonus-kong.org\/pl\/aplikacja\/\" \/>\n<meta property=\"og:site_name\" content=\"bonuskong\" \/>\n<meta property=\"article:modified_time\" content=\"2026-02-10T07:38:09+00:00\" \/>\n<meta name=\"twitter:card\" content=\"summary_large_image\" \/>\n<meta name=\"twitter:label1\" content=\"Est. reading time\" \/>\n\t<meta name=\"twitter:data1\" content=\"2 minutes\" \/>\n<script type=\"application\/ld+json\" class=\"yoast-schema-graph\">{\"@context\":\"https:\/\/schema.org\",\"@graph\":[{\"@type\":\"WebPage\",\"@id\":\"https:\/\/bonus-kong.org\/pl\/aplikacja\/\",\"url\":\"https:\/\/bonus-kong.org\/pl\/aplikacja\/\",\"name\":\"Bonuskong app Pobieranie | iOS i Android\",\"isPartOf\":{\"@id\":\"https:\/\/bonus-kong.org\/pl\/#website\"},\"datePublished\":\"2026-02-09T13:00:40+00:00\",\"dateModified\":\"2026-02-10T07:38:09+00:00\",\"description\":\"Aplikacja Bonuskong zapewnia p\u0142ynn\u0105 rozgrywk\u0119 na platformach Android, iOS, Windows i macOS, wraz z synchronizacj\u0105 kont, regularnymi aktualizacjami i wbudowan\u0105 pomoc\u0105 techniczn\u0105 dla u\u017cytkownik\u00f3w, co zapewnia \u0142atwo\u015b\u0107 obs\u0142ugi.\",\"breadcrumb\":{\"@id\":\"https:\/\/bonus-kong.org\/pl\/aplikacja\/#breadcrumb\"},\"inLanguage\":\"pl-PL\",\"potentialAction\":[{\"@type\":\"ReadAction\",\"target\":[\"https:\/\/bonus-kong.org\/pl\/aplikacja\/\"]}]},{\"@type\":\"BreadcrumbList\",\"@id\":\"https:\/\/bonus-kong.org\/pl\/aplikacja\/#breadcrumb\",\"itemListElement\":[{\"@type\":\"ListItem\",\"position\":1,\"name\":\"Bonuskong\",\"item\":\"https:\/\/bonus-kong.org\/pl\/\"},{\"@type\":\"ListItem\",\"position\":2,\"name\":\"Aplikacja\"}]},{\"@type\":\"WebSite\",\"@id\":\"https:\/\/bonus-kong.org\/pl\/#website\",\"url\":\"https:\/\/bonus-kong.org\/pl\/\",\"name\":\"Bonuskong\",\"description\":\"\",\"publisher\":{\"@id\":\"https:\/\/bonus-kong.org\/pl\/#organization\"},\"potentialAction\":[{\"@type\":\"SearchAction\",\"target\":{\"@type\":\"EntryPoint\",\"urlTemplate\":\"https:\/\/bonus-kong.org\/pl\/?s={search_term_string}\"},\"query-input\":{\"@type\":\"PropertyValueSpecification\",\"valueRequired\":true,\"valueName\":\"search_term_string\"}}],\"inLanguage\":\"pl-PL\"},{\"@type\":\"Organization\",\"@id\":\"https:\/\/bonus-kong.org\/pl\/#organization\",\"name\":\"Bonuskong\",\"url\":\"https:\/\/bonus-kong.org\/pl\/\",\"logo\":{\"@type\":\"ImageObject\",\"inLanguage\":\"pl-PL\",\"@id\":\"https:\/\/bonus-kong.org\/pl\/#\/schema\/logo\/image\/\",\"url\":\"https:\/\/bonus-kong.org\/wp-content\/uploads\/2026\/02\/Bonuskong-logo.png\",\"contentUrl\":\"https:\/\/bonus-kong.org\/wp-content\/uploads\/2026\/02\/Bonuskong-logo.png\",\"width\":60,\"height\":24,\"caption\":\"Bonuskong\"},\"image\":{\"@id\":\"https:\/\/bonus-kong.org\/pl\/#\/schema\/logo\/image\/\"}}]}<\/script>\n<!-- \/ Yoast SEO plugin. -->","yoast_head_json":{"title":"Bonuskong app Pobieranie | iOS i Android","description":"Aplikacja Bonuskong zapewnia p\u0142ynn\u0105 rozgrywk\u0119 na platformach Android, iOS, Windows i macOS, wraz z synchronizacj\u0105 kont, regularnymi aktualizacjami i wbudowan\u0105 pomoc\u0105 techniczn\u0105 dla u\u017cytkownik\u00f3w, co zapewnia \u0142atwo\u015b\u0107 obs\u0142ugi.","robots":{"index":"index","follow":"follow","max-snippet":"max-snippet:-1","max-image-preview":"max-image-preview:large","max-video-preview":"max-video-preview:-1"},"canonical":"https:\/\/bonus-kong.org\/pl\/aplikacja\/","og_locale":"pl_PL","og_type":"article","og_title":"Bonuskong app Pobieranie | iOS i Android","og_description":"Aplikacja Bonuskong zapewnia p\u0142ynn\u0105 rozgrywk\u0119 na platformach Android, iOS, Windows i macOS, wraz z synchronizacj\u0105 kont, regularnymi aktualizacjami i wbudowan\u0105 pomoc\u0105 techniczn\u0105 dla u\u017cytkownik\u00f3w, co zapewnia \u0142atwo\u015b\u0107 obs\u0142ugi.","og_url":"https:\/\/bonus-kong.org\/pl\/aplikacja\/","og_site_name":"bonuskong","article_modified_time":"2026-02-10T07:38:09+00:00","twitter_card":"summary_large_image","twitter_misc":{"Est. reading time":"2 minutes"},"schema":{"@context":"https:\/\/schema.org","@graph":[{"@type":"WebPage","@id":"https:\/\/bonus-kong.org\/pl\/aplikacja\/","url":"https:\/\/bonus-kong.org\/pl\/aplikacja\/","name":"Bonuskong app Pobieranie | iOS i Android","isPartOf":{"@id":"https:\/\/bonus-kong.org\/pl\/#website"},"datePublished":"2026-02-09T13:00:40+00:00","dateModified":"2026-02-10T07:38:09+00:00","description":"Aplikacja Bonuskong zapewnia p\u0142ynn\u0105 rozgrywk\u0119 na platformach Android, iOS, Windows i macOS, wraz z synchronizacj\u0105 kont, regularnymi aktualizacjami i wbudowan\u0105 pomoc\u0105 techniczn\u0105 dla u\u017cytkownik\u00f3w, co zapewnia \u0142atwo\u015b\u0107 obs\u0142ugi.","breadcrumb":{"@id":"https:\/\/bonus-kong.org\/pl\/aplikacja\/#breadcrumb"},"inLanguage":"pl-PL","potentialAction":[{"@type":"ReadAction","target":["https:\/\/bonus-kong.org\/pl\/aplikacja\/"]}]},{"@type":"BreadcrumbList","@id":"https:\/\/bonus-kong.org\/pl\/aplikacja\/#breadcrumb","itemListElement":[{"@type":"ListItem","position":1,"name":"Bonuskong","item":"https:\/\/bonus-kong.org\/pl\/"},{"@type":"ListItem","position":2,"name":"Aplikacja"}]},{"@type":"WebSite","@id":"https:\/\/bonus-kong.org\/pl\/#website","url":"https:\/\/bonus-kong.org\/pl\/","name":"Bonuskong","description":"","publisher":{"@id":"https:\/\/bonus-kong.org\/pl\/#organization"},"potentialAction":[{"@type":"SearchAction","target":{"@type":"EntryPoint","urlTemplate":"https:\/\/bonus-kong.org\/pl\/?s={search_term_string}"},"query-input":{"@type":"PropertyValueSpecification","valueRequired":true,"valueName":"search_term_string"}}],"inLanguage":"pl-PL"},{"@type":"Organization","@id":"https:\/\/bonus-kong.org\/pl\/#organization","name":"Bonuskong","url":"https:\/\/bonus-kong.org\/pl\/","logo":{"@type":"ImageObject","inLanguage":"pl-PL","@id":"https:\/\/bonus-kong.org\/pl\/#\/schema\/logo\/image\/","url":"https:\/\/bonus-kong.org\/wp-content\/uploads\/2026\/02\/Bonuskong-logo.png","contentUrl":"https:\/\/bonus-kong.org\/wp-content\/uploads\/2026\/02\/Bonuskong-logo.png","width":60,"height":24,"caption":"Bonuskong"},"image":{"@id":"https:\/\/bonus-kong.org\/pl\/#\/schema\/logo\/image\/"}}]}},"_links":{"self":[{"href":"https:\/\/bonus-kong.org\/pl\/wp-json\/wp\/v2\/pages\/1421"}],"collection":[{"href":"https:\/\/bonus-kong.org\/pl\/wp-json\/wp\/v2\/pages"}],"about":[{"href":"https:\/\/bonus-kong.org\/pl\/wp-json\/wp\/v2\/types\/page"}],"author":[{"embeddable":true,"href":"https:\/\/bonus-kong.org\/pl\/wp-json\/wp\/v2\/users\/9"}],"replies":[{"embeddable":true,"href":"https:\/\/bonus-kong.org\/pl\/wp-json\/wp\/v2\/comments?post=1421"}],"version-history":[{"count":2,"href":"https:\/\/bonus-kong.org\/pl\/wp-json\/wp\/v2\/pages\/1421\/revisions"}],"predecessor-version":[{"id":1769,"href":"https:\/\/bonus-kong.org\/pl\/wp-json\/wp\/v2\/pages\/1421\/revisions\/1769"}],"wp:attachment":[{"href":"https:\/\/bonus-kong.org\/pl\/wp-json\/wp\/v2\/media?parent=1421"}],"curies":[{"name":"wp","href":"https:\/\/api.w.org\/{rel}","templated":true}]}}