{"id":1460,"date":"2026-02-09T13:03:28","date_gmt":"2026-02-09T13:03:28","guid":{"rendered":"https:\/\/bonus-kong.org\/login-and-registration\/"},"modified":"2026-02-10T07:39:53","modified_gmt":"2026-02-10T07:39:53","slug":"logowanie-i-rejestracja","status":"publish","type":"page","link":"https:\/\/bonus-kong.org\/pl\/logowanie-i-rejestracja\/","title":{"rendered":"Logowanie i rejestracja"},"content":{"rendered":"<h1>Logowanie, rejestracja i zarz\u0105dzanie kontem w Bonuskong<\/h1>\n<p>Bonuskong login zapewnia \u0142atwy dost\u0119p do naszego kasyna online, gdzie mo\u017cna cieszy\u0107 si\u0119 nieko\u0144cz\u0105c\u0105 si\u0119 zabaw\u0105. Jest ono zabezpieczone najnowszymi rozwi\u0105zaniami w zakresie bezpiecze\u0144stwa i zapewnia wygod\u0119 oraz r\u00f3\u017cnorodno\u015b\u0107 gier kasynowych. Polscy u\u017cytkownicy mog\u0105 cieszy\u0107 si\u0119 gr\u0105 w swoje ulubione tytu\u0142y na naszej platformie. Zrobili\u015bmy wszystko, co w naszej mocy, aby zapewni\u0107 wszystkim Pa\u0144stwu wysoce zaawansowane \u015brodki bezpiecze\u0144stwa oraz wygodne i przyjazne dla u\u017cytkownika us\u0142ugi. Mo\u017cecie cieszy\u0107 si\u0119 dobr\u0105 atmosfer\u0105 gry w Bonuskong, kt\u00f3ra sprzyja odpowiedzialnej grze.<\/p>\n<p><div class=\"banner-wrap\" aria-label=\"Banner\"><img src=\"https:\/\/bonus-kong.org\/wp-content\/uploads\/2026\/02\/bonuskong-desktop-banner.webp\" class=\"w-100 d-none d-lg-block img-pc main-banner-img\" alt=\"bonuskong desktop banner\" fetchpriority=\"high\" decoding=\"async\"><img src=\"https:\/\/bonus-kong.org\/wp-content\/uploads\/2026\/02\/bonuskong-mobile.webp\" class=\"w-100 d-none d-md-block d-lg-none main-banner-img\" alt=\"bonuskong mobile banner\" fetchpriority=\"high\" decoding=\"async\"><img src=\"https:\/\/bonus-kong.org\/wp-content\/uploads\/2026\/02\/bonuskong-desktop-banner.webp\" class=\"w-100 d-md-none\" alt=\"bonuskong desktop banner\" fetchpriority=\"high\" decoding=\"async\"><div class=\"banner-description\">\n<div class=\"banner-title\">Bonusy powitalne<\/div>\n<p class=\"banner-header-title\">1500 \u20ac<\/p>\n<div class=\"banner-header-AdditionalText\">+ 250 Darmowe spiny<\/div>\n<button data-item=\"homepage_banner_link\" class=\"goto m-button m-gradient-border m-button--primary m-button--large banner-button btn-orange\">\n            <div class=\"m-button-content\">\n                <span>Zarejestruj si\u0119 teraz<\/span>\n                <span><\/span>\n            <\/div>\n        <\/button>\n<\/div>\n<div class=\"WelcomePack\">\n<p><img loading=\"lazy\" decoding=\"async\" class=\"alignnone size-full wp-image-1335\" src=\"https:\/\/bonus-kong.org\/wp-content\/uploads\/2026\/02\/welcome-crown.png\" alt=\"welcome crown\" width=\"25\" height=\"26\" \/><\/p>\n<div class=\"WelcomePack-Info\">Cotygodniowy zwrot got\u00f3wki do 25%<\/div>\n<p><img loading=\"lazy\" decoding=\"async\" class=\"alignnone size-full wp-image-1335\" src=\"https:\/\/bonus-kong.org\/wp-content\/uploads\/2026\/02\/welcome-crown.png\" alt=\"welcome crown\" width=\"25\" height=\"26\" \/><\/p>\n<\/div>\n<\/div><div class=\"scrollable-content-wrap my-5\"><div class=\"scrollable-content-inner\"><h2>Rejestracja nowego u\u017cytkownika Bonus Kong<\/h2>\n<p>Rejestracja w kasynie Bonus Kong zapewnia pe\u0142ny dost\u0119p do zestawu funkcji, kt\u00f3re sprawi\u0105, \u017ce Twoje wra\u017cenia z gry b\u0119d\u0105 jeszcze bardziej rozrywkowe. Nowi u\u017cytkownicy otrzymuj\u0105 specjalny bonus powitalny (do 1500 \u20ac i 250 dodatkowych spin\u00f3w). Mo\u017cesz r\u00f3wnie\u017c wzi\u0105\u0107 udzia\u0142 w turnieju promocyjnym, a tak\u017ce w programie lojalno\u015bciowym z atrakcyjnymi nagrodami. Logowanie do Bonuskong umo\u017cliwia graczom dost\u0119p do ogromnej biblioteki gier i codziennych ofert oraz \u0142atwe zarz\u0105dzanie kontami. Jest to pierwszy krok w kierunku bezpiecznego i przyjemnego do\u015bwiadczenia z grami.<\/p>\n<h2>Utw\u00f3rz swoje konto<\/h2>\n<p>Logowanie do Bonuskong nie jest skomplikowane. Mo\u017cemy podzieli\u0107 ten proces na kilka prostych krok\u00f3w:<\/p>\n<ol>\n<li>Na stronie g\u0142\u00f3wnej Bonuskong znajduje si\u0119 przycisk \u201eZarejestruj si\u0119\u201d.<\/li>\n<li>Wype\u0142nij formularz rejestracyjny, podaj\u0105c swoje prawdziwe dane osobowe, takie jak adres e-mail i preferowane has\u0142o.<\/li>\n<li>Nale\u017cy zaznaczy\u0107 pola potwierdzaj\u0105ce wiek i akceptacj\u0119 warunk\u00f3w u\u017cytkowania.<\/li>\n<li>Kod CAPTCHA mo\u017ce s\u0142u\u017cy\u0107 do weryfikacji Twojej to\u017csamo\u015bci (czy jeste\u015b botem, czy nie).<\/li>\n<li>Post\u0119puj zgodnie z instrukcjami zawartymi w wiadomo\u015bci e-mail, kt\u00f3r\u0105 Ci wys\u0142ali\u015bmy.<\/li>\n<li>Potwierd\u017a, a utworzysz konto w Bonus Kong.<\/li>\n<li>Zaloguj si\u0119 teraz po raz pierwszy do Bonuskong!<\/li>\n<\/ol>\n<p>Nie akceptujemy graczy poni\u017cej 18 roku \u017cycia. Takie s\u0105 nasze zasady. Przestrzegamy zasad odpowiedzialnej gry. Po weryfikacji mo\u017cesz si\u0119 zalogowa\u0107 i zacz\u0105\u0107 korzysta\u0107 z szerokiej gamy gier i bonus\u00f3w.<\/p>\n<h2>Zarz\u0105dzanie kontem Bonuskong<\/h2>\n<p>Po rejestracji nasze kasyno zaprasza Ci\u0119 do zalogowania si\u0119 do Bonuskong. Ten prosty proces umo\u017cliwia dost\u0119p do wszystkich funkcji platformy. Aby si\u0119 zalogowa\u0107:<\/p>\n<ol>\n<li>Przejd\u017a do prawego g\u00f3rnego rogu strony g\u0142\u00f3wnej (przycisk \u201eZaloguj si\u0119\u201d Bonuskong).<\/li>\n<li>Wprowad\u017a sw\u00f3j zarejestrowany adres e-mail i has\u0142o.<\/li>\n<li>Nast\u0119pnie mo\u017cesz klikn\u0105\u0107 \u201eZaloguj si\u0119 do Bonuskong\u201d, aby odkry\u0107 wszystko, co przygotowali\u015bmy dla Ciebie w naszym kasynie, poniewa\u017c masz teraz dost\u0119p do pulpitu nawigacyjnego.<\/li>\n<\/ol>\n<p>Ale czym jest panel u\u017cytkownika?<\/p>\n<ul>\n<li>Mo\u017cesz sprawdza\u0107 stan konta i wp\u0142aca\u0107 pieni\u0105dze na wiele bezpiecznych sposob\u00f3w.<\/li>\n<li>Mo\u017cesz realizowa\u0107 swoje bonusy i wprowadza\u0107 kody promocyjne.<\/li>\n<li>Sprawd\u017a histori\u0119 transakcji i aktywno\u015b\u0107 w grze.<\/li>\n<li>Mo\u017cesz edytowa\u0107 i ponownie wprowadzi\u0107 swoje dane osobowe, takie jak dane kontaktowe i metody p\u0142atno\u015bci.<\/li>\n<li>W\u0142\u0105czy\u0107 i wy\u0142\u0105czy\u0107 uwierzytelnianie dwusk\u0142adnikowe, aby zwi\u0119kszy\u0107 bezpiecze\u0144stwo konta.<\/li>\n<li>Do\u0142\u0105cz do program\u00f3w lojalno\u015bciowych i VIP, aby uzyska\u0107 maksymalne korzy\u015bci.<\/li>\n<\/ul>\n<p>Interfejs jest \u0142atwy w obs\u0142udze i pozwala zarz\u0105dza\u0107 preferencjami dotycz\u0105cymi gier w bezpieczny i skuteczny spos\u00f3b. Mamy nadziej\u0119, \u017ce na swoim koncie znajdziesz wiele przydatnych informacji.<\/p>\n<h3>Nie pami\u0119tasz has\u0142a?<\/h3>\n<p>W przypadku utraty has\u0142a logowania do Bonuskong mo\u017cna je \u0142atwo zresetowa\u0107:<\/p>\n<table>\n<tbody>\n<tr>\n<td>Krok<\/td>\n<td>Czynno\u015b\u0107<\/td>\n<td>Opis<\/td>\n<\/tr>\n<tr>\n<td>1<\/td>\n<td>Kliknij link \u201eNie pami\u0119tasz has\u0142a?\u201d.<\/td>\n<td>Znajduje si\u0119 on na stronie logowania Bonuskong i rozpoczyna proces.<\/td>\n<\/tr>\n<tr>\n<td>2<\/td>\n<td>Wprowad\u017a sw\u00f3j zarejestrowany adres e-mail<\/td>\n<td>Podaj adres e-mail powi\u0105zany z Twoim kontem.<\/td>\n<\/tr>\n<tr>\n<td>3<\/td>\n<td>Post\u0119puj zgodnie z instrukcjami zawartymi w wiadomo\u015bci e-mail<\/td>\n<td>Sprawd\u017a skrzynk\u0119 odbiorcz\u0105, aby uzyska\u0107 instrukcje i zresetowa\u0107 has\u0142o.<\/td>\n<\/tr>\n<\/tbody>\n<\/table>\n<p>Proces ten gwarantuje szybkie przywr\u00f3cenie dost\u0119pu oraz wysokie standardy bezpiecze\u0144stwa. Zesp\u00f3\u0142 pomocy technicznej jest dost\u0119pny na czacie na \u017cywo lub przez e-mail, aby pom\u00f3c Ci w ka\u017cdej chwili.<\/p>\n<h3>Weryfikacja konta i \u015brodki bezpiecze\u0144stwa w kasynie Bonuskong<\/h3>\n<p>Bonuskong Casino stosuje rygorystyczn\u0105 polityk\u0119 weryfikacji w celu zapewnienia bezpiecznego \u015brodowiska gry. Gracze musz\u0105 potwierdzi\u0107 swoj\u0105 to\u017csamo\u015b\u0107 i przes\u0142a\u0107 nam oficjalne dokumenty, takie jak rachunki za media i dokumenty to\u017csamo\u015bci wydane przez organy pa\u0144stwowe. \u015arodek ten jest niezb\u0119dny do spe\u0142nienia wymaga\u0144 regulaminu naszego kasyna Bonus Kong. Walczymy z oszustwami i pomagamy wszystkim graczom unikn\u0105\u0107 oszustw i zabezpieczy\u0107 swoje konta.<\/p>\n<p>Aby chroni\u0107 dane osobowe i transakcyjne, nasza platforma wykorzystuje kilka system\u00f3w bezpiecze\u0144stwa, takich jak szyfrowanie AES i SSL, zapory ogniowe i sta\u0142y nadz\u00f3r. Graczom zaleca si\u0119 w\u0142\u0105czenie 2FA i regularn\u0105 aktualizacj\u0119 danych konta. Aktualizowanie danych kontaktowych i przej\u015bcie przez proces weryfikacji u\u0142atwia szybkie wyp\u0142aty i odzyskiwanie kont.<\/p>\n<h2>FAQ<\/h2>\n<h3>Jak zaktualizowa\u0107 has\u0142o lub adres e-mail?<\/h3>\n<p>Je\u015bli chcesz zmieni\u0107 has\u0142o lub adres e-mail w kasynie Bonuskong, zaloguj si\u0119 na swoje konto i przejd\u017a do zarz\u0105dzania kontem. Kliknij opcj\u0119 aktualizacji danych logowania do Bonuskong, wpisz nowe informacje i zweryfikuj je, wykonuj\u0105c kilka krok\u00f3w. Nasze \u015brodki bezpiecze\u0144stwa pozwalaj\u0105 na dokonywanie takich aktualizacji wy\u0142\u0105cznie uprawnionym u\u017cytkownikom.<\/p>\n<h3>Co nale\u017cy zrobi\u0107, je\u015bli moje konto zosta\u0142o zablokowane?<\/h3>\n<p>Takie sytuacje zdarzaj\u0105 si\u0119 rzadko i musz\u0105 mie\u0107 swoj\u0105 przyczyn\u0119. Je\u015bli Twoje konto Bonuskong zosta\u0142o zablokowane, znajd\u017a przycisk czatu na \u017cywo z zespo\u0142em pomocy technicznej na stronie kasyna. Proces weryfikacji jest naprawd\u0119 zalecany, je\u015bli chcesz odblokowa\u0107 swoje konto. Prze\u015blij nam wszystkie wymagane dokumenty, aby u\u0142atwi\u0107 proces i zapewni\u0107 zgodno\u015b\u0107 z normami.<\/p>\n<h3>Czy zesp\u00f3\u0142 pomocy technicznej Bonuskong Casino pos\u0142uguje si\u0119 wieloma j\u0119zykami, aby zapewni\u0107 pomoc?<\/h3>\n<p>Kasyno Bonuskong zapewnia wieloj\u0119zyczne wsparcie, aby zaspokoi\u0107 potrzeby graczy z ca\u0142ego \u015bwiata. Nasz zesp\u00f3\u0142 wsparcia technicznego pracuje 24 godziny na dob\u0119, 7 dni w tygodniu, poprzez czat na \u017cywo. Z pewno\u015bci\u0105 Ci pomo\u017cemy. Skontaktuj si\u0119 z nami, a my udzielimy szybkiej odpowiedzi na problemy zwi\u0105zane z kontem, kwestie techniczne lub obawy dotycz\u0105ce bezpiecze\u0144stwa.<\/p>\n<\/div><\/div><\/p>\n","protected":false},"excerpt":{"rendered":"<p>Logowanie, rejestracja i zarz\u0105dzanie kontem w Bonuskong Bonuskong login zapewnia \u0142atwy dost\u0119p do naszego kasyna online, gdzie mo\u017cna cieszy\u0107 si\u0119 nieko\u0144cz\u0105c\u0105 si\u0119 zabaw\u0105. Jest ono zabezpieczone najnowszymi rozwi\u0105zaniami w zakresie bezpiecze\u0144stwa i zapewnia wygod\u0119 oraz r\u00f3\u017cnorodno\u015b\u0107 gier kasynowych. Polscy u\u017cytkownicy mog\u0105 cieszy\u0107 si\u0119 gr\u0105 w swoje ulubione tytu\u0142y na naszej platformie. Zrobili\u015bmy wszystko, co w [&hellip;]<\/p>\n","protected":false},"author":9,"featured_media":0,"parent":0,"menu_order":0,"comment_status":"closed","ping_status":"closed","template":"template-builder.php","meta":{"_acf_changed":false,"inline_featured_image":false,"footnotes":""},"class_list":["post-1460","page","type-page","status-publish","hentry"],"acf":[],"yoast_head":"<!-- This site is optimized with the Yoast SEO plugin v24.4 - https:\/\/yoast.com\/wordpress\/plugins\/seo\/ -->\n<title>Bonuskong Logowanie \u2013 rejestracja i zarz\u0105dzanie kontem<\/title>\n<meta name=\"description\" content=\"\u0141atwo tw\u00f3rz, zarz\u0105dzaj i weryfikuj swoje konto w kasynie Bonuskong dzi\u0119ki szybkiej rejestracji, p\u0142ynnemu odzyskiwaniu konta i bezpiecznemu zamykaniu konta, zapewniaj\u0105c ochron\u0119 24\/7 poprzez Bonuskong Login.\" \/>\n<meta name=\"robots\" content=\"index, follow, max-snippet:-1, max-image-preview:large, max-video-preview:-1\" \/>\n<link rel=\"canonical\" href=\"https:\/\/bonus-kong.org\/pl\/logowanie-i-rejestracja\/\" \/>\n<meta property=\"og:locale\" content=\"pl_PL\" \/>\n<meta property=\"og:type\" content=\"article\" \/>\n<meta property=\"og:title\" content=\"Bonuskong Logowanie \u2013 rejestracja i zarz\u0105dzanie kontem\" \/>\n<meta property=\"og:description\" content=\"\u0141atwo tw\u00f3rz, zarz\u0105dzaj i weryfikuj swoje konto w kasynie Bonuskong dzi\u0119ki szybkiej rejestracji, p\u0142ynnemu odzyskiwaniu konta i bezpiecznemu zamykaniu konta, zapewniaj\u0105c ochron\u0119 24\/7 poprzez Bonuskong Login.\" \/>\n<meta property=\"og:url\" content=\"https:\/\/bonus-kong.org\/pl\/logowanie-i-rejestracja\/\" \/>\n<meta property=\"og:site_name\" content=\"bonuskong\" \/>\n<meta property=\"article:modified_time\" content=\"2026-02-10T07:39:53+00:00\" \/>\n<meta name=\"twitter:card\" content=\"summary_large_image\" \/>\n<meta name=\"twitter:label1\" content=\"Est. reading time\" \/>\n\t<meta name=\"twitter:data1\" content=\"1 minute\" \/>\n<script type=\"application\/ld+json\" class=\"yoast-schema-graph\">{\"@context\":\"https:\/\/schema.org\",\"@graph\":[{\"@type\":\"WebPage\",\"@id\":\"https:\/\/bonus-kong.org\/pl\/logowanie-i-rejestracja\/\",\"url\":\"https:\/\/bonus-kong.org\/pl\/logowanie-i-rejestracja\/\",\"name\":\"Bonuskong Logowanie \u2013 rejestracja i zarz\u0105dzanie kontem\",\"isPartOf\":{\"@id\":\"https:\/\/bonus-kong.org\/pl\/#website\"},\"datePublished\":\"2026-02-09T13:03:28+00:00\",\"dateModified\":\"2026-02-10T07:39:53+00:00\",\"description\":\"\u0141atwo tw\u00f3rz, zarz\u0105dzaj i weryfikuj swoje konto w kasynie Bonuskong dzi\u0119ki szybkiej rejestracji, p\u0142ynnemu odzyskiwaniu konta i bezpiecznemu zamykaniu konta, zapewniaj\u0105c ochron\u0119 24\/7 poprzez Bonuskong Login.\",\"breadcrumb\":{\"@id\":\"https:\/\/bonus-kong.org\/pl\/logowanie-i-rejestracja\/#breadcrumb\"},\"inLanguage\":\"pl-PL\",\"potentialAction\":[{\"@type\":\"ReadAction\",\"target\":[\"https:\/\/bonus-kong.org\/pl\/logowanie-i-rejestracja\/\"]}]},{\"@type\":\"BreadcrumbList\",\"@id\":\"https:\/\/bonus-kong.org\/pl\/logowanie-i-rejestracja\/#breadcrumb\",\"itemListElement\":[{\"@type\":\"ListItem\",\"position\":1,\"name\":\"Bonuskong\",\"item\":\"https:\/\/bonus-kong.org\/pl\/\"},{\"@type\":\"ListItem\",\"position\":2,\"name\":\"Logowanie i rejestracja\"}]},{\"@type\":\"WebSite\",\"@id\":\"https:\/\/bonus-kong.org\/pl\/#website\",\"url\":\"https:\/\/bonus-kong.org\/pl\/\",\"name\":\"Bonuskong\",\"description\":\"\",\"publisher\":{\"@id\":\"https:\/\/bonus-kong.org\/pl\/#organization\"},\"potentialAction\":[{\"@type\":\"SearchAction\",\"target\":{\"@type\":\"EntryPoint\",\"urlTemplate\":\"https:\/\/bonus-kong.org\/pl\/?s={search_term_string}\"},\"query-input\":{\"@type\":\"PropertyValueSpecification\",\"valueRequired\":true,\"valueName\":\"search_term_string\"}}],\"inLanguage\":\"pl-PL\"},{\"@type\":\"Organization\",\"@id\":\"https:\/\/bonus-kong.org\/pl\/#organization\",\"name\":\"Bonuskong\",\"url\":\"https:\/\/bonus-kong.org\/pl\/\",\"logo\":{\"@type\":\"ImageObject\",\"inLanguage\":\"pl-PL\",\"@id\":\"https:\/\/bonus-kong.org\/pl\/#\/schema\/logo\/image\/\",\"url\":\"https:\/\/bonus-kong.org\/wp-content\/uploads\/2026\/02\/Bonuskong-logo.png\",\"contentUrl\":\"https:\/\/bonus-kong.org\/wp-content\/uploads\/2026\/02\/Bonuskong-logo.png\",\"width\":60,\"height\":24,\"caption\":\"Bonuskong\"},\"image\":{\"@id\":\"https:\/\/bonus-kong.org\/pl\/#\/schema\/logo\/image\/\"}}]}<\/script>\n<!-- \/ Yoast SEO plugin. -->","yoast_head_json":{"title":"Bonuskong Logowanie \u2013 rejestracja i zarz\u0105dzanie kontem","description":"\u0141atwo tw\u00f3rz, zarz\u0105dzaj i weryfikuj swoje konto w kasynie Bonuskong dzi\u0119ki szybkiej rejestracji, p\u0142ynnemu odzyskiwaniu konta i bezpiecznemu zamykaniu konta, zapewniaj\u0105c ochron\u0119 24\/7 poprzez Bonuskong Login.","robots":{"index":"index","follow":"follow","max-snippet":"max-snippet:-1","max-image-preview":"max-image-preview:large","max-video-preview":"max-video-preview:-1"},"canonical":"https:\/\/bonus-kong.org\/pl\/logowanie-i-rejestracja\/","og_locale":"pl_PL","og_type":"article","og_title":"Bonuskong Logowanie \u2013 rejestracja i zarz\u0105dzanie kontem","og_description":"\u0141atwo tw\u00f3rz, zarz\u0105dzaj i weryfikuj swoje konto w kasynie Bonuskong dzi\u0119ki szybkiej rejestracji, p\u0142ynnemu odzyskiwaniu konta i bezpiecznemu zamykaniu konta, zapewniaj\u0105c ochron\u0119 24\/7 poprzez Bonuskong Login.","og_url":"https:\/\/bonus-kong.org\/pl\/logowanie-i-rejestracja\/","og_site_name":"bonuskong","article_modified_time":"2026-02-10T07:39:53+00:00","twitter_card":"summary_large_image","twitter_misc":{"Est. reading time":"1 minute"},"schema":{"@context":"https:\/\/schema.org","@graph":[{"@type":"WebPage","@id":"https:\/\/bonus-kong.org\/pl\/logowanie-i-rejestracja\/","url":"https:\/\/bonus-kong.org\/pl\/logowanie-i-rejestracja\/","name":"Bonuskong Logowanie \u2013 rejestracja i zarz\u0105dzanie kontem","isPartOf":{"@id":"https:\/\/bonus-kong.org\/pl\/#website"},"datePublished":"2026-02-09T13:03:28+00:00","dateModified":"2026-02-10T07:39:53+00:00","description":"\u0141atwo tw\u00f3rz, zarz\u0105dzaj i weryfikuj swoje konto w kasynie Bonuskong dzi\u0119ki szybkiej rejestracji, p\u0142ynnemu odzyskiwaniu konta i bezpiecznemu zamykaniu konta, zapewniaj\u0105c ochron\u0119 24\/7 poprzez Bonuskong Login.","breadcrumb":{"@id":"https:\/\/bonus-kong.org\/pl\/logowanie-i-rejestracja\/#breadcrumb"},"inLanguage":"pl-PL","potentialAction":[{"@type":"ReadAction","target":["https:\/\/bonus-kong.org\/pl\/logowanie-i-rejestracja\/"]}]},{"@type":"BreadcrumbList","@id":"https:\/\/bonus-kong.org\/pl\/logowanie-i-rejestracja\/#breadcrumb","itemListElement":[{"@type":"ListItem","position":1,"name":"Bonuskong","item":"https:\/\/bonus-kong.org\/pl\/"},{"@type":"ListItem","position":2,"name":"Logowanie i rejestracja"}]},{"@type":"WebSite","@id":"https:\/\/bonus-kong.org\/pl\/#website","url":"https:\/\/bonus-kong.org\/pl\/","name":"Bonuskong","description":"","publisher":{"@id":"https:\/\/bonus-kong.org\/pl\/#organization"},"potentialAction":[{"@type":"SearchAction","target":{"@type":"EntryPoint","urlTemplate":"https:\/\/bonus-kong.org\/pl\/?s={search_term_string}"},"query-input":{"@type":"PropertyValueSpecification","valueRequired":true,"valueName":"search_term_string"}}],"inLanguage":"pl-PL"},{"@type":"Organization","@id":"https:\/\/bonus-kong.org\/pl\/#organization","name":"Bonuskong","url":"https:\/\/bonus-kong.org\/pl\/","logo":{"@type":"ImageObject","inLanguage":"pl-PL","@id":"https:\/\/bonus-kong.org\/pl\/#\/schema\/logo\/image\/","url":"https:\/\/bonus-kong.org\/wp-content\/uploads\/2026\/02\/Bonuskong-logo.png","contentUrl":"https:\/\/bonus-kong.org\/wp-content\/uploads\/2026\/02\/Bonuskong-logo.png","width":60,"height":24,"caption":"Bonuskong"},"image":{"@id":"https:\/\/bonus-kong.org\/pl\/#\/schema\/logo\/image\/"}}]}},"_links":{"self":[{"href":"https:\/\/bonus-kong.org\/pl\/wp-json\/wp\/v2\/pages\/1460"}],"collection":[{"href":"https:\/\/bonus-kong.org\/pl\/wp-json\/wp\/v2\/pages"}],"about":[{"href":"https:\/\/bonus-kong.org\/pl\/wp-json\/wp\/v2\/types\/page"}],"author":[{"embeddable":true,"href":"https:\/\/bonus-kong.org\/pl\/wp-json\/wp\/v2\/users\/9"}],"replies":[{"embeddable":true,"href":"https:\/\/bonus-kong.org\/pl\/wp-json\/wp\/v2\/comments?post=1460"}],"version-history":[{"count":2,"href":"https:\/\/bonus-kong.org\/pl\/wp-json\/wp\/v2\/pages\/1460\/revisions"}],"predecessor-version":[{"id":1771,"href":"https:\/\/bonus-kong.org\/pl\/wp-json\/wp\/v2\/pages\/1460\/revisions\/1771"}],"wp:attachment":[{"href":"https:\/\/bonus-kong.org\/pl\/wp-json\/wp\/v2\/media?parent=1460"}],"curies":[{"name":"wp","href":"https:\/\/api.w.org\/{rel}","templated":true}]}}